{"id":170,"date":"2025-09-30T20:55:55","date_gmt":"2025-09-30T20:55:55","guid":{"rendered":"https:\/\/lightgray-crow-170497.hostingersite.com\/?post_type=product&#038;p=170"},"modified":"2025-09-30T20:55:55","modified_gmt":"2025-09-30T20:55:55","slug":"rm-650-v-gasoline-lawnmower","status":"publish","type":"product","link":"https:\/\/routinesfashione.com\/nl\/produit\/rm-650-v-gasoline-lawnmower\/","title":{"rendered":"Tondeuse \u00e0 gazon \u00e0 essence RM 650 V"},"content":{"rendered":"<h3 data-start=\"139\" data-end=\"174\"><strong data-start=\"146\" data-end=\"172\">Description du produit<\/strong><\/h3>\n<p data-start=\"175\" data-end=\"658\">La <strong data-start=\"178\" data-end=\"196\">Stihl RM 650 V<\/strong> est une tondeuse \u00e0 gazon thermique haut de gamme con\u00e7ue pour l\u2019entretien efficace des pelouses de grande taille. Dot\u00e9e d\u2019un <strong data-start=\"321\" data-end=\"340\">moteur puissant<\/strong>, d\u2019un <strong data-start=\"347\" data-end=\"390\">syst\u00e8me d\u2019avancement \u00e0 vitesse variable<\/strong> et d\u2019un <strong data-start=\"399\" data-end=\"430\">carter en aluminium robuste<\/strong>, elle garantit une tonte rapide et confortable m\u00eame sur les terrains exigeants. Gr\u00e2ce \u00e0 son syst\u00e8me <strong data-start=\"531\" data-end=\"541\">3-en-1<\/strong> (ramassage, \u00e9jection arri\u00e8re, mulching), elle offre une polyvalence maximale pour un gazon parfaitement entretenu.<\/p>\n<hr data-start=\"660\" data-end=\"663\" \/>\n<h3 data-start=\"665\" data-end=\"705\"><strong data-start=\"672\" data-end=\"703\">Caract\u00e9ristiques techniques<\/strong><\/h3>\n<div class=\"_tableContainer_1rjym_1\">\n<div class=\"group _tableWrapper_1rjym_13 flex w-fit flex-col-reverse\" tabindex=\"-1\">\n<table class=\"w-fit min-w-(--thread-content-width)\" data-start=\"707\" data-end=\"1591\">\n<thead data-start=\"707\" data-end=\"743\">\n<tr data-start=\"707\" data-end=\"743\">\n<th data-start=\"707\" data-end=\"729\" data-col-size=\"sm\"><strong data-start=\"709\" data-end=\"728\">Caract\u00e9ristique<\/strong><\/th>\n<th data-start=\"729\" data-end=\"743\" data-col-size=\"md\"><strong data-start=\"731\" data-end=\"741\">D\u00e9tail<\/strong><\/th>\n<\/tr>\n<\/thead>\n<tbody data-start=\"781\" data-end=\"1591\">\n<tr data-start=\"781\" data-end=\"836\">\n<td data-start=\"781\" data-end=\"792\" data-col-size=\"sm\"><strong data-start=\"783\" data-end=\"791\">Type<\/strong><\/td>\n<td data-start=\"792\" data-end=\"836\" data-col-size=\"md\">Tondeuse \u00e0 gazon thermique autopropuls\u00e9e<\/td>\n<\/tr>\n<tr data-start=\"837\" data-end=\"868\">\n<td data-start=\"837\" data-end=\"850\" data-col-size=\"sm\"><strong data-start=\"839\" data-end=\"849\">Mod\u00e8le<\/strong><\/td>\n<td data-start=\"850\" data-end=\"868\" data-col-size=\"md\">Stihl RM 650 V<\/td>\n<\/tr>\n<tr data-start=\"869\" data-end=\"920\">\n<td data-start=\"869\" data-end=\"892\" data-col-size=\"sm\"><strong data-start=\"871\" data-end=\"891\">Source d\u2019\u00e9nergie<\/strong><\/td>\n<td data-start=\"892\" data-end=\"920\" data-col-size=\"md\">Essence \u2013 moteur 4 temps<\/td>\n<\/tr>\n<tr data-start=\"921\" data-end=\"998\">\n<td data-start=\"921\" data-end=\"942\" data-col-size=\"sm\"><strong data-start=\"923\" data-end=\"941\">Type de moteur<\/strong><\/td>\n<td data-start=\"942\" data-end=\"998\" data-col-size=\"md\">Kawasaki FJ180V KAI ou Stihl EVC 300 (selon version)<\/td>\n<\/tr>\n<tr data-start=\"999\" data-end=\"1034\">\n<td data-start=\"999\" data-end=\"1015\" data-col-size=\"sm\"><strong data-start=\"1001\" data-end=\"1014\">Cylindr\u00e9e<\/strong><\/td>\n<td data-start=\"1015\" data-end=\"1034\" data-col-size=\"md\">Environ 179 cm\u00b3<\/td>\n<\/tr>\n<tr data-start=\"1035\" data-end=\"1067\">\n<td data-start=\"1035\" data-end=\"1058\" data-col-size=\"sm\"><strong data-start=\"1037\" data-end=\"1057\">Largeur de coupe<\/strong><\/td>\n<td data-start=\"1058\" data-end=\"1067\" data-col-size=\"md\">48 cm<\/td>\n<\/tr>\n<tr data-start=\"1068\" data-end=\"1144\">\n<td data-start=\"1068\" data-end=\"1099\" data-col-size=\"sm\"><strong data-start=\"1070\" data-end=\"1098\">R\u00e9glage hauteur de coupe<\/strong><\/td>\n<td data-start=\"1099\" data-end=\"1144\" data-col-size=\"md\">Centralis\u00e9, env. 25 \u2013 85 mm (7 positions)<\/td>\n<\/tr>\n<tr data-start=\"1145\" data-end=\"1227\">\n<td data-start=\"1145\" data-end=\"1180\" data-col-size=\"sm\"><strong data-start=\"1147\" data-end=\"1179\">Capacit\u00e9 du bac de ramassage<\/strong><\/td>\n<td data-start=\"1180\" data-end=\"1227\" data-col-size=\"md\">70 L environ avec indicateur de remplissage<\/td>\n<\/tr>\n<tr data-start=\"1228\" data-end=\"1291\">\n<td data-start=\"1228\" data-end=\"1255\" data-col-size=\"sm\"><strong data-start=\"1230\" data-end=\"1254\">Syst\u00e8me d\u2019avancement<\/strong><\/td>\n<td data-start=\"1255\" data-end=\"1291\" data-col-size=\"md\">Autopropuls\u00e9e \u00e0 vitesse variable<\/td>\n<\/tr>\n<tr data-start=\"1292\" data-end=\"1358\">\n<td data-start=\"1292\" data-end=\"1308\" data-col-size=\"sm\"><strong data-start=\"1294\" data-end=\"1307\">Fonctions<\/strong><\/td>\n<td data-start=\"1308\" data-end=\"1358\" data-col-size=\"md\">3-en-1 : ramassage, \u00e9jection arri\u00e8re, mulching<\/td>\n<\/tr>\n<tr data-start=\"1359\" data-end=\"1439\">\n<td data-start=\"1359\" data-end=\"1384\" data-col-size=\"sm\"><strong data-start=\"1361\" data-end=\"1383\">Mat\u00e9riau du carter<\/strong><\/td>\n<td data-start=\"1384\" data-end=\"1439\" data-col-size=\"md\">Aluminium coul\u00e9 robuste et r\u00e9sistant \u00e0 la corrosion<\/td>\n<\/tr>\n<tr data-start=\"1440\" data-end=\"1491\">\n<td data-start=\"1440\" data-end=\"1453\" data-col-size=\"sm\"><strong data-start=\"1442\" data-end=\"1452\">Guidon<\/strong><\/td>\n<td data-start=\"1453\" data-end=\"1491\" data-col-size=\"md\">Ergonomique, r\u00e9glable et repliable<\/td>\n<\/tr>\n<tr data-start=\"1492\" data-end=\"1518\">\n<td data-start=\"1492\" data-end=\"1504\" data-col-size=\"sm\"><strong data-start=\"1494\" data-end=\"1503\">Poids<\/strong><\/td>\n<td data-start=\"1504\" data-end=\"1518\" data-col-size=\"md\">Env. 45 kg<\/td>\n<\/tr>\n<\/tbody>\n<\/table>\n<\/div>\n<\/div>","protected":false},"excerpt":{"rendered":"<p>Description du produit La Stihl RM 650 V est une tondeuse \u00e0 gazon thermique haut de gamme con\u00e7ue pour l\u2019entretien<\/p>","protected":false},"featured_media":19450,"template":"","meta":[],"product_brand":[],"product_cat":[64],"product_tag":[65],"product_country":[1503],"class_list":{"0":"post-170","1":"product","2":"type-product","3":"status-publish","4":"has-post-thumbnail","6":"product_cat-movers","7":"product_tag-movers","8":"product_country-france","10":"first","11":"instock","12":"sale","13":"taxable","14":"shipping-taxable","15":"purchasable","16":"product-type-simple"},"_links":{"self":[{"href":"https:\/\/routinesfashione.com\/nl\/wp-json\/wp\/v2\/product\/170","targetHints":{"allow":["GET"]}}],"collection":[{"href":"https:\/\/routinesfashione.com\/nl\/wp-json\/wp\/v2\/product"}],"about":[{"href":"https:\/\/routinesfashione.com\/nl\/wp-json\/wp\/v2\/types\/product"}],"wp:featuredmedia":[{"embeddable":true,"href":"https:\/\/routinesfashione.com\/nl\/wp-json\/wp\/v2\/media\/19450"}],"wp:attachment":[{"href":"https:\/\/routinesfashione.com\/nl\/wp-json\/wp\/v2\/media?parent=170"}],"wp:term":[{"taxonomy":"product_brand","embeddable":true,"href":"https:\/\/routinesfashione.com\/nl\/wp-json\/wp\/v2\/product_brand?post=170"},{"taxonomy":"product_cat","embeddable":true,"href":"https:\/\/routinesfashione.com\/nl\/wp-json\/wp\/v2\/product_cat?post=170"},{"taxonomy":"product_tag","embeddable":true,"href":"https:\/\/routinesfashione.com\/nl\/wp-json\/wp\/v2\/product_tag?post=170"},{"taxonomy":"product_country","embeddable":true,"href":"https:\/\/routinesfashione.com\/nl\/wp-json\/wp\/v2\/product_country?post=170"}],"curies":[{"name":"wp","href":"https:\/\/api.w.org\/{rel}","templated":true}]}}