{"id":181,"date":"2025-09-30T20:55:55","date_gmt":"2025-09-30T20:55:55","guid":{"rendered":"https:\/\/lightgray-crow-170497.hostingersite.com\/?post_type=product&#038;p=181"},"modified":"2025-09-30T20:55:55","modified_gmt":"2025-09-30T20:55:55","slug":"worx-landroid-vision-m600-wr206e","status":"publish","type":"product","link":"https:\/\/routinesfashione.com\/nl\/produit\/worx-landroid-vision-m600-wr206e\/","title":{"rendered":"Worx Landroid Vision M600 WR206E"},"content":{"rendered":"<ul class=\"a-unordered-list a-vertical a-spacing-mini\">\n<li class=\"a-spacing-mini\"><span class=\"a-list-item\">Navigation par cam\u00e9ra 4k et ia adaptative : le robot tondeuse vision d\u00e9tecte, identifie et \u00e9vite les obstacles avec sa cam\u00e9ra 4k et son Intelligence Artificielle, m\u00eame sous la pluie ou la nuit (accessoire led en option). il s\u2019adapte aux pentes jusqu\u2019\u00e0 30 % et b\u00e9n\u00e9ficie de mises \u00e0 jour automatiques OTA (wi-fi)<\/span><\/li>\n<li class=\"a-spacing-mini\"><span class=\"a-list-item\">Aucun fil p\u00e9riph\u00e9rique requis : pr\u00eat \u00e0 l\u2019emploi sans c\u00e2ble ni antenne, le robot cartographie votre jardin en un seul tour gr\u00e2ce \u00e0 la technologie AIA et sa cam\u00e9ra \u00e0 reconnaissance visuelle, il optimise ses trajets en toute autonomie, m\u00eame dans les environnements complexes<\/span><\/li>\n<li class=\"a-spacing-mini\"><span class=\"a-list-item\">Reconnaissance visuelle ultra pr\u00e9cise : landroid vision identifie les zones \u00e0 tondre et \u00e9vite les objets, animaux ou plantes sensibles gr\u00e2ce \u00e0 son IA connect\u00e9e \u00e0 une base mondiale partag\u00e9e avec tous les robots vision<\/span><\/li>\n<li class=\"a-spacing-mini\"><span class=\"a-list-item\">Application mobile intuitive : contr\u00f4lez votre robot \u00e0 distance via l\u2019application worx (wifi\/bluetooth), g\u00e9rez la tonte multizone, personnalisez les horaires et localisez votre robot en cas de vol (gps en option)<\/span><\/li>\n<li class=\"a-spacing-mini\"><span class=\"a-list-item\">Coupe jusqu\u2019aux bordures : technologie Cut-To-Edge pour une tonte pr\u00e9cise le long des bordures, r\u00e9duisant l\u2019entretien manuel et assurant une finition impeccable<\/span><\/li>\n<li class=\"a-spacing-mini\"><span class=\"a-list-item\">Robot tondeuse personnalisable selon vos besoins : am\u00e9liorez la s\u00e9curit\u00e9 avec l\u2019alarme ou le gps (accessoires en option), tondez la nuit gr\u00e2ce \u00e0 la LED vision et prot\u00e9gez votre robot avec un garage robuste<\/span><\/li>\n<li class=\"a-spacing-mini\"><span class=\"a-list-item\">R\u00e9sistant et silencieux : con\u00e7u pour fonctionner sous la pluie (IPX5) et pendant la nuit, le robot vision offre une tonte discr\u00e8te et efficace sans nuisance pour le voisinage ou les animaux nocturnes<\/span><\/li>\n<\/ul>\n<div class=\"a-row a-expander-container a-expander-inline-container\">\n<div class=\"a-expander-content a-expander-extend-content a-expander-content-expanded\" data-expanded=\"true\">\n<ul class=\"a-unordered-list a-vertical a-spacing-none\">\n<li class=\"a-spacing-mini\"><span class=\"a-list-item\">Batterie POWERSHARE 20V incluse : utilisez la m\u00eame batterie sur plus de 200 outils sans fil worx 20V\/40V\/80V max pour le bricolage et le jardinage pendant l\u2019hivernage<\/span><\/li>\n<li class=\"a-spacing-mini\"><span class=\"a-list-item\">Robot compact : design discret, faible consommation, tonte automatique optimis\u00e9e et technologie intelligente pour un entretien de jardin efficace<\/span><\/li>\n<li class=\"a-spacing-mini\"><span class=\"a-list-item\">Garantie 3 ans (2+1 offerte) sur votre robot tondeuse, sa batterie et son chargeur sous condition d\u2019enregistrement dans les 30 jours sur eu.worx.com, pour plus de s\u00e9r\u00e9nit\u00e9<\/span><\/li>\n<\/ul>\n<\/div>\n<\/div>","protected":false},"excerpt":{"rendered":"<p>Navigation par cam\u00e9ra 4k et ia adaptative : le robot tondeuse vision d\u00e9tecte, identifie et \u00e9vite les obstacles avec sa<\/p>","protected":false},"featured_media":12951,"template":"","meta":[],"product_brand":[],"product_cat":[61],"product_tag":[],"product_country":[1503],"class_list":{"0":"post-181","1":"product","2":"type-product","3":"status-publish","4":"has-post-thumbnail","6":"product_cat-sale-france","7":"product_country-france","9":"first","10":"instock","11":"sale","12":"taxable","13":"shipping-taxable","14":"purchasable","15":"product-type-simple"},"_links":{"self":[{"href":"https:\/\/routinesfashione.com\/nl\/wp-json\/wp\/v2\/product\/181","targetHints":{"allow":["GET"]}}],"collection":[{"href":"https:\/\/routinesfashione.com\/nl\/wp-json\/wp\/v2\/product"}],"about":[{"href":"https:\/\/routinesfashione.com\/nl\/wp-json\/wp\/v2\/types\/product"}],"wp:featuredmedia":[{"embeddable":true,"href":"https:\/\/routinesfashione.com\/nl\/wp-json\/wp\/v2\/media\/12951"}],"wp:attachment":[{"href":"https:\/\/routinesfashione.com\/nl\/wp-json\/wp\/v2\/media?parent=181"}],"wp:term":[{"taxonomy":"product_brand","embeddable":true,"href":"https:\/\/routinesfashione.com\/nl\/wp-json\/wp\/v2\/product_brand?post=181"},{"taxonomy":"product_cat","embeddable":true,"href":"https:\/\/routinesfashione.com\/nl\/wp-json\/wp\/v2\/product_cat?post=181"},{"taxonomy":"product_tag","embeddable":true,"href":"https:\/\/routinesfashione.com\/nl\/wp-json\/wp\/v2\/product_tag?post=181"},{"taxonomy":"product_country","embeddable":true,"href":"https:\/\/routinesfashione.com\/nl\/wp-json\/wp\/v2\/product_country?post=181"}],"curies":[{"name":"wp","href":"https:\/\/api.w.org\/{rel}","templated":true}]}}