{"id":18819,"date":"2025-08-09T16:51:58","date_gmt":"2025-08-09T16:51:58","guid":{"rendered":"https:\/\/lightgray-crow-170497.hostingersite.com\/?post_type=product&#038;p=18819"},"modified":"2025-09-30T21:14:40","modified_gmt":"2025-09-30T21:14:40","slug":"cobertizo-de-madera-con-suelo-tratado-timbela-m343cm343g","status":"publish","type":"product","link":"https:\/\/routinesfashione.com\/nl\/produit\/cobertizo-de-madera-con-suelo-tratado-timbela-m343cm343g\/","title":{"rendered":"Cobertizo de madera con SUELO TRATADO TIMBELA m343c+m343g"},"content":{"rendered":"<ul class=\"a-unordered-list a-vertical a-spacing-mini\">\n<li class=\"a-spacing-mini\"><span class=\"a-list-item\">COBERTURA DE MADERA, IDEAL PARA ESPACIOS ESTRECHOS. Trastero exterior (3,55 m\u00b2) que se adapta a espacios reducidos. Se adapta perfectamente a vallas, muros o bajo \u00e1rboles colgantes. Almacenamiento multiusos para contenedores con ruedas, herramientas de barbacoa, juguetes o bicicletas.<\/span><\/li>\n<li class=\"a-spacing-mini\"><span class=\"a-list-item\">Caseta de jard\u00edn de madera fiable. Directamente del fabricante. Paneles de madera natural de 19 mm de alta calidad. La combinaci\u00f3n de construcci\u00f3n machihembrada y transversal proporciona una caseta de jard\u00edn robusta y duradera.<\/span><\/li>\n<li class=\"a-spacing-mini\"><span class=\"a-list-item\">COBERTURA DE JARD\u00cdN F\u00c1CIL DE MONTAR. Montar tu nueva caseta de jard\u00edn es facil\u00edsimo gracias a la madera precortada y las detalladas instrucciones de montaje (idioma espa\u00f1ol no garantizado). Incluye paneles de techo, fieltro, paneles de suelo tratados, fijaciones, puerta doble con ventanas, cerrojo y herrajes.<\/span><\/li>\n<li class=\"a-spacing-mini\"><span class=\"a-list-item\">TECHO IMPERMEABLE. A diferencia de un cobertizo de techo plano, la lluvia se escurre, manteniendo tus pertenencias secas en el interior. Gracias al robusto techo inclinado de OSB-3, tu cobertizo de jard\u00edn te proteger\u00e1 de las inclemencias del tiempo.<\/span><\/li>\n<li class=\"a-spacing-mini\"><span class=\"a-list-item\">ALMACENAMIENTO EXTERIOR CON GRAN ACCESIBILIDAD. Gracias a las puertas dobles de 1,77 m de altura, entrar y salir de este almac\u00e9n exterior de madera ser\u00e1 muy f\u00e1cil. Las dos ventanas de plexigl\u00e1s mejoran la luminosidad y la visibilidad.<\/span><br \/>\n<table class=\"a-normal a-spacing-micro\">\n<tbody>\n<tr class=\"a-spacing-small po-brand\">\n<td class=\"a-span3\"><span class=\"a-size-base a-text-bold\">Nombre de marca<\/span><\/td>\n<td class=\"a-span9\"><span class=\"a-size-base po-break-word\">TIMBELA<\/span><\/td>\n<\/tr>\n<tr class=\"a-spacing-small po-color\">\n<td class=\"a-span3\"><span class=\"a-size-base a-text-bold\">Color<\/span><\/td>\n<td class=\"a-span9\"><span class=\"a-size-base po-break-word\">Naturaleza<\/span><\/td>\n<\/tr>\n<tr class=\"a-spacing-small po-material\">\n<td class=\"a-span3\"><span class=\"a-size-base a-text-bold\">Material<\/span><\/td>\n<td class=\"a-span9\"><span class=\"a-size-base po-break-word\">Madera de pino abeto<\/span><\/td>\n<\/tr>\n<tr class=\"a-spacing-small po-item_depth_width_height\">\n<td class=\"a-span3\"><span class=\"a-size-base a-text-bold\">Dimensiones del art\u00edculo Pr x An x Al<\/span><\/td>\n<td class=\"a-span9\"><span class=\"a-size-base po-break-word\">2,06D x 2,16W x 2,18H metros<\/span><\/td>\n<\/tr>\n<tr class=\"a-spacing-small po-item_weight\">\n<td class=\"a-span3\"><span class=\"a-size-base a-text-bold\">Peso del art\u00edculo<\/span><\/td>\n<td class=\"a-span9\"><span class=\"a-size-base po-break-word\">252 kilogramos<\/span><\/td>\n<\/tr>\n<tr class=\"a-spacing-small po-style\">\n<td class=\"a-span3\"><span class=\"a-size-base a-text-bold\">Estilo<\/span><\/td>\n<td class=\"a-span9\"><span class=\"a-size-base po-break-word\">Perrera impermeable<\/span><\/td>\n<\/tr>\n<tr class=\"a-spacing-small po-base.material\">\n<td class=\"a-span3\"><span class=\"a-size-base a-text-bold\">Material base<\/span><\/td>\n<td class=\"a-span9\"><span class=\"a-size-base po-break-word\">Madera<\/span><\/td>\n<\/tr>\n<tr class=\"a-spacing-small po-top.material\">\n<td class=\"a-span3\"><span class=\"a-size-base a-text-bold\">Tipo de material superior<\/span><\/td>\n<td class=\"a-span9\"><span class=\"a-size-base po-break-word\">Madera<\/span><\/td>\n<\/tr>\n<tr class=\"a-spacing-small po-water_resistance_level\">\n<td class=\"a-span3\"><span class=\"a-size-base a-text-bold\">Nivel de resistencia al agua<\/span><\/td>\n<td class=\"a-span9\"><span class=\"a-size-base po-break-word\">Resistente al agua<\/span><\/td>\n<\/tr>\n<tr class=\"a-spacing-small po-chamber.depth\">\n<td class=\"a-span3\"><span class=\"a-size-base a-text-bold\">Profundidad de la c\u00e1mara<\/span><\/td>\n<td class=\"a-span9\"><span class=\"a-size-base po-break-word\">522,71 cent\u00edmetros<\/span><\/td>\n<\/tr>\n<\/tbody>\n<\/table>\n<\/li>\n<\/ul>","protected":false},"excerpt":{"rendered":"<p>COBERTURA DE MADERA, IDEAL PARA ESPACIOS ESTRECHOS. Trastero exterior (3,55 m\u00b2) que se adapta a espacios reducidos. Se adapta perfectamente<\/p>","protected":false},"featured_media":18820,"template":"","meta":[],"product_brand":[],"product_cat":[76],"product_tag":[77],"product_country":[1505],"class_list":{"0":"post-18819","1":"product","2":"type-product","3":"status-publish","4":"has-post-thumbnail","6":"product_cat-shed","7":"product_tag-shed","8":"product_country-spain","10":"first","11":"instock","12":"sale","13":"taxable","14":"shipping-taxable","15":"purchasable","16":"product-type-simple"},"_links":{"self":[{"href":"https:\/\/routinesfashione.com\/nl\/wp-json\/wp\/v2\/product\/18819","targetHints":{"allow":["GET"]}}],"collection":[{"href":"https:\/\/routinesfashione.com\/nl\/wp-json\/wp\/v2\/product"}],"about":[{"href":"https:\/\/routinesfashione.com\/nl\/wp-json\/wp\/v2\/types\/product"}],"wp:featuredmedia":[{"embeddable":true,"href":"https:\/\/routinesfashione.com\/nl\/wp-json\/wp\/v2\/media\/18820"}],"wp:attachment":[{"href":"https:\/\/routinesfashione.com\/nl\/wp-json\/wp\/v2\/media?parent=18819"}],"wp:term":[{"taxonomy":"product_brand","embeddable":true,"href":"https:\/\/routinesfashione.com\/nl\/wp-json\/wp\/v2\/product_brand?post=18819"},{"taxonomy":"product_cat","embeddable":true,"href":"https:\/\/routinesfashione.com\/nl\/wp-json\/wp\/v2\/product_cat?post=18819"},{"taxonomy":"product_tag","embeddable":true,"href":"https:\/\/routinesfashione.com\/nl\/wp-json\/wp\/v2\/product_tag?post=18819"},{"taxonomy":"product_country","embeddable":true,"href":"https:\/\/routinesfashione.com\/nl\/wp-json\/wp\/v2\/product_country?post=18819"}],"curies":[{"name":"wp","href":"https:\/\/api.w.org\/{rel}","templated":true}]}}