{"id":18829,"date":"2025-08-09T16:50:02","date_gmt":"2025-08-09T16:50:02","guid":{"rendered":"https:\/\/lightgray-crow-170497.hostingersite.com\/?post_type=product&#038;p=18829"},"modified":"2025-09-30T21:14:41","modified_gmt":"2025-09-30T21:14:41","slug":"outsunny-caseta-de-jardin-258x206x178-cm","status":"publish","type":"product","link":"https:\/\/routinesfashione.com\/nl\/produit\/outsunny-caseta-de-jardin-258x206x178-cm\/","title":{"rendered":"Outsunny Caseta de jard\u00edn 258x206x178 cm"},"content":{"rendered":"<div id=\"featurebullets_feature_div\" class=\"celwidget\" data-feature-name=\"featurebullets\" data-csa-c-type=\"widget\" data-csa-c-content-id=\"featurebullets\" data-csa-c-slot-id=\"featurebullets_feature_div\" data-csa-c-asin=\"B01N0TON8B\" data-csa-c-is-in-initial-active-row=\"false\" data-csa-c-id=\"675dv8-h5xlx0-aag93x-pc46t4\">\n<div id=\"feature-bullets\" class=\"a-section a-spacing-medium a-spacing-top-small\">\n<h1 class=\"a-size-base-plus a-text-bold\">Acerca de este producto<\/h1>\n<ul class=\"a-unordered-list a-vertical a-spacing-mini\">\n<li class=\"a-spacing-mini\"><span class=\"a-list-item\">GRAN ALMACENAJE: Este amplio cobertizo de jard\u00edn cuenta con un gran espacio interior, perfectamente dise\u00f1ado para guardar las herramientas de jardiner\u00eda, accesorios para la piscina, etc.<\/span><\/li>\n<li class=\"a-spacing-mini\"><span class=\"a-list-item\">ACERO GALVANIZADO: Caseta hecha de acero galvanizado con recubrimiento anticorrosi\u00f3n para proporcionar su uso a la intemperie y al paso del tiempo. Estructura resistente con base de acero galvanizado para refuerzo inferior (suelo no incluido). Todas las piezas vienen pre cortadas y pre taladradas<\/span><\/li>\n<li class=\"a-spacing-mini\"><span class=\"a-list-item\">TECHO INCLINADO Y DOBLE PUERTA: El techo inclinado de caseta de jard\u00edn exterior permite que el agua fluya hacia el suelo, evitando que se estanque y se oxide la caseta. Sus dos puertas correderas facilitan el acceso al interior sin obstruir el paso, incluso al mover objetos grandes. Ofrece la opci\u00f3n de cerrarse con candado (no incluido) para mayor seguridad<\/span><\/li>\n<li class=\"a-spacing-mini\"><span class=\"a-list-item\">BUENA VENTILACI\u00d3N: Cuenta con 4 rejillas de ventilaci\u00f3n en la parte superior, dos en la parte frontal y dos en la parte posterior. Garantizan una buena ventilaci\u00f3n, evitando la humedad y la aparici\u00f3n de moho en las herramientas y dem\u00e1s equipos<\/span><\/li>\n<li class=\"a-spacing-mini\"><span class=\"a-list-item\">MEDIDAS TOTALES: 258x206x178 cm (LxANxAL), 243x184x175 cm (LxANxAL)(interior). Se recomienda usar guantes durante la instalaci\u00f3n y montarlo entre al menos 2 personas.<\/span><\/li>\n<\/ul>\n<\/div>\n<\/div>","protected":false},"excerpt":{"rendered":"<p>Acerca de este producto GRAN ALMACENAJE: Este amplio cobertizo de jard\u00edn cuenta con un gran espacio interior, perfectamente dise\u00f1ado para<\/p>","protected":false},"featured_media":27087,"template":"","meta":[],"product_brand":[],"product_cat":[76],"product_tag":[77],"product_country":[1505],"class_list":{"0":"post-18829","1":"product","2":"type-product","3":"status-publish","4":"has-post-thumbnail","6":"product_cat-shed","7":"product_tag-shed","8":"product_country-spain","10":"first","11":"instock","12":"sale","13":"taxable","14":"shipping-taxable","15":"purchasable","16":"product-type-simple"},"_links":{"self":[{"href":"https:\/\/routinesfashione.com\/nl\/wp-json\/wp\/v2\/product\/18829","targetHints":{"allow":["GET"]}}],"collection":[{"href":"https:\/\/routinesfashione.com\/nl\/wp-json\/wp\/v2\/product"}],"about":[{"href":"https:\/\/routinesfashione.com\/nl\/wp-json\/wp\/v2\/types\/product"}],"wp:featuredmedia":[{"embeddable":true,"href":"https:\/\/routinesfashione.com\/nl\/wp-json\/wp\/v2\/media\/27087"}],"wp:attachment":[{"href":"https:\/\/routinesfashione.com\/nl\/wp-json\/wp\/v2\/media?parent=18829"}],"wp:term":[{"taxonomy":"product_brand","embeddable":true,"href":"https:\/\/routinesfashione.com\/nl\/wp-json\/wp\/v2\/product_brand?post=18829"},{"taxonomy":"product_cat","embeddable":true,"href":"https:\/\/routinesfashione.com\/nl\/wp-json\/wp\/v2\/product_cat?post=18829"},{"taxonomy":"product_tag","embeddable":true,"href":"https:\/\/routinesfashione.com\/nl\/wp-json\/wp\/v2\/product_tag?post=18829"},{"taxonomy":"product_country","embeddable":true,"href":"https:\/\/routinesfashione.com\/nl\/wp-json\/wp\/v2\/product_country?post=18829"}],"curies":[{"name":"wp","href":"https:\/\/api.w.org\/{rel}","templated":true}]}}