{"id":18834,"date":"2025-08-09T16:51:00","date_gmt":"2025-08-09T16:51:00","guid":{"rendered":"https:\/\/lightgray-crow-170497.hostingersite.com\/?post_type=product&#038;p=18834"},"modified":"2025-09-30T21:14:41","modified_gmt":"2025-09-30T21:14:41","slug":"cobertizo-de-jardin-de-acero-galvanizado-con-efecto-madera-894-m%c2%b2-adelmo","status":"publish","type":"product","link":"https:\/\/routinesfashione.com\/nl\/produit\/cobertizo-de-jardin-de-acero-galvanizado-con-efecto-madera-894-m%c2%b2-adelmo\/","title":{"rendered":"Cobertizo de jard\u00edn de acero galvanizado con efecto madera &#8211; 8,94 m\u00b2 &#8211; ADELMO"},"content":{"rendered":"<div id=\"description_tab_container\" class=\"tab-content\">\n<div id=\"description_tab_content\" class=\"content active\">\n<div>\n<div class=\"product-content-header\"><strong>Para proteger tu material y ganar espacio de almacenamiento, \u00a1elige ADELMO!<\/strong><\/div>\n<div class=\"product-description--light-container product-description--light-container--with-fade-out expanded\" data-preview-height=\"110\">\n<div class=\"product_description__description\">\n<p>Nuestra caseta de jard\u00edn de metal ADELMO es ideal para almacenar tus herramientas, muebles de jard\u00edn, bicicletas&#8230; \u00a1Y todo lo que se te ocurra! Adem\u00e1s, su acabado amaderado har\u00e1 que se integre f\u00e1cilmente en tu jard\u00edn al tiempo que le aporta un toque moderno y elegante.<\/p>\n<\/div>\n<\/div>\n<\/div>\n<\/div>\n<\/div>\n<div id=\"attributes_tab_container\" class=\"tab-content\">\n<div id=\"attributes_tab_content\" class=\"content active\">\n<div class=\"product-description--full-container\">\n<div class=\"product_description__technical_content\">\n<div class=\"carac\">\n<div class=\"product-description-title-container\">\n<h3>Caracteristicas<\/h3>\n<\/div>\n<ul class=\"feature_list\">\n<li>Color (tono):\u00a0\u00a0Marr\u00f3n, Color natural oscuro<\/li>\n<li>Material:\u00a0\u00a0Acero<\/li>\n<li>Grosor del metal:\u00a0\u00a00.25 mm<\/li>\n<li>Acabado:\u00a0\u00a0Galvanizado<\/li>\n<li>Superficie (m\u00b2):\u00a0\u00a08,25 m\u00b2<\/li>\n<li>Superficie total (m\u00b2):\u00a0\u00a08,94 m\u00b2<\/li>\n<li>Tipo de puerta:\u00a0\u00a0Puerta doble<\/li>\n<li>Sistema de apertura:\u00a0\u00a0Corredero<\/li>\n<li>Tipo de techo:\u00a0\u00a0Doble ca\u00edda<\/li>\n<li>Peso m\u00e1ximo soportado por el techo:\u00a0\u00a050 kg\/m\u00b2<\/li>\n<li>N\u00famero de ventanas:\u00a0\u00a01<\/li>\n<li>Equipamiento incluido:\u00a0\u00a0Pomo, Rejilla de aireaci\u00f3n<\/li>\n<li>Necesita montaje<\/li>\n<li>Espesor del techo:\u00a0\u00a00.25 mm<\/li>\n<li>Proceso de tratamiento:\u00a0\u00a0Galvanizaci\u00f3n<\/li>\n<li>Equipamiento incluido: ventana<\/li>\n<li>Legislaci\u00f3n: Cobertizo &lt; 20m\u00b2: una declaraci\u00f3n previa de obra es suficiente<\/li>\n<\/ul>\n<\/div>\n<div class=\"carac\">\n<div class=\"product-description-title-container\">\n<h3>Dimensiones<\/h3>\n<\/div>\n<div><\/div>\n<ul class=\"feature_list\">\n<li>Ancho:\u00a0\u00a0267 cm<\/li>\n<li>Altura:\u00a0\u00a0221 cm<\/li>\n<li>Profundidad:\u00a0\u00a0309 cm<\/li>\n<li>Largo de la puerta:\u00a0\u00a0117 cm<\/li>\n<li>Altura de la puerta:\u00a0\u00a0181 cm<\/li>\n<li>Longitud total:\u00a0\u00a0277 cm<\/li>\n<\/ul>\n<\/div>\n<\/div>\n<\/div>\n<\/div>\n<\/div>","protected":false},"excerpt":{"rendered":"<p>Para proteger tu material y ganar espacio de almacenamiento, \u00a1elige ADELMO! Nuestra caseta de jard\u00edn de metal ADELMO es ideal<\/p>","protected":false},"featured_media":18835,"template":"","meta":[],"product_brand":[],"product_cat":[76],"product_tag":[77],"product_country":[1505],"class_list":{"0":"post-18834","1":"product","2":"type-product","3":"status-publish","4":"has-post-thumbnail","6":"product_cat-shed","7":"product_tag-shed","8":"product_country-spain","10":"first","11":"instock","12":"sale","13":"taxable","14":"shipping-taxable","15":"purchasable","16":"product-type-simple"},"_links":{"self":[{"href":"https:\/\/routinesfashione.com\/nl\/wp-json\/wp\/v2\/product\/18834","targetHints":{"allow":["GET"]}}],"collection":[{"href":"https:\/\/routinesfashione.com\/nl\/wp-json\/wp\/v2\/product"}],"about":[{"href":"https:\/\/routinesfashione.com\/nl\/wp-json\/wp\/v2\/types\/product"}],"wp:featuredmedia":[{"embeddable":true,"href":"https:\/\/routinesfashione.com\/nl\/wp-json\/wp\/v2\/media\/18835"}],"wp:attachment":[{"href":"https:\/\/routinesfashione.com\/nl\/wp-json\/wp\/v2\/media?parent=18834"}],"wp:term":[{"taxonomy":"product_brand","embeddable":true,"href":"https:\/\/routinesfashione.com\/nl\/wp-json\/wp\/v2\/product_brand?post=18834"},{"taxonomy":"product_cat","embeddable":true,"href":"https:\/\/routinesfashione.com\/nl\/wp-json\/wp\/v2\/product_cat?post=18834"},{"taxonomy":"product_tag","embeddable":true,"href":"https:\/\/routinesfashione.com\/nl\/wp-json\/wp\/v2\/product_tag?post=18834"},{"taxonomy":"product_country","embeddable":true,"href":"https:\/\/routinesfashione.com\/nl\/wp-json\/wp\/v2\/product_country?post=18834"}],"curies":[{"name":"wp","href":"https:\/\/api.w.org\/{rel}","templated":true}]}}