{"id":18915,"date":"2025-08-09T17:40:50","date_gmt":"2025-08-09T17:40:50","guid":{"rendered":"https:\/\/lightgray-crow-170497.hostingersite.com\/?post_type=product&#038;p=18915"},"modified":"2025-09-30T21:14:42","modified_gmt":"2025-09-30T21:14:42","slug":"cobertizo-de-madera-m337-303-x-493-cm-15-m2","status":"publish","type":"product","link":"https:\/\/routinesfashione.com\/nl\/produit\/cobertizo-de-madera-m337-303-x-493-cm-15-m2\/","title":{"rendered":"Cobertizo de madera M337 \u2013 303 x 493 cm \u2013 15 m2"},"content":{"rendered":"<p data-start=\"3259\" data-end=\"3528\"><strong data-start=\"3259\" data-end=\"3398\">Caseta de jard\u00edn de madera\u00a0<\/strong>\u2013 una soluci\u00f3n pr\u00e1ctica y est\u00e9tica para guardar herramientas, bicicletas, maquinaria de jard\u00edn o neum\u00e1ticos. No es solo un cobertizo, sino un espacio amplio que tambi\u00e9n puede utilizarse como taller o para almacenar objetos de temporada.<\/p>\n<p data-start=\"3530\" data-end=\"3742\"><strong data-start=\"3530\" data-end=\"3556\">Estructura resistente:<\/strong>\u00a0la caseta se monta f\u00e1cilmente a partir de paneles prefabricados con tablas de madera de 17 mm de grosor. Su dise\u00f1o permite instalarla junto a una valla o en una zona abierta del jard\u00edn.<\/p>\n<p data-start=\"3744\" data-end=\"3910\"><strong data-start=\"3744\" data-end=\"3770\">Puertas dobles anchas:<\/strong>\u00a0permiten introducir y sacar objetos voluminosos con facilidad, mientras que las ventanas de plexigl\u00e1s proporcionan luz natural al interior.<\/p>\n<p data-start=\"1076\" data-end=\"1631\"><strong>\u00a1Todas las piezas de madera se entregan en su estado natural y deben ser tratadas!<\/strong>\u00a0Al adquirir nuestros impregnantes para madera, a base de agua, y aplicarlos a nuestros productos, \u00a1obtendr\u00e1 3 a\u00f1os adicionales de garant\u00eda para las partes de madera del producto! El kit de impregnaci\u00f3n est\u00e1 compuesto por un impregnante de madera de color blanco para pintar el interior de la caba\u00f1a y un impregnante de madera en el color que elija para pintar el exterior. \u00a1Set de brochas de regalo!\u00a0<em>Para este producto, elija el kit de impregnaci\u00f3n de 10L + 10L.<\/em><\/p>\n<p data-start=\"1633\" data-end=\"1831\"><strong>ACCESORIOS ADICIONALES:<\/strong>\u00a0para una mayor protecci\u00f3n contra las condiciones clim\u00e1ticas, le sugerimos comprar un juego de tejas bituminosas.<\/p>","protected":false},"excerpt":{"rendered":"<p>Caseta de jard\u00edn de madera\u00a0\u2013 una soluci\u00f3n pr\u00e1ctica y est\u00e9tica para guardar herramientas, bicicletas, maquinaria de jard\u00edn o neum\u00e1ticos. No<\/p>","protected":false},"featured_media":18916,"template":"","meta":[],"product_brand":[],"product_cat":[76],"product_tag":[77],"product_country":[1505],"class_list":{"0":"post-18915","1":"product","2":"type-product","3":"status-publish","4":"has-post-thumbnail","6":"product_cat-shed","7":"product_tag-shed","8":"product_country-spain","10":"first","11":"instock","12":"sale","13":"taxable","14":"shipping-taxable","15":"purchasable","16":"product-type-simple"},"_links":{"self":[{"href":"https:\/\/routinesfashione.com\/nl\/wp-json\/wp\/v2\/product\/18915","targetHints":{"allow":["GET"]}}],"collection":[{"href":"https:\/\/routinesfashione.com\/nl\/wp-json\/wp\/v2\/product"}],"about":[{"href":"https:\/\/routinesfashione.com\/nl\/wp-json\/wp\/v2\/types\/product"}],"wp:featuredmedia":[{"embeddable":true,"href":"https:\/\/routinesfashione.com\/nl\/wp-json\/wp\/v2\/media\/18916"}],"wp:attachment":[{"href":"https:\/\/routinesfashione.com\/nl\/wp-json\/wp\/v2\/media?parent=18915"}],"wp:term":[{"taxonomy":"product_brand","embeddable":true,"href":"https:\/\/routinesfashione.com\/nl\/wp-json\/wp\/v2\/product_brand?post=18915"},{"taxonomy":"product_cat","embeddable":true,"href":"https:\/\/routinesfashione.com\/nl\/wp-json\/wp\/v2\/product_cat?post=18915"},{"taxonomy":"product_tag","embeddable":true,"href":"https:\/\/routinesfashione.com\/nl\/wp-json\/wp\/v2\/product_tag?post=18915"},{"taxonomy":"product_country","embeddable":true,"href":"https:\/\/routinesfashione.com\/nl\/wp-json\/wp\/v2\/product_country?post=18915"}],"curies":[{"name":"wp","href":"https:\/\/api.w.org\/{rel}","templated":true}]}}