{"id":18939,"date":"2025-08-09T17:54:12","date_gmt":"2025-08-09T17:54:12","guid":{"rendered":"https:\/\/lightgray-crow-170497.hostingersite.com\/?post_type=product&#038;p=18939"},"modified":"2025-09-30T21:14:44","modified_gmt":"2025-09-30T21:14:44","slug":"cobertizo-con-techo-a-dos-aguas-acero-cimentacion-incluida-214-x-130-x-185-cm","status":"publish","type":"product","link":"https:\/\/routinesfashione.com\/nl\/produit\/cobertizo-con-techo-a-dos-aguas-acero-cimentacion-incluida-214-x-130-x-185-cm\/","title":{"rendered":"Cobertizo con techo a dos aguas &#8211; acero, cimentaci\u00f3n incluida, 214 x 130 x 185 cm"},"content":{"rendered":"<h1 class=\"a-size-base-plus a-text-bold\">Acerca de este producto<\/h1>\n<ul class=\"a-unordered-list a-vertical a-spacing-mini\">\n<li class=\"a-spacing-mini\"><span class=\"a-list-item\"># Un cobertizo de jard\u00edn completo # Este cobertizo combina la practicidad con la belleza. Gracias a las combinaciones de colores cl\u00e1sicos y bonitos, este cobertizo crea un ambiente moderno para su jard\u00edn. Completo con suelo de metal incluido, puede construir un cobertizo de jard\u00edn completo y estable.<\/span><\/li>\n<li class=\"a-spacing-mini\"><span class=\"a-list-item\"># Material de alta calidad y larga duraci\u00f3n # Fabricada principalmente con chapa de acero galvanizado y chapa de acero con revestimiento de color, esta caseta de herramientas tiene una gran estabilidad dimensional y una fuerte resistencia. Adem\u00e1s, el material resistente al agua le confiere una vida \u00fatil extra larga.<\/span><\/li>\n<li class=\"a-spacing-mini\"><span class=\"a-list-item\"># Gran espacio de almacenamiento # Con unas dimensiones exteriores de 213 x 127 x 185 cm, esta caseta de herramientas ofrece un espacio interior de aproximadamente 2,7 m\u00b3, lo que a\u00f1ade suficiente espacio de almacenamiento a su jard\u00edn. As\u00ed, todos sus utensilios de jard\u00edn pueden encontrar un lugar perfecto en el interior.<\/span><\/li>\n<li class=\"a-spacing-mini\"><span class=\"a-list-item\"># Techo a dos aguas para una s\u00f3lida protecci\u00f3n contra la lluvia # Esta caseta de jard\u00edn est\u00e1 equipada con un techo a dos aguas, que permite que el agua de lluvia fluya c\u00f3modamente por la parte trasera. Adem\u00e1s, entra m\u00e1s luz natural en el interior gracias al tejado a dos aguas. Unida con un robusto \u00e1ngulo de acero, esta caseta de jard\u00edn es extremadamente estable y, por tanto, resistente al viento.<\/span><\/li>\n<li class=\"a-spacing-mini\"><span class=\"a-list-item\"># F\u00e1cil acceso al interior a trav\u00e9s de 2 puertas # Esta caseta de jard\u00edn tiene 2 puertas correderas f\u00e1ciles de mover que, con sus dimensiones de 96 x 152 cm, garantizan un f\u00e1cil acceso al interior. Incluso en condiciones de nieve, las puertas se pueden abrir f\u00e1cilmente. Adem\u00e1s, las 2 persianas garantizan una buena circulaci\u00f3n del aire.<\/span><\/li>\n<\/ul>","protected":false},"excerpt":{"rendered":"<p>Acerca de este producto # Un cobertizo de jard\u00edn completo # Este cobertizo combina la practicidad con la belleza. Gracias<\/p>","protected":false},"featured_media":18940,"template":"","meta":[],"product_brand":[],"product_cat":[76],"product_tag":[77],"product_country":[1505],"class_list":{"0":"post-18939","1":"product","2":"type-product","3":"status-publish","4":"has-post-thumbnail","6":"product_cat-shed","7":"product_tag-shed","8":"product_country-spain","10":"first","11":"instock","12":"sale","13":"taxable","14":"shipping-taxable","15":"purchasable","16":"product-type-simple"},"_links":{"self":[{"href":"https:\/\/routinesfashione.com\/nl\/wp-json\/wp\/v2\/product\/18939","targetHints":{"allow":["GET"]}}],"collection":[{"href":"https:\/\/routinesfashione.com\/nl\/wp-json\/wp\/v2\/product"}],"about":[{"href":"https:\/\/routinesfashione.com\/nl\/wp-json\/wp\/v2\/types\/product"}],"wp:featuredmedia":[{"embeddable":true,"href":"https:\/\/routinesfashione.com\/nl\/wp-json\/wp\/v2\/media\/18940"}],"wp:attachment":[{"href":"https:\/\/routinesfashione.com\/nl\/wp-json\/wp\/v2\/media?parent=18939"}],"wp:term":[{"taxonomy":"product_brand","embeddable":true,"href":"https:\/\/routinesfashione.com\/nl\/wp-json\/wp\/v2\/product_brand?post=18939"},{"taxonomy":"product_cat","embeddable":true,"href":"https:\/\/routinesfashione.com\/nl\/wp-json\/wp\/v2\/product_cat?post=18939"},{"taxonomy":"product_tag","embeddable":true,"href":"https:\/\/routinesfashione.com\/nl\/wp-json\/wp\/v2\/product_tag?post=18939"},{"taxonomy":"product_country","embeddable":true,"href":"https:\/\/routinesfashione.com\/nl\/wp-json\/wp\/v2\/product_country?post=18939"}],"curies":[{"name":"wp","href":"https:\/\/api.w.org\/{rel}","templated":true}]}}