{"id":18983,"date":"2025-08-09T18:27:50","date_gmt":"2025-08-09T18:27:50","guid":{"rendered":"https:\/\/lightgray-crow-170497.hostingersite.com\/?post_type=product&#038;p=18983"},"modified":"2025-09-30T21:14:48","modified_gmt":"2025-09-30T21:14:48","slug":"cobertizo-de-madera-nicia-moderne-3-9-m2","status":"publish","type":"product","link":"https:\/\/routinesfashione.com\/nl\/produit\/cobertizo-de-madera-nicia-moderne-3-9-m2\/","title":{"rendered":"Cobertizo de madera Nicia Moderne 3.9 M2"},"content":{"rendered":"<p>Fabricada con tablones de Pinea Picea n\u00f3rdica de 28mm<\/p>\n<p>Madera siempre procedente de bosques certificados por FSC\u00ae.<\/p>\n<p>Medidas son 248x198xH219 cm.<\/p>\n<p>Espacio habitable 3.9 m2<\/p>\n<p>Espacio ocupado 4.91 m2<\/p>\n<p>Su techo de listones de 18 mm refuerzan su solidez, especialmente porque el fieltro bituminoso que lo recubre proporciona un buen aislamiento contra la lluvia y gran resistencia frente al viento.<\/p>\n<p>Se incluyen lamas antitormentas para reforzar la uni\u00f3n con la estructura de la caseta.<\/p>\n<p>La caseta tiene 2 rejillas de ventilaci\u00f3n que permiten la circulaci\u00f3n del aire y evitan la condensaci\u00f3n y la posible formaci\u00f3n de moho en el interior de la estructura.<\/p>\n<p>La puerta de paso es de 75 cm de ancho por 1,79 m de alto<\/p>\n<p>La puerta de carpinter\u00eda est\u00e1 equipada con una ventana con acristalamiento de 4 mm de espesor que permite el paso de la luz.<\/p>\n<p>Dispone de una cerradura de cilindro que garantiza total seguridad. Sus herrajes son galvanizados y de acero inoxidable.<\/p>\n<p>Tratamiento antes del montaje: Antes del montaje, debe aplic\u00e1rsele un tratamiento preventivo para madera de exteriores con un producto fungicida e insecticida.<\/p>\n<p>Tratamiento despu\u00e9s de montaje: Una vez montada, se debe realizar barnizado (2 capas) con un producto microporoso, hidr\u00f3fugo y anti UV<\/p>\n<p>Recomendaci\u00f3n: Realizar cada dos a\u00f1os el tratamiento de barnizado con producto microporoso, hidr\u00f3fugo y anti UV.<\/p>\n<p>&nbsp;<\/p>","protected":false},"excerpt":{"rendered":"<p>Fabricada con tablones de Pinea Picea n\u00f3rdica de 28mm Madera siempre procedente de bosques certificados por FSC\u00ae. Medidas son 248x198xH219<\/p>","protected":false},"featured_media":18984,"template":"","meta":[],"product_brand":[],"product_cat":[76],"product_tag":[77],"product_country":[1505],"class_list":{"0":"post-18983","1":"product","2":"type-product","3":"status-publish","4":"has-post-thumbnail","6":"product_cat-shed","7":"product_tag-shed","8":"product_country-spain","10":"first","11":"instock","12":"sale","13":"taxable","14":"shipping-taxable","15":"purchasable","16":"product-type-simple"},"_links":{"self":[{"href":"https:\/\/routinesfashione.com\/nl\/wp-json\/wp\/v2\/product\/18983","targetHints":{"allow":["GET"]}}],"collection":[{"href":"https:\/\/routinesfashione.com\/nl\/wp-json\/wp\/v2\/product"}],"about":[{"href":"https:\/\/routinesfashione.com\/nl\/wp-json\/wp\/v2\/types\/product"}],"wp:featuredmedia":[{"embeddable":true,"href":"https:\/\/routinesfashione.com\/nl\/wp-json\/wp\/v2\/media\/18984"}],"wp:attachment":[{"href":"https:\/\/routinesfashione.com\/nl\/wp-json\/wp\/v2\/media?parent=18983"}],"wp:term":[{"taxonomy":"product_brand","embeddable":true,"href":"https:\/\/routinesfashione.com\/nl\/wp-json\/wp\/v2\/product_brand?post=18983"},{"taxonomy":"product_cat","embeddable":true,"href":"https:\/\/routinesfashione.com\/nl\/wp-json\/wp\/v2\/product_cat?post=18983"},{"taxonomy":"product_tag","embeddable":true,"href":"https:\/\/routinesfashione.com\/nl\/wp-json\/wp\/v2\/product_tag?post=18983"},{"taxonomy":"product_country","embeddable":true,"href":"https:\/\/routinesfashione.com\/nl\/wp-json\/wp\/v2\/product_country?post=18983"}],"curies":[{"name":"wp","href":"https:\/\/api.w.org\/{rel}","templated":true}]}}