{"id":19043,"date":"2025-08-09T19:31:34","date_gmt":"2025-08-09T19:31:34","guid":{"rendered":"https:\/\/lightgray-crow-170497.hostingersite.com\/?post_type=product&#038;p=19043"},"modified":"2025-09-30T21:14:54","modified_gmt":"2025-09-30T21:14:54","slug":"cobertizo-para-jardin-gris-blanco","status":"publish","type":"product","link":"https:\/\/routinesfashione.com\/nl\/produit\/cobertizo-para-jardin-gris-blanco\/","title":{"rendered":"cobertizo para jard\u00edn gris\/blanco"},"content":{"rendered":"<p>Cobertizo muy amplio para guardar bajo llave sus herramientas, utensilios de jardiner\u00eda y muebles de jard\u00edn. No s\u00f3lo protege de la lluvia y el viento, tambi\u00e9n del polvo y la suciedad. En la puerta corredera puede poner un candado de seguridad para evitar robos. Gracias a la chapa de acero lacada, el cobertizo es duradero y no necesita mantenimiento. La base de metal ofrece una alta estabilidad. Puede poner una lona u otro tipo de suelo para aislar los utensilios o el mobiliario. La puerta corredera facilita el acceso y proporciona mayor espacio en el interior. Montaje muy f\u00e1cil y r\u00e1pido por piezas. Un cobertizo atemporal y vers\u00e1til para su jard\u00edn.<\/p>\n<p><b>Detalles t\u00e9cnicos:<\/b><\/p>\n<ul>\n<li>Medidas totales (ancho x fondo x alto): 213 x 130 x 173 cm<\/li>\n<li>Altura total: 170 cm<\/li>\n<li>Altura canal\u00f3n: 151 cm<\/li>\n<li>Interior (ancho x fondo x alto): 200 x 115 x 169 cm<\/li>\n<li>Dimensiones de la entrada (alto x ancho): aprox. 150 x 93 cm<\/li>\n<li>Metros c\u00fabicos (superficie): aprox. 4 m\u00b3<\/li>\n<li>Peso: aprox. 52 kg<\/li>\n<li>Material: chapa de acero lacada, piezas de pl\u00e1stico<\/li>\n<\/ul>\n<p><b>Componentes del env\u00edo:<\/b><\/p>\n<ul>\n<li>1 cobertizo para montar<\/li>\n<li>1 manual de montaje con ilustraciones<\/li>\n<\/ul>","protected":false},"excerpt":{"rendered":"<p>Cobertizo muy amplio para guardar bajo llave sus herramientas, utensilios de jardiner\u00eda y muebles de jard\u00edn. No s\u00f3lo protege de<\/p>","protected":false},"featured_media":19044,"template":"","meta":[],"product_brand":[],"product_cat":[76],"product_tag":[77],"product_country":[1505],"class_list":{"0":"post-19043","1":"product","2":"type-product","3":"status-publish","4":"has-post-thumbnail","6":"product_cat-shed","7":"product_tag-shed","8":"product_country-spain","10":"first","11":"instock","12":"sale","13":"taxable","14":"shipping-taxable","15":"purchasable","16":"product-type-simple"},"_links":{"self":[{"href":"https:\/\/routinesfashione.com\/nl\/wp-json\/wp\/v2\/product\/19043","targetHints":{"allow":["GET"]}}],"collection":[{"href":"https:\/\/routinesfashione.com\/nl\/wp-json\/wp\/v2\/product"}],"about":[{"href":"https:\/\/routinesfashione.com\/nl\/wp-json\/wp\/v2\/types\/product"}],"wp:featuredmedia":[{"embeddable":true,"href":"https:\/\/routinesfashione.com\/nl\/wp-json\/wp\/v2\/media\/19044"}],"wp:attachment":[{"href":"https:\/\/routinesfashione.com\/nl\/wp-json\/wp\/v2\/media?parent=19043"}],"wp:term":[{"taxonomy":"product_brand","embeddable":true,"href":"https:\/\/routinesfashione.com\/nl\/wp-json\/wp\/v2\/product_brand?post=19043"},{"taxonomy":"product_cat","embeddable":true,"href":"https:\/\/routinesfashione.com\/nl\/wp-json\/wp\/v2\/product_cat?post=19043"},{"taxonomy":"product_tag","embeddable":true,"href":"https:\/\/routinesfashione.com\/nl\/wp-json\/wp\/v2\/product_tag?post=19043"},{"taxonomy":"product_country","embeddable":true,"href":"https:\/\/routinesfashione.com\/nl\/wp-json\/wp\/v2\/product_country?post=19043"}],"curies":[{"name":"wp","href":"https:\/\/api.w.org\/{rel}","templated":true}]}}