{"id":19076,"date":"2025-08-09T19:57:54","date_gmt":"2025-08-09T19:57:54","guid":{"rendered":"https:\/\/lightgray-crow-170497.hostingersite.com\/?post_type=product&#038;p=19076"},"modified":"2025-09-30T21:14:57","modified_gmt":"2025-09-30T21:14:57","slug":"outsunny-cenador-de-jardin-4x3-m-de-aluminio-con-techo-de-ventilacion","status":"publish","type":"product","link":"https:\/\/routinesfashione.com\/nl\/produit\/outsunny-cenador-de-jardin-4x3-m-de-aluminio-con-techo-de-ventilacion\/","title":{"rendered":"Outsunny Cenador de jard\u00edn 4&#215;3 m de Aluminio con Techo de Ventilaci\u00f3n"},"content":{"rendered":"<h1 class=\"a-size-base-plus a-text-bold\">Acerca de este producto<\/h1>\n<ul class=\"a-unordered-list a-vertical a-spacing-mini\">\n<li class=\"a-spacing-mini\"><span class=\"a-list-item\">TECHO VENTILADO: Este pabell\u00f3n de jard\u00edn cuenta con una cubierta de poli\u00e9ster de 180 g\/m\u00b2 con revestimiento de PA de doble techo, que ofrece un espacio abierto para que circule el aire y ofrezca mayor ventilaci\u00f3n y a la vez resistencia en caso de viento. Tiene 8 orificios de drenaje que evitan la acumulaci\u00f3n de agua<\/span><\/li>\n<li class=\"a-spacing-mini\"><span class=\"a-list-item\">ESTRUCTURA RESISTENTE: Resistente y estable, la estructura de este gazebo met\u00e1lico cuenta con un revestimiento en polvo que garantiza mayor resistencia a la intemperie y la corrosi\u00f3n. Cuenta con 8 piquetas para fijar el cenador al suelo para mayor estabilidad<\/span><\/li>\n<li class=\"a-spacing-mini\"><span class=\"a-list-item\">CON CORTINAS Y MOSQUITERA: Esta p\u00e9rgola de exterior tiene diferentes opciones para los laterales, ya que cuenta con 4 cortinas de malla antimosquitos y 4 opacas para mayor privacidad. Puedes mantenerlas ambas cerradas, solo una, tenerlas enrolladas en los laterales o quitarlas<\/span><\/li>\n<li class=\"a-spacing-mini\"><span class=\"a-list-item\">M\u00daLTIPLES USOS: Alto y amplio, este cenador ofrece espacio suficiente para reunirte con familia o amigos sin agobios. Ideal para jard\u00edn, patio, terraza u otras zonas exteriores con espacio disponible<\/span><\/li>\n<li class=\"a-spacing-mini\"><span class=\"a-list-item\">MEDIDAS TOTALES: 390x290x280 cm (LxANxAL). Altura del alero: 197 cm. Requiere montaje<\/span><\/li>\n<\/ul>\n<table class=\"a-normal a-spacing-micro\">\n<tbody>\n<tr class=\"a-spacing-small po-brand\">\n<td class=\"a-span3\"><span class=\"a-size-base a-text-bold\">Marca<\/span><\/td>\n<td class=\"a-span9\"><span class=\"a-size-base po-break-word\">Outsunny<\/span><\/td>\n<\/tr>\n<tr class=\"a-spacing-small po-material\">\n<td class=\"a-span3\"><span class=\"a-size-base a-text-bold\">Material<\/span><\/td>\n<td class=\"a-span9\"><span class=\"a-size-base po-break-word\">Aluminio, tela poli\u00e9ster<\/span><\/td>\n<\/tr>\n<tr class=\"a-spacing-small po-style\">\n<td class=\"a-span3\"><span class=\"a-size-base a-text-bold\">Estilo<\/span><\/td>\n<td class=\"a-span9\"><span class=\"a-size-base po-break-word\">Impermeable<\/span><\/td>\n<\/tr>\n<tr class=\"a-spacing-small po-item_length_width_height\">\n<td class=\"a-span3\"><span class=\"a-size-base a-text-bold\">Dimensiones del producto<\/span><\/td>\n<td class=\"a-span9\"><span class=\"a-size-base po-break-word\">3,9l. x 2,9an. x 2,8al. metros<\/span><\/td>\n<\/tr>\n<tr class=\"a-spacing-small po-item_weight\">\n<td class=\"a-span3\"><span class=\"a-size-base a-text-bold\">Peso del producto<\/span><\/td>\n<td class=\"a-span9\"><span class=\"a-size-base po-break-word\">35,5 Kilogramos<\/span><\/td>\n<\/tr>\n<tr class=\"a-spacing-small po-frame.material\">\n<td class=\"a-span3\"><span class=\"a-size-base a-text-bold\">Material del marco<\/span><\/td>\n<td class=\"a-span9\"><span class=\"a-size-base po-break-word\">Aluminio<\/span><\/td>\n<\/tr>\n<tr class=\"a-spacing-small po-water_resistance_level\">\n<td class=\"a-span3\"><span class=\"a-size-base a-text-bold\">Nivel de resistencia al agua<\/span><\/td>\n<td class=\"a-span9\"><span class=\"a-size-base po-break-word\">A prueba de agua<\/span><\/td>\n<\/tr>\n<tr class=\"a-spacing-small po-item_shape\">\n<td class=\"a-span3\"><span class=\"a-size-base a-text-bold\">Forma<\/span><\/td>\n<td class=\"a-span9\"><span class=\"a-size-base po-break-word\">Rectangular<\/span><\/td>\n<\/tr>\n<tr class=\"a-spacing-small po-ultraviolet_light_protection\">\n<td class=\"a-span3\"><span class=\"a-size-base a-text-bold\">Protecci\u00f3n frente a la luz ultravioleta<\/span><\/td>\n<td class=\"a-span9\"><span class=\"a-size-base po-break-word\">resistente a los rayos UV<\/span><\/td>\n<\/tr>\n<tr class=\"a-spacing-small po-is_assembly_required\">\n<td class=\"a-span3\"><span class=\"a-size-base a-text-bold\">Requiere montaje<\/span><\/td>\n<td class=\"a-span9\"><span class=\"a-size-base po-break-word\">S\u00ed<\/span><\/td>\n<\/tr>\n<\/tbody>\n<\/table>","protected":false},"excerpt":{"rendered":"<p>Acerca de este producto TECHO VENTILADO: Este pabell\u00f3n de jard\u00edn cuenta con una cubierta de poli\u00e9ster de 180 g\/m\u00b2 con<\/p>","protected":false},"featured_media":19077,"template":"","meta":[],"product_brand":[],"product_cat":[78],"product_tag":[79],"product_country":[1505],"class_list":{"0":"post-19076","1":"product","2":"type-product","3":"status-publish","4":"has-post-thumbnail","6":"product_cat-gazebos-pergolas","7":"product_tag-gazebos-pergolas","8":"product_country-spain","10":"first","11":"instock","12":"sale","13":"taxable","14":"shipping-taxable","15":"purchasable","16":"product-type-simple"},"_links":{"self":[{"href":"https:\/\/routinesfashione.com\/nl\/wp-json\/wp\/v2\/product\/19076","targetHints":{"allow":["GET"]}}],"collection":[{"href":"https:\/\/routinesfashione.com\/nl\/wp-json\/wp\/v2\/product"}],"about":[{"href":"https:\/\/routinesfashione.com\/nl\/wp-json\/wp\/v2\/types\/product"}],"wp:featuredmedia":[{"embeddable":true,"href":"https:\/\/routinesfashione.com\/nl\/wp-json\/wp\/v2\/media\/19077"}],"wp:attachment":[{"href":"https:\/\/routinesfashione.com\/nl\/wp-json\/wp\/v2\/media?parent=19076"}],"wp:term":[{"taxonomy":"product_brand","embeddable":true,"href":"https:\/\/routinesfashione.com\/nl\/wp-json\/wp\/v2\/product_brand?post=19076"},{"taxonomy":"product_cat","embeddable":true,"href":"https:\/\/routinesfashione.com\/nl\/wp-json\/wp\/v2\/product_cat?post=19076"},{"taxonomy":"product_tag","embeddable":true,"href":"https:\/\/routinesfashione.com\/nl\/wp-json\/wp\/v2\/product_tag?post=19076"},{"taxonomy":"product_country","embeddable":true,"href":"https:\/\/routinesfashione.com\/nl\/wp-json\/wp\/v2\/product_country?post=19076"}],"curies":[{"name":"wp","href":"https:\/\/api.w.org\/{rel}","templated":true}]}}