{"id":19096,"date":"2025-08-09T20:01:46","date_gmt":"2025-08-09T20:01:46","guid":{"rendered":"https:\/\/lightgray-crow-170497.hostingersite.com\/?post_type=product&#038;p=19096"},"modified":"2025-09-30T21:08:09","modified_gmt":"2025-09-30T21:08:09","slug":"pergola-bioclimatica-de-aluminio-y-acero-con-lamas-orientables","status":"publish","type":"product","link":"https:\/\/routinesfashione.com\/nl\/produit\/pergola-bioclimatica-de-aluminio-y-acero-con-lamas-orientables\/","title":{"rendered":"P\u00e9rgola bioclim\u00e1tica de aluminio y acero con lamas orientables"},"content":{"rendered":"<h3 class=\"h4-like text-break mt-4 fs-sm-18\">Disfrute de su jard\u00edn en toda temporada<\/h3>\n<p class=\"p-like mt-3\">Pase momentos agradables y convivenciales en su jard\u00edn gracias a la p\u00e9rgola bioclim\u00e1tica Palace de 3x4m. Esta p\u00e9rgola tiene la especificidad de adaptarse al clima. Le protege de la lluvia en invierno y le permite disfrutar del sol en verano y apreciar su sombra y frescura. La p\u00e9rgola es una instalaci\u00f3n permanente porque se debe fijar en el suelo. No necesita guardarla en invierno, podr\u00e1 disfrutar de ella durante todo el a\u00f1o. Gracias a su dise\u00f1o ligero y elegante, aportar\u00e1 un toque de modernidad a su jard\u00edn. Con sus dimensiones, encontrar\u00e1 f\u00e1cilmente su lugar sobre una mesa de jard\u00edn, un spa o cerca de su piscina.<\/p>\n<h3 class=\"h4-like text-break mt-4 fs-sm-18\">Una estructura s\u00f3lida en aluminio y en acero<\/h3>\n<p class=\"p-like mt-3\">La p\u00e9rgola est\u00e1 dise\u00f1ada con materiales s\u00f3lidos. La estructura del techo y las patas son de aluminio, el cual tiene la ventaja de no oxidarse y resistir a las inclemencias del tiempo y a los rayos UV. Las lamas orientables y los tapones en la parte inferior de las patas son de acero galvanizado. Este tratamiento permite limitar la aparici\u00f3n de \u00f3xido. Para una durabilidad \u00f3ptima, bastar\u00e1 con tratar las zonas con un producto antioxidante adecuado.<\/p>\n<h3 class=\"h4-like text-break mt-4 fs-sm-18\">Sombra, sol y ventilaci\u00f3n: \u00a1a elegir!<\/h3>\n<p class=\"p-like mt-3\">El toldo puede abrirse y cerrarse gracias a sus l\u00e1minas inclinables que se accionan con una manivela. Se compone de 2 filas de l\u00e1minas que pueden ajustarse independientemente una de la otra. Por lo tanto, puede sombrear solo la mitad de la p\u00e9rgola si lo desea.<br \/>\nCompletamente cerrado, ofrece una protecci\u00f3n total contra el sol gracias a sus l\u00e1minas aislantes y su oscurecimiento m\u00e1ximo. Esta p\u00e9rgola es resistente al agua y cuenta con un sistema de drenaje integrado innovador que permite evacuar el agua a trav\u00e9s de los postes.<br \/>\nLas l\u00e1minas orientables permiten tener una ventilaci\u00f3n natural, ligera permaneciendo protegido del sol. Tambi\u00e9n permiten ajustar el flujo luminoso de los rayos del sol.<\/p>\n<p><strong>Informaciones complementarias:<br \/>\n<\/strong>Aunque ofrece protecci\u00f3n contra la lluvia, esta p\u00e9rgola no es un refugio totalmente impermeable.<br \/>\nEsta p\u00e9rgola debe montarse sobre un suelo nivelado.<br \/>\nPara el transporte, algunas piezas de la estructura est\u00e1n guardadas en las patas.<br \/>\nSe recomienda mantener las l\u00e1minas abiertas en caso de ca\u00edda de nieve.<br \/>\nP\u00e9rgola no compatible con los accesorios TRIOMPHE (persianas y cortinas)<\/p>","protected":false},"excerpt":{"rendered":"<p>Disfrute de su jard\u00edn en toda temporada Pase momentos agradables y convivenciales en su jard\u00edn gracias a la p\u00e9rgola bioclim\u00e1tica<\/p>","protected":false},"featured_media":19097,"template":"","meta":[],"product_brand":[],"product_cat":[78],"product_tag":[79],"product_country":[1505],"class_list":{"0":"post-19096","1":"product","2":"type-product","3":"status-publish","4":"has-post-thumbnail","6":"product_cat-gazebos-pergolas","7":"product_tag-gazebos-pergolas","8":"product_country-spain","10":"first","11":"instock","12":"sale","13":"taxable","14":"shipping-taxable","15":"purchasable","16":"product-type-simple"},"_links":{"self":[{"href":"https:\/\/routinesfashione.com\/nl\/wp-json\/wp\/v2\/product\/19096","targetHints":{"allow":["GET"]}}],"collection":[{"href":"https:\/\/routinesfashione.com\/nl\/wp-json\/wp\/v2\/product"}],"about":[{"href":"https:\/\/routinesfashione.com\/nl\/wp-json\/wp\/v2\/types\/product"}],"wp:featuredmedia":[{"embeddable":true,"href":"https:\/\/routinesfashione.com\/nl\/wp-json\/wp\/v2\/media\/19097"}],"wp:attachment":[{"href":"https:\/\/routinesfashione.com\/nl\/wp-json\/wp\/v2\/media?parent=19096"}],"wp:term":[{"taxonomy":"product_brand","embeddable":true,"href":"https:\/\/routinesfashione.com\/nl\/wp-json\/wp\/v2\/product_brand?post=19096"},{"taxonomy":"product_cat","embeddable":true,"href":"https:\/\/routinesfashione.com\/nl\/wp-json\/wp\/v2\/product_cat?post=19096"},{"taxonomy":"product_tag","embeddable":true,"href":"https:\/\/routinesfashione.com\/nl\/wp-json\/wp\/v2\/product_tag?post=19096"},{"taxonomy":"product_country","embeddable":true,"href":"https:\/\/routinesfashione.com\/nl\/wp-json\/wp\/v2\/product_country?post=19096"}],"curies":[{"name":"wp","href":"https:\/\/api.w.org\/{rel}","templated":true}]}}