{"id":192,"date":"2025-09-30T20:55:55","date_gmt":"2025-09-30T20:55:55","guid":{"rendered":"https:\/\/lightgray-crow-170497.hostingersite.com\/?post_type=product&#038;p=192"},"modified":"2025-09-30T20:55:55","modified_gmt":"2025-09-30T20:55:55","slug":"gude-benzine-grasmaaier-trike-5541-r-big-wheeler","status":"publish","type":"product","link":"https:\/\/routinesfashione.com\/nl\/produit\/gude-benzine-grasmaaier-trike-5541-r-big-wheeler\/","title":{"rendered":"Tondeuse \u00e0 gazon \u00e0 essence G\u00fcde Trike 554.1 R Big Wheeler"},"content":{"rendered":"<h2 class=\"default\">Description du produit<\/h2>\n<div id=\"productDescription\" class=\"a-section a-spacing-small\">\n<p>Moteur Power-Engine \u00e0 4 temps &#8211; Ch\u00e2ssis stable en t\u00f4le d&#8217;acier rev\u00eatu par pulv\u00e9risation &#8211; Poign\u00e9e ergonomique r\u00e9glable en hauteur &#8211; 6 niveaux de hauteur de coupe centrale &#8211; Sac de ramassage d&#8217;herbe de 65 litres avec indicateur de niveau &#8211; Roues \u00e0 billes de 300 mm \u00e0 l&#8217;arri\u00e8re et poulie de 175 mm (avec possibilit\u00e9 de blocage) \u00e0 l&#8217;avant &#8211; Pompe Primer Mule. Cale lat\u00e9rale Panneau de lancement sur le rail de guidage avec porte-gobelet et compartiment de rangement Entra\u00eenement : entra\u00eenement par roue arri\u00e8re gr\u00e2ce \u00e0 une transmission \u00e0 roulement libre commutable Fonctions : tonte, collecte, mulching et \u00e9jection lat\u00e9rale Domaines d&#8217;utilisation : pour les pelouses jusqu&#8217;\u00e0 2200 m\u00b2<\/p>\n<h2>Caract\u00e9ristiques du produit<\/h2>\n<div class=\"a-row\">\n<div class=\"a-column a-span12 a-span-last\">\n<div class=\"a-row a-spacing-top-base\">\n<div class=\"a-column a-span6\">\n<div class=\"a-row a-spacing-base\">\n<div class=\"a-row a-expander-container a-expander-extend-container\">\n<div class=\"a-row\">\n<div class=\"a-column a-span6\">\n<h1 class=\"a-size-medium a-spacing-small\">Descriptif technique<\/h1>\n<\/div>\n<\/div>\n<div class=\"a-expander-content a-expander-extend-content\" data-expanded=\"true\">\n<div class=\"a-row a-expander-container a-expander-inline-container\">\n<div class=\"a-expander-content a-expander-section-content a-section-expander-inner\" data-expanded=\"true\">\n<table id=\"productDetails_techSpec_section_1\" class=\"a-keyvalue prodDetTable\">\n<tbody>\n<tr>\n<th class=\"a-color-secondary a-size-base prodDetSectionEntry\">Poids de l&#8217;article<\/th>\n<td class=\"a-size-base prodDetAttrValue\">\u200e37,5 kilogrammes<\/td>\n<\/tr>\n<tr>\n<th class=\"a-color-secondary a-size-base prodDetSectionEntry\">R\u00e9f\u00e9rence produit<\/th>\n<td class=\"a-size-base prodDetAttrValue\">\u200e95435<\/td>\n<\/tr>\n<tr>\n<th class=\"a-color-secondary a-size-base prodDetSectionEntry\">Mat\u00e9riau<\/th>\n<td class=\"a-size-base prodDetAttrValue\">\u200eAcier alli\u00e9<\/td>\n<\/tr>\n<tr>\n<th class=\"a-color-secondary a-size-base prodDetSectionEntry\">Type d&#8217;\u00e9nergie<\/th>\n<td class=\"a-size-base prodDetAttrValue\">\u200eFonctionnement \u00e0 essence<\/td>\n<\/tr>\n<tr>\n<th class=\"a-color-secondary a-size-base prodDetSectionEntry\">Disponibilit\u00e9 des pi\u00e8ces d\u00e9tach\u00e9es<\/th>\n<td class=\"a-size-base prodDetAttrValue\">\u200eInformation indisponible sur les pi\u00e8ces d\u00e9tach\u00e9es<\/td>\n<\/tr>\n<\/tbody>\n<\/table>\n<h1 class=\"a-size-base-plus a-text-bold\">\u00c0 propos de cet article<\/h1>\n<ul class=\"a-unordered-list a-vertical a-spacing-mini\">\n<li class=\"a-spacing-mini\"><span class=\"a-list-item\">Ch\u00e2ssis stable en t\u00f4le d&#8217;acier rev\u00eatu par pulv\u00e9risation, moteur Power-Engine 4 temps, poign\u00e9e ergonomique r\u00e9glable en hauteur sur 3 niveaux<\/span><\/li>\n<li class=\"a-spacing-mini\"><span class=\"a-list-item\">R\u00e9glage central de la hauteur de coupe sur 5 niveaux, sac de ramassage de 55 l avec indicateur de niveau, roues \u00e0 billes de 265 mm de diam\u00e8tre \u00e0 l&#8217;arri\u00e8re et roues avant de 190 mm de diam\u00e8tre<\/span><\/li>\n<li class=\"a-spacing-mini\"><span class=\"a-list-item\">Entra\u00eenement arri\u00e8re gr\u00e2ce \u00e0 une transmission l\u00e9g\u00e8re commutable<\/span><\/li>\n<li class=\"a-spacing-mini\"><span class=\"a-list-item\">Fonctions : tonte, ramassage, paillage, \u00e9jection lat\u00e9rale, automoteur, r\u00e9glage central de la hauteur de coupe, poign\u00e9e de conduite r\u00e9glable en hauteur et panneau sur le rail de guidage<\/span><\/li>\n<\/ul>\n<\/div>\n<\/div>\n<\/div>\n<\/div>\n<\/div>\n<\/div>\n<\/div>\n<\/div>\n<\/div>\n<\/div>","protected":false},"excerpt":{"rendered":"<p>Description du produit Moteur Power-Engine \u00e0 4 temps &#8211; Ch\u00e2ssis stable en t\u00f4le d&#8217;acier rev\u00eatu par pulv\u00e9risation &#8211; Poign\u00e9e ergonomique<\/p>","protected":false},"featured_media":19465,"template":"","meta":[],"product_brand":[],"product_cat":[64],"product_tag":[65],"product_country":[1503],"class_list":{"0":"post-192","1":"product","2":"type-product","3":"status-publish","4":"has-post-thumbnail","6":"product_cat-movers","7":"product_tag-movers","8":"product_country-france","10":"first","11":"instock","12":"sale","13":"taxable","14":"shipping-taxable","15":"purchasable","16":"product-type-simple"},"_links":{"self":[{"href":"https:\/\/routinesfashione.com\/nl\/wp-json\/wp\/v2\/product\/192","targetHints":{"allow":["GET"]}}],"collection":[{"href":"https:\/\/routinesfashione.com\/nl\/wp-json\/wp\/v2\/product"}],"about":[{"href":"https:\/\/routinesfashione.com\/nl\/wp-json\/wp\/v2\/types\/product"}],"wp:featuredmedia":[{"embeddable":true,"href":"https:\/\/routinesfashione.com\/nl\/wp-json\/wp\/v2\/media\/19465"}],"wp:attachment":[{"href":"https:\/\/routinesfashione.com\/nl\/wp-json\/wp\/v2\/media?parent=192"}],"wp:term":[{"taxonomy":"product_brand","embeddable":true,"href":"https:\/\/routinesfashione.com\/nl\/wp-json\/wp\/v2\/product_brand?post=192"},{"taxonomy":"product_cat","embeddable":true,"href":"https:\/\/routinesfashione.com\/nl\/wp-json\/wp\/v2\/product_cat?post=192"},{"taxonomy":"product_tag","embeddable":true,"href":"https:\/\/routinesfashione.com\/nl\/wp-json\/wp\/v2\/product_tag?post=192"},{"taxonomy":"product_country","embeddable":true,"href":"https:\/\/routinesfashione.com\/nl\/wp-json\/wp\/v2\/product_country?post=192"}],"curies":[{"name":"wp","href":"https:\/\/api.w.org\/{rel}","templated":true}]}}