{"id":19398,"date":"2025-09-30T20:36:49","date_gmt":"2025-09-30T20:36:49","guid":{"rendered":"https:\/\/lightgray-crow-170497.hostingersite.com\/?post_type=product&#038;p=19398"},"modified":"2025-09-30T20:36:49","modified_gmt":"2025-09-30T20:36:49","slug":"dck-kdrm107-robotmaaier-met-perimeterdraad-tot-1-000m2-lidar-obstacle-detection-systematisch-maaipatroon","status":"publish","type":"product","link":"https:\/\/routinesfashione.com\/nl\/produit\/dck-kdrm107-robotmaaier-met-perimeterdraad-tot-1-000m2-lidar-obstacle-detection-systematisch-maaipatroon\/","title":{"rendered":"DCK KDRM107 Robot tondeuse avec c\u00e2ble p\u00e9riph\u00e9rique jusqu&#8217;\u00e0 1 000 m\u00b2 \u2013 D\u00e9tection d&#8217;obstacles LiDAR \u2013 Sch\u00e9ma de tonte syst\u00e9matique"},"content":{"rendered":"<h3 data-start=\"136\" data-end=\"171\"><strong data-start=\"143\" data-end=\"169\">Description du produit<\/strong><\/h3>\n<p data-start=\"172\" data-end=\"545\">Le <strong data-start=\"175\" data-end=\"190\">DCK KDRM107<\/strong> est un robot tondeuse performant con\u00e7u pour l\u2019entretien automatique des pelouses jusqu\u2019\u00e0 1 000 m\u00b2. \u00c9quip\u00e9 d\u2019un c\u00e2ble p\u00e9riph\u00e9rique pour d\u00e9limiter la zone de travail, il assure une tonte pr\u00e9cise et r\u00e9guli\u00e8re. Gr\u00e2ce \u00e0 sa technologie de <strong data-start=\"424\" data-end=\"455\">d\u00e9tection d\u2019obstacles LiDAR<\/strong>, il cartographie son environnement en temps r\u00e9el et \u00e9vite intelligemment les obstacles.<\/p>\n<p data-start=\"547\" data-end=\"806\">Son <strong data-start=\"551\" data-end=\"583\">sch\u00e9ma de tonte syst\u00e9matique<\/strong> permet d\u2019optimiser les trajets, d\u2019assurer une couverture compl\u00e8te et d\u2019am\u00e9liorer l\u2019efficacit\u00e9 \u00e9nerg\u00e9tique. Avec son fonctionnement silencieux et autonome, il offre un confort maximal et un entretien du gazon sans effort.<\/p>\n<hr data-start=\"808\" data-end=\"811\" \/>\n<h3 data-start=\"813\" data-end=\"853\"><strong data-start=\"820\" data-end=\"851\">Caract\u00e9ristiques techniques<\/strong><\/h3>\n<ul data-start=\"855\" data-end=\"1958\">\n<li data-start=\"855\" data-end=\"919\">\n<p data-start=\"857\" data-end=\"919\"><strong data-start=\"857\" data-end=\"876\">Type de produit<\/strong> : Robot tondeuse avec c\u00e2ble p\u00e9riph\u00e9rique<\/p>\n<\/li>\n<li data-start=\"920\" data-end=\"972\">\n<p data-start=\"922\" data-end=\"972\"><strong data-start=\"922\" data-end=\"951\">Surface de tonte maximale<\/strong> : Jusqu\u2019\u00e0 1 000 m\u00b2<\/p>\n<\/li>\n<li data-start=\"973\" data-end=\"1029\">\n<p data-start=\"975\" data-end=\"1029\"><strong data-start=\"975\" data-end=\"999\">D\u00e9limitation de zone<\/strong> : C\u00e2ble p\u00e9riph\u00e9rique inclus<\/p>\n<\/li>\n<li data-start=\"1030\" data-end=\"1124\">\n<p data-start=\"1032\" data-end=\"1124\"><strong data-start=\"1032\" data-end=\"1060\">Technologie de d\u00e9tection<\/strong> : LiDAR pour \u00e9viter les obstacles et cartographier la pelouse<\/p>\n<\/li>\n<li data-start=\"1125\" data-end=\"1208\">\n<p data-start=\"1127\" data-end=\"1208\"><strong data-start=\"1127\" data-end=\"1144\">Mode de tonte<\/strong> : Sch\u00e9ma syst\u00e9matique pour couvrir toute la zone efficacement<\/p>\n<\/li>\n<li data-start=\"1209\" data-end=\"1291\">\n<p data-start=\"1211\" data-end=\"1291\"><strong data-start=\"1211\" data-end=\"1231\">Hauteur de coupe<\/strong> : R\u00e9glable (selon configuration, g\u00e9n\u00e9ralement 20 \u2013 60 mm)<\/p>\n<\/li>\n<li data-start=\"1292\" data-end=\"1362\">\n<p data-start=\"1294\" data-end=\"1362\"><strong data-start=\"1294\" data-end=\"1314\">Largeur de coupe<\/strong> : Approximativement 18 \u2013 22 cm (selon mod\u00e8le)<\/p>\n<\/li>\n<li data-start=\"1363\" data-end=\"1423\">\n<p data-start=\"1365\" data-end=\"1423\"><strong data-start=\"1365\" data-end=\"1377\">Batterie<\/strong> : Lithium-Ion, rechargeable automatiquement<\/p>\n<\/li>\n<li data-start=\"1424\" data-end=\"1484\">\n<p data-start=\"1426\" data-end=\"1484\"><strong data-start=\"1426\" data-end=\"1447\">Station de charge<\/strong> : Retour automatique pour recharge<\/p>\n<\/li>\n<li data-start=\"1485\" data-end=\"1542\">\n<p data-start=\"1487\" data-end=\"1542\"><strong data-start=\"1487\" data-end=\"1504\">Niveau sonore<\/strong> : Silencieux pour usage r\u00e9sidentiel<\/p>\n<\/li>\n<li data-start=\"1543\" data-end=\"1650\">\n<p data-start=\"1545\" data-end=\"1650\"><strong data-start=\"1545\" data-end=\"1557\">S\u00e9curit\u00e9<\/strong> : Capteurs de soul\u00e8vement et d\u2019inclinaison, code PIN ou verrouillage (selon configuration)<\/p>\n<\/li>\n<li data-start=\"1651\" data-end=\"1745\">\n<p data-start=\"1653\" data-end=\"1745\"><strong data-start=\"1653\" data-end=\"1683\">R\u00e9sistance aux intemp\u00e9ries<\/strong> : Con\u00e7u pour fonctionner sous la pluie (IPX5 ou \u00e9quivalent)<\/p>\n<\/li>\n<li data-start=\"1746\" data-end=\"1819\">\n<p data-start=\"1748\" data-end=\"1819\"><strong data-start=\"1748\" data-end=\"1770\">Gestion des pentes<\/strong> : Environ 35 % (selon configuration fabricant)<\/p>\n<\/li>\n<li data-start=\"1820\" data-end=\"1914\">\n<p data-start=\"1822\" data-end=\"1914\"><strong data-start=\"1822\" data-end=\"1851\">Fonctions suppl\u00e9mentaires<\/strong> : Programmation via application mobile ou interface int\u00e9gr\u00e9e<\/p>\n<\/li>\n<li data-start=\"1915\" data-end=\"1958\">\n<p data-start=\"1917\" data-end=\"1958\"><strong data-start=\"1917\" data-end=\"1928\">Couleur<\/strong> : Design moderne et compact<\/p>\n<\/li>\n<\/ul>","protected":false},"excerpt":{"rendered":"<p>Description du produit Le DCK KDRM107 est un robot tondeuse performant con\u00e7u pour l\u2019entretien automatique des pelouses jusqu\u2019\u00e0 1 000<\/p>","protected":false},"featured_media":19399,"template":"","meta":[],"product_brand":[],"product_cat":[64],"product_tag":[65],"product_country":[1503],"class_list":{"0":"post-19398","1":"product","2":"type-product","3":"status-publish","4":"has-post-thumbnail","6":"product_cat-movers","7":"product_tag-movers","8":"product_country-france","10":"first","11":"instock","12":"sale","13":"taxable","14":"shipping-taxable","15":"purchasable","16":"product-type-simple"},"_links":{"self":[{"href":"https:\/\/routinesfashione.com\/nl\/wp-json\/wp\/v2\/product\/19398","targetHints":{"allow":["GET"]}}],"collection":[{"href":"https:\/\/routinesfashione.com\/nl\/wp-json\/wp\/v2\/product"}],"about":[{"href":"https:\/\/routinesfashione.com\/nl\/wp-json\/wp\/v2\/types\/product"}],"wp:featuredmedia":[{"embeddable":true,"href":"https:\/\/routinesfashione.com\/nl\/wp-json\/wp\/v2\/media\/19399"}],"wp:attachment":[{"href":"https:\/\/routinesfashione.com\/nl\/wp-json\/wp\/v2\/media?parent=19398"}],"wp:term":[{"taxonomy":"product_brand","embeddable":true,"href":"https:\/\/routinesfashione.com\/nl\/wp-json\/wp\/v2\/product_brand?post=19398"},{"taxonomy":"product_cat","embeddable":true,"href":"https:\/\/routinesfashione.com\/nl\/wp-json\/wp\/v2\/product_cat?post=19398"},{"taxonomy":"product_tag","embeddable":true,"href":"https:\/\/routinesfashione.com\/nl\/wp-json\/wp\/v2\/product_tag?post=19398"},{"taxonomy":"product_country","embeddable":true,"href":"https:\/\/routinesfashione.com\/nl\/wp-json\/wp\/v2\/product_country?post=19398"}],"curies":[{"name":"wp","href":"https:\/\/api.w.org\/{rel}","templated":true}]}}