{"id":19642,"date":"2025-09-30T20:36:48","date_gmt":"2025-09-30T20:36:48","guid":{"rendered":"https:\/\/lightgray-crow-170497.hostingersite.com\/?post_type=product&#038;p=19642"},"modified":"2025-09-30T20:36:48","modified_gmt":"2025-09-30T20:36:48","slug":"ryobi-ry18lm37a-240-18v-one-cordless-lawnmower-37cm-2x-4-0ah-battery-charger-5133004798","status":"publish","type":"product","link":"https:\/\/routinesfashione.com\/nl\/produit\/ryobi-ry18lm37a-240-18v-one-cordless-lawnmower-37cm-2x-4-0ah-battery-charger-5133004798\/","title":{"rendered":"Tondeuse \u00e0 gazon sans fil Ryobi RY18LM37A-240 18 V ONE+ 37 cm (2 batteries 4,0 Ah + chargeur) &#8211; 5133004798"},"content":{"rendered":"<h3 data-start=\"185\" data-end=\"217\"><strong data-start=\"189\" data-end=\"215\">Description du produit<\/strong><\/h3>\n<p data-start=\"218\" data-end=\"757\">La <strong data-start=\"221\" data-end=\"244\">Ryobi RY18LM37A-240<\/strong> est une <strong data-start=\"253\" data-end=\"282\">tondeuse \u00e0 gazon sans fil<\/strong> pratique et performante, faisant partie du syst\u00e8me <strong data-start=\"334\" data-end=\"348\">ONE+\u2122 18 V<\/strong>. Avec sa <strong data-start=\"358\" data-end=\"387\">largeur de coupe de 37 cm<\/strong> et ses <strong data-start=\"395\" data-end=\"425\">deux batteries 18 V 4,0 Ah<\/strong> fournies, elle est id\u00e9ale pour les pelouses de petite \u00e0 moyenne taille. Son design l\u00e9ger et maniable, son <strong data-start=\"532\" data-end=\"577\">r\u00e9glage centralis\u00e9 de la hauteur de coupe<\/strong> et son guidon ergonomique facilitent l\u2019entretien du gazon. Cette tondeuse propose \u00e9galement un bac de ramassage spacieux et la possibilit\u00e9 de tondre sans sac (\u00e9jection arri\u00e8re).<\/p>\n<hr data-start=\"759\" data-end=\"762\" \/>\n<h3 data-start=\"764\" data-end=\"801\"><strong data-start=\"768\" data-end=\"799\">Caract\u00e9ristiques techniques<\/strong><\/h3>\n<ul data-start=\"802\" data-end=\"1628\">\n<li data-start=\"802\" data-end=\"824\">\n<p data-start=\"804\" data-end=\"824\"><strong data-start=\"804\" data-end=\"814\">Marque<\/strong> : Ryobi<\/p>\n<\/li>\n<li data-start=\"825\" data-end=\"873\">\n<p data-start=\"827\" data-end=\"873\"><strong data-start=\"827\" data-end=\"837\">Mod\u00e8le<\/strong> : RY18LM37A-240 (r\u00e9f. 5133004798)<\/p>\n<\/li>\n<li data-start=\"874\" data-end=\"924\">\n<p data-start=\"876\" data-end=\"924\"><strong data-start=\"876\" data-end=\"884\">Type<\/strong> : Tondeuse \u00e0 gazon sans fil (pouss\u00e9e)<\/p>\n<\/li>\n<li data-start=\"925\" data-end=\"971\">\n<p data-start=\"927\" data-end=\"971\"><strong data-start=\"927\" data-end=\"950\">Plateforme batterie<\/strong> : Ryobi ONE+\u2122 18 V<\/p>\n<\/li>\n<li data-start=\"972\" data-end=\"1039\">\n<p data-start=\"974\" data-end=\"1039\"><strong data-start=\"974\" data-end=\"996\">Batteries incluses<\/strong> : 2 \u00d7 18 V 4,0 Ah lithium-ion + chargeur<\/p>\n<\/li>\n<li data-start=\"1040\" data-end=\"1072\">\n<p data-start=\"1042\" data-end=\"1072\"><strong data-start=\"1042\" data-end=\"1062\">Largeur de coupe<\/strong> : 37 cm<\/p>\n<\/li>\n<li data-start=\"1073\" data-end=\"1160\">\n<p data-start=\"1075\" data-end=\"1160\"><strong data-start=\"1075\" data-end=\"1095\">Hauteur de coupe<\/strong> : env. 25 \u2013 75 mm (r\u00e9glage centralis\u00e9 sur plusieurs positions)<\/p>\n<\/li>\n<li data-start=\"1161\" data-end=\"1214\">\n<p data-start=\"1163\" data-end=\"1214\"><strong data-start=\"1163\" data-end=\"1195\">Capacit\u00e9 du bac de ramassage<\/strong> : env. 45 litres<\/p>\n<\/li>\n<li data-start=\"1215\" data-end=\"1303\">\n<p data-start=\"1217\" data-end=\"1303\"><strong data-start=\"1217\" data-end=\"1230\">Fonctions<\/strong> : Ramassage et \u00e9jection arri\u00e8re (mulching possible avec kit en option)<\/p>\n<\/li>\n<li data-start=\"1304\" data-end=\"1361\">\n<p data-start=\"1306\" data-end=\"1361\"><strong data-start=\"1306\" data-end=\"1322\">Entra\u00eenement<\/strong> : pouss\u00e9e manuelle (non autotract\u00e9e)<\/p>\n<\/li>\n<li data-start=\"1362\" data-end=\"1410\">\n<p data-start=\"1364\" data-end=\"1410\"><strong data-start=\"1364\" data-end=\"1373\">Poids<\/strong> : env. 14 \u2013 16 kg (avec batteries)<\/p>\n<\/li>\n<li data-start=\"1411\" data-end=\"1524\">\n<p data-start=\"1413\" data-end=\"1524\"><strong data-start=\"1413\" data-end=\"1436\">Surface recommand\u00e9e<\/strong> : petites \u00e0 moyennes pelouses (jusqu\u2019\u00e0 env. 250 \u2013 300 m\u00b2 par charge selon conditions)<\/p>\n<\/li>\n<li data-start=\"1525\" data-end=\"1628\">\n<p data-start=\"1527\" data-end=\"1628\"><strong data-start=\"1527\" data-end=\"1537\">Extras<\/strong> : guidon ergonomique pliable, d\u00e9marrage facile par bouton, poign\u00e9e de transport int\u00e9gr\u00e9e<\/p>\n<\/li>\n<\/ul>","protected":false},"excerpt":{"rendered":"<p>Description du produit La Ryobi RY18LM37A-240 est une tondeuse \u00e0 gazon sans fil pratique et performante, faisant partie du syst\u00e8me<\/p>","protected":false},"featured_media":19643,"template":"","meta":[],"product_brand":[],"product_cat":[64],"product_tag":[65],"product_country":[1503],"class_list":{"0":"post-19642","1":"product","2":"type-product","3":"status-publish","4":"has-post-thumbnail","6":"product_cat-movers","7":"product_tag-movers","8":"product_country-france","10":"first","11":"instock","12":"sale","13":"taxable","14":"shipping-taxable","15":"purchasable","16":"product-type-simple"},"_links":{"self":[{"href":"https:\/\/routinesfashione.com\/nl\/wp-json\/wp\/v2\/product\/19642","targetHints":{"allow":["GET"]}}],"collection":[{"href":"https:\/\/routinesfashione.com\/nl\/wp-json\/wp\/v2\/product"}],"about":[{"href":"https:\/\/routinesfashione.com\/nl\/wp-json\/wp\/v2\/types\/product"}],"wp:featuredmedia":[{"embeddable":true,"href":"https:\/\/routinesfashione.com\/nl\/wp-json\/wp\/v2\/media\/19643"}],"wp:attachment":[{"href":"https:\/\/routinesfashione.com\/nl\/wp-json\/wp\/v2\/media?parent=19642"}],"wp:term":[{"taxonomy":"product_brand","embeddable":true,"href":"https:\/\/routinesfashione.com\/nl\/wp-json\/wp\/v2\/product_brand?post=19642"},{"taxonomy":"product_cat","embeddable":true,"href":"https:\/\/routinesfashione.com\/nl\/wp-json\/wp\/v2\/product_cat?post=19642"},{"taxonomy":"product_tag","embeddable":true,"href":"https:\/\/routinesfashione.com\/nl\/wp-json\/wp\/v2\/product_tag?post=19642"},{"taxonomy":"product_country","embeddable":true,"href":"https:\/\/routinesfashione.com\/nl\/wp-json\/wp\/v2\/product_country?post=19642"}],"curies":[{"name":"wp","href":"https:\/\/api.w.org\/{rel}","templated":true}]}}