{"id":1968,"date":"2025-09-30T20:53:33","date_gmt":"2025-09-30T20:53:33","guid":{"rendered":"https:\/\/lightgray-crow-170497.hostingersite.com\/?post_type=product&#038;p=1968"},"modified":"2025-09-30T20:53:34","modified_gmt":"2025-09-30T20:53:34","slug":"ecoflow-power-station-generateur-solaire-delta-pro-3600-wh-45-kg","status":"publish","type":"product","link":"https:\/\/routinesfashione.com\/nl\/produit\/ecoflow-power-station-generateur-solaire-delta-pro-3600-wh-45-kg\/","title":{"rendered":"EcoFlow, Power Station, g\u00e9n\u00e9rateur solaire Delta Pro (3600 WH, 45 kg)"},"content":{"rendered":"<ul>\n<li>Pemi\u00e8re batterie domestique portable con\u00e7ue pour l&#8217;alimentation domestique de secours<\/li>\n<li>Capacit\u00e9 \u00e9tendue de 3,6 \u00e0 25 kWh<\/li>\n<li>Prises murales de 3 600 W \u00e0 7 200 W pour 99 % des appareils<\/li>\n<li>Charge multiple incroyable de 6 500 W, charge sur secteur (CA) en 2,7 heures<\/li>\n<li>Rechargez votre VR et EV \u00e0 tout moment, n&#8217;importe o\u00f9<\/li>\n<li>Une premi\u00e8re dans le secteur : rechargez votre batterie dans des milliers de stations pour v\u00e9hicules \u00e9lectriques dans le monde entier<\/li>\n<li>Batterie LFP longue dur\u00e9e pouvant durer jusqu&#8217;\u00e0 10 ans<\/li>\n<\/ul>\n<p>* En raison des variations des r\u00e9glementations \u00e9lectriques entre les pays europ\u00e9ens, nous vous recommandons de vous familiariser avec les exigences l\u00e9gales de votre pays et de consulter des professionnels qualifi\u00e9s en \u00e9lectricit\u00e9 dans votre r\u00e9gion avant tout achat. Assurez-vous que le produit peut \u00eatre install\u00e9 et utilis\u00e9 conform\u00e9ment aux normes r\u00e9glementaires de votre pays ou r\u00e9gion.<\/p>","protected":false},"excerpt":{"rendered":"<p>Pemi\u00e8re batterie domestique portable con\u00e7ue pour l&#8217;alimentation domestique de secours Capacit\u00e9 \u00e9tendue de 3,6 \u00e0 25 kWh Prises murales de<\/p>","protected":false},"featured_media":14276,"template":"","meta":[],"product_brand":[],"product_cat":[61],"product_tag":[1514],"product_country":[1503],"class_list":{"0":"post-1968","1":"product","2":"type-product","3":"status-publish","4":"has-post-thumbnail","6":"product_cat-sale-france","7":"product_tag-sale-france","8":"product_country-france","10":"first","11":"instock","12":"sale","13":"taxable","14":"shipping-taxable","15":"purchasable","16":"product-type-simple"},"_links":{"self":[{"href":"https:\/\/routinesfashione.com\/nl\/wp-json\/wp\/v2\/product\/1968","targetHints":{"allow":["GET"]}}],"collection":[{"href":"https:\/\/routinesfashione.com\/nl\/wp-json\/wp\/v2\/product"}],"about":[{"href":"https:\/\/routinesfashione.com\/nl\/wp-json\/wp\/v2\/types\/product"}],"wp:featuredmedia":[{"embeddable":true,"href":"https:\/\/routinesfashione.com\/nl\/wp-json\/wp\/v2\/media\/14276"}],"wp:attachment":[{"href":"https:\/\/routinesfashione.com\/nl\/wp-json\/wp\/v2\/media?parent=1968"}],"wp:term":[{"taxonomy":"product_brand","embeddable":true,"href":"https:\/\/routinesfashione.com\/nl\/wp-json\/wp\/v2\/product_brand?post=1968"},{"taxonomy":"product_cat","embeddable":true,"href":"https:\/\/routinesfashione.com\/nl\/wp-json\/wp\/v2\/product_cat?post=1968"},{"taxonomy":"product_tag","embeddable":true,"href":"https:\/\/routinesfashione.com\/nl\/wp-json\/wp\/v2\/product_tag?post=1968"},{"taxonomy":"product_country","embeddable":true,"href":"https:\/\/routinesfashione.com\/nl\/wp-json\/wp\/v2\/product_country?post=1968"}],"curies":[{"name":"wp","href":"https:\/\/api.w.org\/{rel}","templated":true}]}}