{"id":19800,"date":"2025-07-31T18:16:02","date_gmt":"2025-07-31T18:16:02","guid":{"rendered":"https:\/\/lightgray-crow-170497.hostingersite.com\/?post_type=product&#038;p=19800"},"modified":"2025-09-30T21:08:16","modified_gmt":"2025-09-30T21:08:16","slug":"nivona-caferomantica-560","status":"publish","type":"product","link":"https:\/\/routinesfashione.com\/nl\/produit\/nivona-caferomantica-560\/","title":{"rendered":"Nivona Caf\u00e9Romantica 560"},"content":{"rendered":"<h2>Nivona Caf\u00e9Romantica 560<\/h2>\n<p><strong>Zet met \u00e9\u00e9n druk op de knop een heerlijke koffie of espresso met de nieuwe Nivona 560.<\/strong><\/p>\n<p>De 5-serie van NIVONA is recent vernieuwd en alle modellen zijn voorzien van een nieuwe look and feel. De Nivona 560 heeft een nieuw scherm gekregen en een nieuwe bediening. Met \u00e9\u00e9n druk op de knop zet je tot twee kopjes koffie of espresso tegelijk. Met de handmatige SPUMATORE kun je zelf perfect melkschuim maken voor je cappuccino.<\/p>\n<h3>Functionaliteiten van de Nivona 560<\/h3>\n<ul>\n<li>Pre-brewing systeem<\/li>\n<li>Selectie van koffiesterkte op 3 niveaus<\/li>\n<li>Instelbare maalgraad en koffietemperatuur<\/li>\n<li>2-kops functie voor espresso en koffie<\/li>\n<li>Poedercompartiment voor voorgemalen koffie<\/li>\n<li>Heetwaterfunctie voor thee<\/li>\n<\/ul>\n<p>&nbsp;<\/p>\n<table class=\"woocommerce-product-attributes shop_attributes\" aria-label=\"Productgegevens\">\n<tbody>\n<tr class=\"woocommerce-product-attributes-item woocommerce-product-attributes-item--weight\">\n<th class=\"woocommerce-product-attributes-item__label\" scope=\"row\"><span class=\"wd-attr-name\"><span class=\"wd-attr-name-label\">Gewicht<\/span><\/span><\/th>\n<td class=\"woocommerce-product-attributes-item__value\">9,6 kg<\/td>\n<\/tr>\n<tr class=\"woocommerce-product-attributes-item woocommerce-product-attributes-item--dimensions\">\n<th class=\"woocommerce-product-attributes-item__label\" scope=\"row\"><span class=\"wd-attr-name\"><span class=\"wd-attr-name-label\">Afmetingen<\/span><\/span><\/th>\n<td class=\"woocommerce-product-attributes-item__value\">54 \u00d7 40 \u00d7 30 cm<\/td>\n<\/tr>\n<tr class=\"woocommerce-product-attributes-item woocommerce-product-attributes-item--attribute_pa_merk\">\n<th class=\"woocommerce-product-attributes-item__label\" scope=\"row\"><span class=\"wd-attr-name\"><span class=\"wd-attr-name-label\">Merk<\/span><\/span><\/th>\n<td class=\"woocommerce-product-attributes-item__value\">Klaar<\/td>\n<\/tr>\n<tr class=\"woocommerce-product-attributes-item woocommerce-product-attributes-item--attribute_pa_garantie\">\n<th class=\"woocommerce-product-attributes-item__label\" scope=\"row\"><span class=\"wd-attr-name\"><span class=\"wd-attr-name-label\">Garantie<\/span><\/span><\/th>\n<td class=\"woocommerce-product-attributes-item__value\">2 jaar<\/td>\n<\/tr>\n<tr class=\"woocommerce-product-attributes-item woocommerce-product-attributes-item--attribute_pa_type-koffiezetapparaat\">\n<th class=\"woocommerce-product-attributes-item__label\" scope=\"row\"><span class=\"wd-attr-name\"><span class=\"wd-attr-name-label\">Type koffiezetapparaat<\/span><\/span><\/th>\n<td class=\"woocommerce-product-attributes-item__value\">Volautomatische espressomachine<\/td>\n<\/tr>\n<tr class=\"woocommerce-product-attributes-item woocommerce-product-attributes-item--attribute_pa_type-koffie-vulling\">\n<th class=\"woocommerce-product-attributes-item__label\" scope=\"row\"><span class=\"wd-attr-name\"><span class=\"wd-attr-name-label\">Type koffie\/vulling<\/span><\/span><\/th>\n<td class=\"woocommerce-product-attributes-item__value\">Gemalen koffie<\/p>\n<p>,Koffiebonen<\/td>\n<\/tr>\n<tr class=\"woocommerce-product-attributes-item woocommerce-product-attributes-item--attribute_pa_plaatsing-watereservoir\">\n<th class=\"woocommerce-product-attributes-item__label\" scope=\"row\"><span class=\"wd-attr-name\"><span class=\"wd-attr-name-label\">Plaatsing watereservoir<\/span><\/span><\/th>\n<td class=\"woocommerce-product-attributes-item__value\">Zijkant<\/td>\n<\/tr>\n<tr class=\"woocommerce-product-attributes-item woocommerce-product-attributes-item--attribute_pa_heetwaterfunctie\">\n<th class=\"woocommerce-product-attributes-item__label\" scope=\"row\"><span class=\"wd-attr-name\"><span class=\"wd-attr-name-label\">Heetwaterfunctie<\/span><\/span><\/th>\n<td class=\"woocommerce-product-attributes-item__value\">En<\/td>\n<\/tr>\n<tr class=\"woocommerce-product-attributes-item woocommerce-product-attributes-item--attribute_pa_te-testen-in-winkel\">\n<th class=\"woocommerce-product-attributes-item__label\" scope=\"row\"><span class=\"wd-attr-name\"><span class=\"wd-attr-name-label\">Te testen in winkel<\/span><\/span><\/th>\n<td class=\"woocommerce-product-attributes-item__value\">Nee<\/td>\n<\/tr>\n<tr class=\"woocommerce-product-attributes-item woocommerce-product-attributes-item--attribute_pa_koffievarianten\">\n<th class=\"woocommerce-product-attributes-item__label\" scope=\"row\"><span class=\"wd-attr-name\"><span class=\"wd-attr-name-label\">Koffievarianten<\/span><\/span><\/th>\n<td class=\"woocommerce-product-attributes-item__value\">Espresso<\/p>\n<p>,Koffie<\/td>\n<\/tr>\n<tr class=\"woocommerce-product-attributes-item woocommerce-product-attributes-item--attribute_pa_aantal-kopjes-per-zetbeurt\">\n<th class=\"woocommerce-product-attributes-item__label\" scope=\"row\"><span class=\"wd-attr-name\"><span class=\"wd-attr-name-label\">Aantal kopjes per zetbeurt<\/span><\/span><\/th>\n<td class=\"woocommerce-product-attributes-item__value\">2 kopjes<\/td>\n<\/tr>\n<tr class=\"woocommerce-product-attributes-item woocommerce-product-attributes-item--attribute_pa_instelbare-koffiesterkte\">\n<th class=\"woocommerce-product-attributes-item__label\" scope=\"row\"><span class=\"wd-attr-name\"><span class=\"wd-attr-name-label\">Instelbare koffiesterkte<\/span><\/span><\/th>\n<td class=\"woocommerce-product-attributes-item__value\">En<\/td>\n<\/tr>\n<tr class=\"woocommerce-product-attributes-item woocommerce-product-attributes-item--attribute_pa_instelbaar-koffievolume\">\n<th class=\"woocommerce-product-attributes-item__label\" scope=\"row\"><span class=\"wd-attr-name\"><span class=\"wd-attr-name-label\">Instelbaar koffievolume<\/span><\/span><\/th>\n<td class=\"woocommerce-product-attributes-item__value\">En<\/td>\n<\/tr>\n<tr class=\"woocommerce-product-attributes-item woocommerce-product-attributes-item--attribute_pa_instelbare-watertemperatuur\">\n<th class=\"woocommerce-product-attributes-item__label\" scope=\"row\"><span class=\"wd-attr-name\"><span class=\"wd-attr-name-label\">Instelbare watertemperatuur<\/span><\/span><\/th>\n<td class=\"woocommerce-product-attributes-item__value\">Nee<\/td>\n<\/tr>\n<tr class=\"woocommerce-product-attributes-item woocommerce-product-attributes-item--attribute_pa_kopjes-warmhoudplaat\">\n<th class=\"woocommerce-product-attributes-item__label\" scope=\"row\"><span class=\"wd-attr-name\"><span class=\"wd-attr-name-label\">Kopjes warmhoudplaat<\/span><\/span><\/th>\n<td class=\"woocommerce-product-attributes-item__value\">Nee<\/td>\n<\/tr>\n<tr class=\"woocommerce-product-attributes-item woocommerce-product-attributes-item--attribute_pa_display\">\n<th class=\"woocommerce-product-attributes-item__label\" scope=\"row\"><span class=\"wd-attr-name\"><span class=\"wd-attr-name-label\">Weergave<\/span><\/span><\/th>\n<td class=\"woocommerce-product-attributes-item__value\">En<\/td>\n<\/tr>\n<tr class=\"woocommerce-product-attributes-item woocommerce-product-attributes-item--attribute_pa_touchscreen\">\n<th class=\"woocommerce-product-attributes-item__label\" scope=\"row\"><span class=\"wd-attr-name\"><span class=\"wd-attr-name-label\">Aanraakscherm<\/span><\/span><\/th>\n<td class=\"woocommerce-product-attributes-item__value\">Nee<\/td>\n<\/tr>\n<tr class=\"woocommerce-product-attributes-item woocommerce-product-attributes-item--attribute_pa_hoeveelheid-onderhoud\">\n<th class=\"woocommerce-product-attributes-item__label\" scope=\"row\"><span class=\"wd-attr-name\"><span class=\"wd-attr-name-label\">Hoeveelheid onderhoud<\/span><\/span><\/th>\n<td class=\"woocommerce-product-attributes-item__value\">Weinig werk<\/td>\n<\/tr>\n<tr class=\"woocommerce-product-attributes-item woocommerce-product-attributes-item--attribute_pa_machine-spoelen-na-gebruik\">\n<th class=\"woocommerce-product-attributes-item__label\" scope=\"row\"><span class=\"wd-attr-name\"><span class=\"wd-attr-name-label\">Machine spoelen na gebruik<\/span><\/span><\/th>\n<td class=\"woocommerce-product-attributes-item__value\">Automatisch<\/td>\n<\/tr>\n<tr class=\"woocommerce-product-attributes-item woocommerce-product-attributes-item--attribute_pa_type-ontkalkingsprogramma\">\n<th class=\"woocommerce-product-attributes-item__label\" scope=\"row\"><span class=\"wd-attr-name\"><span class=\"wd-attr-name-label\">Type ontkalkingsprogramma<\/span><\/span><\/th>\n<td class=\"woocommerce-product-attributes-item__value\">Melding en begeleiding<\/td>\n<\/tr>\n<tr class=\"woocommerce-product-attributes-item woocommerce-product-attributes-item--attribute_pa_zetgroep-onderhoud\">\n<th class=\"woocommerce-product-attributes-item__label\" scope=\"row\"><span class=\"wd-attr-name\"><span class=\"wd-attr-name-label\">Zetgroep onderhoud<\/span><\/span><\/th>\n<td class=\"woocommerce-product-attributes-item__value\">Handmatig<\/p>\n<p>,Reinigingsprogramma<\/td>\n<\/tr>\n<tr class=\"woocommerce-product-attributes-item woocommerce-product-attributes-item--attribute_pa_afwerking\">\n<th class=\"woocommerce-product-attributes-item__label\" scope=\"row\"><span class=\"wd-attr-name\"><span class=\"wd-attr-name-label\">Afwerking<\/span><\/span><\/th>\n<td class=\"woocommerce-product-attributes-item__value\">Samen met<\/td>\n<\/tr>\n<tr class=\"woocommerce-product-attributes-item woocommerce-product-attributes-item--attribute_pa_kleur\">\n<th class=\"woocommerce-product-attributes-item__label\" scope=\"row\"><span class=\"wd-attr-name\"><span class=\"wd-attr-name-label\">Kleur<\/span><\/span><\/th>\n<td class=\"woocommerce-product-attributes-item__value\">Aluminium<\/td>\n<\/tr>\n<tr class=\"woocommerce-product-attributes-item woocommerce-product-attributes-item--attribute_pa_pompdruk\">\n<th class=\"woocommerce-product-attributes-item__label\" scope=\"row\"><span class=\"wd-attr-name\"><span class=\"wd-attr-name-label\">Pompdruk<\/span><\/span><\/th>\n<td class=\"woocommerce-product-attributes-item__value\">15 bar<\/td>\n<\/tr>\n<tr class=\"woocommerce-product-attributes-item woocommerce-product-attributes-item--attribute_pa_vermogen\">\n<th class=\"woocommerce-product-attributes-item__label\" scope=\"row\"><span class=\"wd-attr-name\"><span class=\"wd-attr-name-label\">Vermogen<\/span><\/span><\/th>\n<td class=\"woocommerce-product-attributes-item__value\">1455 watt<\/td>\n<\/tr>\n<tr class=\"woocommerce-product-attributes-item woocommerce-product-attributes-item--attribute_inhoud-bonenreservoir\">\n<th class=\"woocommerce-product-attributes-item__label\" scope=\"row\"><span class=\"wd-attr-name\"><span class=\"wd-attr-name-label\">Inhoud bonenreservoir<\/span><\/span><\/th>\n<td class=\"woocommerce-product-attributes-item__value\">250 gram<\/td>\n<\/tr>\n<tr class=\"woocommerce-product-attributes-item woocommerce-product-attributes-item--attribute_inhoud-waterreservoir\">\n<th class=\"woocommerce-product-attributes-item__label\" scope=\"row\"><span class=\"wd-attr-name\"><span class=\"wd-attr-name-label\">Inhoud waterreservoir<\/span><\/span><\/th>\n<td class=\"woocommerce-product-attributes-item__value\">2,2 liter<\/td>\n<\/tr>\n<\/tbody>\n<\/table>","protected":false},"excerpt":{"rendered":"<p>Nivona Caf\u00e9Romantica 560 Zet met \u00e9\u00e9n druk op de knop een heerlijke koffie of espresso met de nieuwe Nivona 560.<\/p>","protected":false},"featured_media":19801,"template":"","meta":[],"product_brand":[],"product_cat":[70],"product_tag":[71],"product_country":[1504],"class_list":{"0":"post-19800","1":"product","2":"type-product","3":"status-publish","4":"has-post-thumbnail","6":"product_cat-cofee-machine","7":"product_tag-cofee-machine","8":"product_country-netherlands","10":"first","11":"instock","12":"sale","13":"taxable","14":"shipping-taxable","15":"purchasable","16":"product-type-simple"},"_links":{"self":[{"href":"https:\/\/routinesfashione.com\/nl\/wp-json\/wp\/v2\/product\/19800","targetHints":{"allow":["GET"]}}],"collection":[{"href":"https:\/\/routinesfashione.com\/nl\/wp-json\/wp\/v2\/product"}],"about":[{"href":"https:\/\/routinesfashione.com\/nl\/wp-json\/wp\/v2\/types\/product"}],"wp:featuredmedia":[{"embeddable":true,"href":"https:\/\/routinesfashione.com\/nl\/wp-json\/wp\/v2\/media\/19801"}],"wp:attachment":[{"href":"https:\/\/routinesfashione.com\/nl\/wp-json\/wp\/v2\/media?parent=19800"}],"wp:term":[{"taxonomy":"product_brand","embeddable":true,"href":"https:\/\/routinesfashione.com\/nl\/wp-json\/wp\/v2\/product_brand?post=19800"},{"taxonomy":"product_cat","embeddable":true,"href":"https:\/\/routinesfashione.com\/nl\/wp-json\/wp\/v2\/product_cat?post=19800"},{"taxonomy":"product_tag","embeddable":true,"href":"https:\/\/routinesfashione.com\/nl\/wp-json\/wp\/v2\/product_tag?post=19800"},{"taxonomy":"product_country","embeddable":true,"href":"https:\/\/routinesfashione.com\/nl\/wp-json\/wp\/v2\/product_country?post=19800"}],"curies":[{"name":"wp","href":"https:\/\/api.w.org\/{rel}","templated":true}]}}