{"id":19845,"date":"2025-07-31T19:04:27","date_gmt":"2025-07-31T19:04:27","guid":{"rendered":"https:\/\/lightgray-crow-170497.hostingersite.com\/?post_type=product&#038;p=19845"},"modified":"2025-09-30T21:08:19","modified_gmt":"2025-09-30T21:08:19","slug":"philips-lattego-5500-ep5543-90-volautomatische-espressomachine","status":"publish","type":"product","link":"https:\/\/routinesfashione.com\/nl\/produit\/philips-lattego-5500-ep5543-90-volautomatische-espressomachine\/","title":{"rendered":"Philips LatteGo 5500 EP5543\/90 volautomatische espressomachine"},"content":{"rendered":"<section class=\"css-1u8qly9\">\n<div class=\"css-1uueevv\">\n<h3 class=\"css-q3n9cz\">Plus- en minpunten<\/h3>\n<p class=\"css-1ggs0zy\">Volgens onze volautomatische espressomachinespecialist<\/p>\n<\/div>\n<ul class=\"css-833rr6\">\n<li class=\"css-1u8qly9\">\n<div class=\"css-12srhn9\"><span class=\"css-qgaqfv\">Sla voor 5 personen koffierecepten op dankzij de instelbare gebruikersprofielen.<\/span><\/div>\n<\/li>\n<li class=\"css-1u8qly9\">\n<div class=\"css-12srhn9\"><span class=\"css-qgaqfv\">Bedien de espressomachine gemakkelijk op het kleurendisplay met touchknoppen.<\/span><\/div>\n<\/li>\n<li class=\"css-1u8qly9\">\n<div class=\"css-12srhn9\"><span class=\"css-qgaqfv\">Zet niet alleen een cappuccino of latte macchiato, maar \u00f3\u00f3k een ijskoffie.<\/span><\/div>\n<\/li>\n<li class=\"css-1u8qly9\">\n<div class=\"css-1r7jra9\"><span class=\"css-qgaqfv\">Je zet geen 2 melkspecialiteiten tegelijkertijd.<\/span><\/div>\n<\/li>\n<\/ul>\n<\/section>\n<div class=\"css-1u8qly9\">\n<h3 class=\"css-bow739\">Omschrijving<\/h3>\n<div class=\"css-3n8qbv\">\n<div id=\"collapse-content-:Raaj72dqjpuuut9sq:\" class=\"css-60ppt\">\n<div class=\"css-h67ihx\">Bewaar jouw favoriete koffierecepten op de Philips LatteGo 5500 EP5543\/90. Je past gemakkelijk de sterkte en hoeveelheid van jouw kopje koffie aan. Vervolgens sla je het recept op onder \u00e9\u00e9n van de 5 gebruikersprofielen. Dat is ideaal, want zo drinken jij en je huisgenoten een kop koffie naar wens met \u00e9\u00e9n druk op de knop. Je bedient het apparaat met touchknoppen en een display. Zo kies je uit verschillende koffierecepten, zoals een flat white, cappuccino, of americano. Je zet ook gemakkelijk een ijskoffie. Wanneer je het waterfilter gebruikt en op tijd vervangt, ontkalk je de machine maar een keer per anderhalf jaar.<\/div>\n<\/div>\n<\/div>\n<\/div>","protected":false},"excerpt":{"rendered":"<p>Plus- en minpunten Volgens onze volautomatische espressomachinespecialist Sla voor 5 personen koffierecepten op dankzij de instelbare gebruikersprofielen. Bedien de espressomachine<\/p>","protected":false},"featured_media":19846,"template":"","meta":[],"product_brand":[],"product_cat":[70],"product_tag":[71],"product_country":[1504],"class_list":{"0":"post-19845","1":"product","2":"type-product","3":"status-publish","4":"has-post-thumbnail","6":"product_cat-cofee-machine","7":"product_tag-cofee-machine","8":"product_country-netherlands","10":"first","11":"instock","12":"sale","13":"taxable","14":"shipping-taxable","15":"purchasable","16":"product-type-simple"},"_links":{"self":[{"href":"https:\/\/routinesfashione.com\/nl\/wp-json\/wp\/v2\/product\/19845","targetHints":{"allow":["GET"]}}],"collection":[{"href":"https:\/\/routinesfashione.com\/nl\/wp-json\/wp\/v2\/product"}],"about":[{"href":"https:\/\/routinesfashione.com\/nl\/wp-json\/wp\/v2\/types\/product"}],"wp:featuredmedia":[{"embeddable":true,"href":"https:\/\/routinesfashione.com\/nl\/wp-json\/wp\/v2\/media\/19846"}],"wp:attachment":[{"href":"https:\/\/routinesfashione.com\/nl\/wp-json\/wp\/v2\/media?parent=19845"}],"wp:term":[{"taxonomy":"product_brand","embeddable":true,"href":"https:\/\/routinesfashione.com\/nl\/wp-json\/wp\/v2\/product_brand?post=19845"},{"taxonomy":"product_cat","embeddable":true,"href":"https:\/\/routinesfashione.com\/nl\/wp-json\/wp\/v2\/product_cat?post=19845"},{"taxonomy":"product_tag","embeddable":true,"href":"https:\/\/routinesfashione.com\/nl\/wp-json\/wp\/v2\/product_tag?post=19845"},{"taxonomy":"product_country","embeddable":true,"href":"https:\/\/routinesfashione.com\/nl\/wp-json\/wp\/v2\/product_country?post=19845"}],"curies":[{"name":"wp","href":"https:\/\/api.w.org\/{rel}","templated":true}]}}