{"id":19962,"date":"2025-07-31T21:38:34","date_gmt":"2025-07-31T21:38:34","guid":{"rendered":"https:\/\/lightgray-crow-170497.hostingersite.com\/?post_type=product&#038;p=19962"},"modified":"2025-09-30T21:08:28","modified_gmt":"2025-09-30T21:08:28","slug":"koffiezetapparaat-philips-barista-brew-psa3228-01","status":"publish","type":"product","link":"https:\/\/routinesfashione.com\/nl\/produit\/koffiezetapparaat-philips-barista-brew-psa3228-01\/","title":{"rendered":"Koffiezetapparaat Philips Barista Brew PSA3228\/01"},"content":{"rendered":"<h3 data-start=\"244\" data-end=\"266\"><strong data-start=\"248\" data-end=\"264\">Beschrijving<\/strong><\/h3>\n<p data-start=\"267\" data-end=\"672\">Geniet elke dag van professionele koffiesmaak met de <strong data-start=\"320\" data-end=\"355\">Philips Barista Brew PSA3228\/01<\/strong>. Dit moderne koffiezetapparaat combineert stijl, gebruiksgemak en innovatieve technologie. Dankzij het krachtige zetsysteem en het nauwkeurige temperatuurbeheer zet je moeiteloos heerlijke espresso\u2019s, lungo\u2019s of gewone filterkoffie. Het compacte ontwerp past perfect in elke keuken en is eenvoudig schoon te maken.<\/p>\n<p data-start=\"674\" data-end=\"878\">Met \u00e9\u00e9n druk op de knop bereid je je favoriete koffie. De ge\u00efntegreerde melkopschuimer zorgt voor een romig melkschuim, ideaal voor cappuccino of latte macchiato. Zo haal je de barista-ervaring in huis!<\/p>\n<hr data-start=\"880\" data-end=\"883\" \/>\n<h3 data-start=\"885\" data-end=\"908\"><strong data-start=\"889\" data-end=\"906\">Specificaties<\/strong><\/h3>\n<div class=\"_tableContainer_1rjym_1\">\n<div class=\"group _tableWrapper_1rjym_13 flex w-fit flex-col-reverse\" tabindex=\"-1\">\n<table class=\"w-fit min-w-(--thread-content-width)\" data-start=\"910\" data-end=\"1849\">\n<thead data-start=\"910\" data-end=\"953\">\n<tr data-start=\"910\" data-end=\"953\">\n<th data-start=\"910\" data-end=\"938\" data-col-size=\"sm\"><strong data-start=\"912\" data-end=\"923\">Kenmerk<\/strong><\/th>\n<th data-start=\"938\" data-end=\"953\" data-col-size=\"md\"><strong data-start=\"940\" data-end=\"951\">Details<\/strong><\/th>\n<\/tr>\n<\/thead>\n<tbody data-start=\"998\" data-end=\"1849\">\n<tr data-start=\"998\" data-end=\"1037\">\n<td data-start=\"998\" data-end=\"1026\" data-col-size=\"sm\"><strong data-start=\"1000\" data-end=\"1008\">Merk<\/strong><\/td>\n<td data-start=\"1026\" data-end=\"1037\" data-col-size=\"md\">Philips<\/td>\n<\/tr>\n<tr data-start=\"1038\" data-end=\"1093\">\n<td data-start=\"1038\" data-end=\"1066\" data-col-size=\"sm\"><strong data-start=\"1040\" data-end=\"1049\">Model<\/strong><\/td>\n<td data-start=\"1066\" data-end=\"1093\" data-col-size=\"md\">Barista Brew PSA3228\/01<\/td>\n<\/tr>\n<tr data-start=\"1094\" data-end=\"1158\">\n<td data-start=\"1094\" data-end=\"1122\" data-col-size=\"sm\"><strong data-start=\"1096\" data-end=\"1113\">Type apparaat<\/strong><\/td>\n<td data-start=\"1122\" data-end=\"1158\" data-col-size=\"md\">Volautomatisch koffiezetapparaat<\/td>\n<\/tr>\n<tr data-start=\"1159\" data-end=\"1249\">\n<td data-start=\"1159\" data-end=\"1187\" data-col-size=\"sm\"><strong data-start=\"1161\" data-end=\"1187\">Geschikte dranksoorten<\/strong><\/td>\n<td data-start=\"1187\" data-end=\"1249\" data-col-size=\"md\">Espresso, Lungo, Cappuccino, Latte Macchiato, Filterkoffie<\/td>\n<\/tr>\n<tr data-start=\"1250\" data-end=\"1336\">\n<td data-start=\"1250\" data-end=\"1278\" data-col-size=\"sm\"><strong data-start=\"1252\" data-end=\"1270\">Melkopschuimer<\/strong><\/td>\n<td data-start=\"1278\" data-end=\"1336\" data-col-size=\"md\">Ge\u00efntegreerd (stoompijpje of automatische melkfunctie)<\/td>\n<\/tr>\n<tr data-start=\"1337\" data-end=\"1395\">\n<td data-start=\"1337\" data-end=\"1365\" data-col-size=\"sm\"><strong data-start=\"1339\" data-end=\"1362\">Watertankcapaciteit<\/strong><\/td>\n<td data-start=\"1365\" data-end=\"1395\" data-col-size=\"md\">ca. 1,8 liter (indicatief)<\/td>\n<\/tr>\n<tr data-start=\"1396\" data-end=\"1453\">\n<td data-start=\"1396\" data-end=\"1424\" data-col-size=\"sm\"><strong data-start=\"1398\" data-end=\"1416\">Bonenreservoir<\/strong><\/td>\n<td data-start=\"1424\" data-end=\"1453\" data-col-size=\"md\">ca. 250 gram (indicatief)<\/td>\n<\/tr>\n<tr data-start=\"1454\" data-end=\"1516\">\n<td data-start=\"1454\" data-end=\"1482\" data-col-size=\"sm\"><strong data-start=\"1456\" data-end=\"1469\">Bediening<\/strong><\/td>\n<td data-start=\"1482\" data-end=\"1516\" data-col-size=\"md\">Touchknoppen met LED-indicatie<\/td>\n<\/tr>\n<tr data-start=\"1517\" data-end=\"1575\">\n<td data-start=\"1517\" data-end=\"1545\" data-col-size=\"sm\"><strong data-start=\"1519\" data-end=\"1533\">Verwarming<\/strong><\/td>\n<td data-start=\"1545\" data-end=\"1575\" data-col-size=\"md\">Snel opwarmend thermoblock<\/td>\n<\/tr>\n<tr data-start=\"1576\" data-end=\"1631\">\n<td data-start=\"1576\" data-end=\"1607\" data-col-size=\"sm\"><strong data-start=\"1578\" data-end=\"1606\">Instelbare koffiesterkte<\/strong><\/td>\n<td data-start=\"1607\" data-end=\"1631\" data-col-size=\"md\">Ja, meerdere standen<\/td>\n<\/tr>\n<tr data-start=\"1632\" data-end=\"1676\">\n<td data-start=\"1632\" data-end=\"1670\" data-col-size=\"sm\"><strong data-start=\"1634\" data-end=\"1669\">Automatisch reinigingsprogramma<\/strong><\/td>\n<td data-start=\"1670\" data-end=\"1676\" data-col-size=\"md\">Ja<\/td>\n<\/tr>\n<tr data-start=\"1677\" data-end=\"1732\">\n<td data-start=\"1677\" data-end=\"1705\" data-col-size=\"sm\"><strong data-start=\"1679\" data-end=\"1698\">Energieverbruik<\/strong><\/td>\n<td data-start=\"1705\" data-end=\"1732\" data-col-size=\"md\">ca. 1450 W (indicatief)<\/td>\n<\/tr>\n<tr data-start=\"1733\" data-end=\"1796\">\n<td data-start=\"1733\" data-end=\"1761\" data-col-size=\"sm\"><strong data-start=\"1735\" data-end=\"1749\">Afmetingen<\/strong><\/td>\n<td data-start=\"1761\" data-end=\"1796\" data-col-size=\"md\">ca. 22 x 34 x 43 cm (B x H x D)<\/td>\n<\/tr>\n<tr data-start=\"1797\" data-end=\"1849\">\n<td data-start=\"1797\" data-end=\"1825\" data-col-size=\"sm\"><strong data-start=\"1799\" data-end=\"1808\">Kleur<\/strong><\/td>\n<td data-start=\"1825\" data-end=\"1849\" data-col-size=\"md\">Zwart \/ RVS accenten<\/td>\n<\/tr>\n<\/tbody>\n<\/table>\n<\/div>\n<\/div>","protected":false},"excerpt":{"rendered":"<p>Beschrijving Geniet elke dag van professionele koffiesmaak met de Philips Barista Brew PSA3228\/01. Dit moderne koffiezetapparaat combineert stijl, gebruiksgemak en<\/p>","protected":false},"featured_media":19963,"template":"","meta":[],"product_brand":[],"product_cat":[70],"product_tag":[71],"product_country":[1504],"class_list":{"0":"post-19962","1":"product","2":"type-product","3":"status-publish","4":"has-post-thumbnail","6":"product_cat-cofee-machine","7":"product_tag-cofee-machine","8":"product_country-netherlands","10":"first","11":"instock","12":"sale","13":"taxable","14":"shipping-taxable","15":"purchasable","16":"product-type-simple"},"_links":{"self":[{"href":"https:\/\/routinesfashione.com\/nl\/wp-json\/wp\/v2\/product\/19962","targetHints":{"allow":["GET"]}}],"collection":[{"href":"https:\/\/routinesfashione.com\/nl\/wp-json\/wp\/v2\/product"}],"about":[{"href":"https:\/\/routinesfashione.com\/nl\/wp-json\/wp\/v2\/types\/product"}],"wp:featuredmedia":[{"embeddable":true,"href":"https:\/\/routinesfashione.com\/nl\/wp-json\/wp\/v2\/media\/19963"}],"wp:attachment":[{"href":"https:\/\/routinesfashione.com\/nl\/wp-json\/wp\/v2\/media?parent=19962"}],"wp:term":[{"taxonomy":"product_brand","embeddable":true,"href":"https:\/\/routinesfashione.com\/nl\/wp-json\/wp\/v2\/product_brand?post=19962"},{"taxonomy":"product_cat","embeddable":true,"href":"https:\/\/routinesfashione.com\/nl\/wp-json\/wp\/v2\/product_cat?post=19962"},{"taxonomy":"product_tag","embeddable":true,"href":"https:\/\/routinesfashione.com\/nl\/wp-json\/wp\/v2\/product_tag?post=19962"},{"taxonomy":"product_country","embeddable":true,"href":"https:\/\/routinesfashione.com\/nl\/wp-json\/wp\/v2\/product_country?post=19962"}],"curies":[{"name":"wp","href":"https:\/\/api.w.org\/{rel}","templated":true}]}}