{"id":200,"date":"2025-09-30T20:55:54","date_gmt":"2025-09-30T20:55:54","guid":{"rendered":"https:\/\/lightgray-crow-170497.hostingersite.com\/?post_type=product&#038;p=200"},"modified":"2025-09-30T20:55:54","modified_gmt":"2025-09-30T20:55:54","slug":"tronconneuse-stihl-ms-400-c-m","status":"publish","type":"product","link":"https:\/\/routinesfashione.com\/nl\/produit\/tronconneuse-stihl-ms-400-c-m\/","title":{"rendered":"Tron\u00e7onneuse Stihl MS 400 C-M"},"content":{"rendered":"<p>Premi\u00e8re tron\u00e7onneuse dot\u00e9e d&#8217;un piston en magn\u00e9sium pour une plus grande long\u00e9vit\u00e9. Tr\u00e8s bonnes performances pour les travaux dans les peuplements de moyenne densit\u00e9. Le syst\u00e8me de filtre \u00e0 air longue dur\u00e9e avec filtre HD2 garantit une filtration tr\u00e8s efficace, M-Tronic pour une puissance moteur toujours optimale et un d\u00e9marrage facile gr\u00e2ce \u00e0 une position de d\u00e9marrage et une fonction de bouton d&#8217;arr\u00eat, des \u00e9crous imperdables sur le couvercle du pignon facilitent le remplacement de la cha\u00eene, moteur 2-MIX \u00e9conomique.<\/p>\n<p>Poids sans carburant, avec \u00e9quipement de coupe.<\/p>\n<p>\u00c9quipements de s\u00e9rie\u00a0:<\/p>\n<ul>\n<li>Moteur 2-MIX Stihl<\/li>\n<li>Piston en magn\u00e9sium<\/li>\n<li>Filtre HD2<\/li>\n<li>Levier combin\u00e9<\/li>\n<li>Syst\u00e8me de filtre \u00e0 air longue dur\u00e9e avec s\u00e9paration pr\u00e9liminaire<\/li>\n<li><span dir=\"auto\" style=\"vertical-align: inherit;\">Stihl M-Tronic (M)<\/span><\/li>\n<li>\u00c9crous imperdables<\/li>\n<li>Syst\u00e8me anti-vibration Stihl<\/li>\n<li>Soupape de d\u00e9compression<\/li>\n<li>Compensateur<\/li>\n<li>Pompe \u00e0 huile \u00e0 d\u00e9bit r\u00e9glable<\/li>\n<li>Tendeur de cha\u00eene lat\u00e9ral<\/li>\n<li>Syst\u00e8me Stihl ElastoStart<\/li>\n<li>Syst\u00e8me Ematic<\/li>\n<li>Pr\u00e9chauffage du carburateur<\/li>\n<li>Bouchons de r\u00e9servoir \u00e0 ouverture sans outil<\/li>\n<\/ul>\n<p>Caract\u00e9ristiques techniques\u00a0:<\/p>\n<ul>\n<li>Poids du syst\u00e8me sans carburant, avec guide-cha\u00eene et cha\u00eene\u00a0: 6,97 \/ 7,13 kg<\/li>\n<li>Longueur de guide\u00a0: 40-45 cm<\/li>\n<li><span dir=\"auto\" style=\"vertical-align: inherit;\">CO2 : 656 g\/kWh<\/span><\/li>\n<li>Poids sans carburant, ni guide, ni cha\u00eene\u00a0: 5,8\u00a0kg<\/li>\n<li>Cylindr\u00e9e\u00a0: 66,8 cm\u00b3<\/li>\n<li>Niveau de pression acoustique\u00a0: 107 dB(A)<\/li>\n<li>Pas de cha\u00eene\u00a0: 3\/8&#8243;<\/li>\n<li>Rapport poids\/puissance\u00a0: 1,45 kg\/kW<\/li>\n<li>Niveau de puissance acoustique\u00a0: 118\u00a0dB(A)<\/li>\n<li>Puissance\u00a0: 4,0\/5,4 kW\/CV<\/li>\n<li>Indice de vibration gauche\/droit\u00a0: 3,5\/3,5\u00a0m\/s\u00b2<\/li>\n<\/ul>","protected":false},"excerpt":{"rendered":"<p>Premi\u00e8re tron\u00e7onneuse dot\u00e9e d&#8217;un piston en magn\u00e9sium pour une plus grande long\u00e9vit\u00e9. Tr\u00e8s bonnes performances pour les travaux dans les<\/p>","protected":false},"featured_media":12962,"template":"","meta":[],"product_brand":[],"product_cat":[61],"product_tag":[],"product_country":[1503],"class_list":{"0":"post-200","1":"product","2":"type-product","3":"status-publish","4":"has-post-thumbnail","6":"product_cat-sale-france","7":"product_country-france","9":"first","10":"instock","11":"sale","12":"taxable","13":"shipping-taxable","14":"purchasable","15":"product-type-simple"},"_links":{"self":[{"href":"https:\/\/routinesfashione.com\/nl\/wp-json\/wp\/v2\/product\/200","targetHints":{"allow":["GET"]}}],"collection":[{"href":"https:\/\/routinesfashione.com\/nl\/wp-json\/wp\/v2\/product"}],"about":[{"href":"https:\/\/routinesfashione.com\/nl\/wp-json\/wp\/v2\/types\/product"}],"wp:featuredmedia":[{"embeddable":true,"href":"https:\/\/routinesfashione.com\/nl\/wp-json\/wp\/v2\/media\/12962"}],"wp:attachment":[{"href":"https:\/\/routinesfashione.com\/nl\/wp-json\/wp\/v2\/media?parent=200"}],"wp:term":[{"taxonomy":"product_brand","embeddable":true,"href":"https:\/\/routinesfashione.com\/nl\/wp-json\/wp\/v2\/product_brand?post=200"},{"taxonomy":"product_cat","embeddable":true,"href":"https:\/\/routinesfashione.com\/nl\/wp-json\/wp\/v2\/product_cat?post=200"},{"taxonomy":"product_tag","embeddable":true,"href":"https:\/\/routinesfashione.com\/nl\/wp-json\/wp\/v2\/product_tag?post=200"},{"taxonomy":"product_country","embeddable":true,"href":"https:\/\/routinesfashione.com\/nl\/wp-json\/wp\/v2\/product_country?post=200"}],"curies":[{"name":"wp","href":"https:\/\/api.w.org\/{rel}","templated":true}]}}