{"id":20120,"date":"2025-07-31T23:11:01","date_gmt":"2025-07-31T23:11:01","guid":{"rendered":"https:\/\/lightgray-crow-170497.hostingersite.com\/?post_type=product&#038;p=20120"},"modified":"2025-09-30T21:17:59","modified_gmt":"2025-09-30T21:17:59","slug":"bravilor-bonamat-mondo-2","status":"publish","type":"product","link":"https:\/\/routinesfashione.com\/nl\/produit\/bravilor-bonamat-mondo-2\/","title":{"rendered":"Bravilor Bonamat Mondo 2"},"content":{"rendered":"<div class=\"h3 product-detail-description-title\">Productinformatie &#8222;Koffiezetapparaat Novo &#8211; 2 Warmhoudplaten &#8211; 2x 1,7 Liter &#8211; 430(h)mm&#8220;<\/div>\n<div class=\"product-detail-description-text\">\n<h2 class=\"product-title\">Bravilor Novo koffiezetapparaat<\/h2>\n<p>Dit populaire Bravilor Novo koffiezetapparaat is perfect voor plekken zonder aansluiting op de waterleiding. Dit apparaat dient handmatig gevuld te worden en werkt met filters. Dit krachtige koffiezetapparaat is voorzien van 2 handige warmhoudplaatjes, \u00e9\u00e9n onderin en \u00e9\u00e9n bovenop, hij maakt snel, goede kwaliteit koffiie (vult een 1,7ltr kan in 5 min.) en is daarom erg geschikt voor evenementen- en mobiele catering. Compleet met 1 robuuste kan en een set papieren filters.<\/p>\n<ul>\n<li>Compleet met 1 glazen kan en een set papieren filters<\/li>\n<li>5 min. doorlooptijd<\/li>\n<li>Voor 24 kopjes<\/li>\n<li>Inhoud 2x 1,7ltr<\/li>\n<li>Dimensions 43(h) x 20,5(b) x 34(d)cm<\/li>\n<li>Output 18 ltr &#8211; ca. 144 kopjes p\/u<\/li>\n<li>Stekker meegeleverd Ja<\/li>\n<\/ul>\n<div id=\"specifications-heading\" class=\"accordion-header\"><strong>Specificaties\u00a0<\/strong><\/div>\n<div id=\"collapse-specifications\" class=\"accordion-collapse collapse show\" aria-labelledby=\"specifications-heading\">\n<div class=\"accordion-body\">\n<div class=\"product-detail-properties\">\n<div class=\"row product-detail-properties-container\">\n<div class=\"row table-wrapper m-0\">\n<div class=\"col-12 col-md-6 px-0\">\n<table class=\"table table-striped product-detail-properties-table\">\n<tbody>\n<tr class=\"properties-row\">\n<th class=\"properties-label\">Conditie:<\/th>\n<td class=\"properties-value\">Nieuw<\/td>\n<\/tr>\n<tr class=\"properties-row\">\n<th class=\"properties-label\">Breedte (mm):<\/th>\n<td class=\"properties-value\">205<\/td>\n<\/tr>\n<tr class=\"properties-row\">\n<th class=\"properties-label\">Enkelf\u00e4hig Score:<\/th>\n<td class=\"properties-value\">2.2<\/td>\n<\/tr>\n<tr class=\"properties-row\">\n<th class=\"properties-label\">Diepte (mm):<\/th>\n<td class=\"properties-value\">340<\/td>\n<\/tr>\n<tr class=\"properties-row\">\n<th class=\"properties-label\">Hoogte (mm):<\/th>\n<td class=\"properties-value\">430<\/td>\n<\/tr>\n<\/tbody>\n<\/table>\n<\/div>\n<div class=\"col-12 col-md-6 px-0\"><\/div>\n<\/div>\n<\/div>\n<\/div>\n<\/div>\n<\/div>\n<\/div>","protected":false},"excerpt":{"rendered":"<p>Productinformatie &#8222;Koffiezetapparaat Novo &#8211; 2 Warmhoudplaten &#8211; 2x 1,7 Liter &#8211; 430(h)mm&#8220; Bravilor Novo koffiezetapparaat Dit populaire Bravilor Novo koffiezetapparaat<\/p>","protected":false},"featured_media":20121,"template":"","meta":[],"product_brand":[],"product_cat":[70],"product_tag":[71],"product_country":[1504],"class_list":{"0":"post-20120","1":"product","2":"type-product","3":"status-publish","4":"has-post-thumbnail","6":"product_cat-cofee-machine","7":"product_tag-cofee-machine","8":"product_country-netherlands","10":"first","11":"instock","12":"sale","13":"taxable","14":"shipping-taxable","15":"purchasable","16":"product-type-simple"},"_links":{"self":[{"href":"https:\/\/routinesfashione.com\/nl\/wp-json\/wp\/v2\/product\/20120","targetHints":{"allow":["GET"]}}],"collection":[{"href":"https:\/\/routinesfashione.com\/nl\/wp-json\/wp\/v2\/product"}],"about":[{"href":"https:\/\/routinesfashione.com\/nl\/wp-json\/wp\/v2\/types\/product"}],"wp:featuredmedia":[{"embeddable":true,"href":"https:\/\/routinesfashione.com\/nl\/wp-json\/wp\/v2\/media\/20121"}],"wp:attachment":[{"href":"https:\/\/routinesfashione.com\/nl\/wp-json\/wp\/v2\/media?parent=20120"}],"wp:term":[{"taxonomy":"product_brand","embeddable":true,"href":"https:\/\/routinesfashione.com\/nl\/wp-json\/wp\/v2\/product_brand?post=20120"},{"taxonomy":"product_cat","embeddable":true,"href":"https:\/\/routinesfashione.com\/nl\/wp-json\/wp\/v2\/product_cat?post=20120"},{"taxonomy":"product_tag","embeddable":true,"href":"https:\/\/routinesfashione.com\/nl\/wp-json\/wp\/v2\/product_tag?post=20120"},{"taxonomy":"product_country","embeddable":true,"href":"https:\/\/routinesfashione.com\/nl\/wp-json\/wp\/v2\/product_country?post=20120"}],"curies":[{"name":"wp","href":"https:\/\/api.w.org\/{rel}","templated":true}]}}