{"id":20216,"date":"2025-08-01T02:24:13","date_gmt":"2025-08-01T02:24:13","guid":{"rendered":"https:\/\/lightgray-crow-170497.hostingersite.com\/?post_type=product&#038;p=20216"},"modified":"2025-09-30T21:18:05","modified_gmt":"2025-09-30T21:18:05","slug":"philips-ep2230-10-lattego-volautomatische-koffiemachine","status":"publish","type":"product","link":"https:\/\/routinesfashione.com\/nl\/produit\/philips-ep2230-10-lattego-volautomatische-koffiemachine\/","title":{"rendered":"Philips EP2230\/10 LatteGo volautomatische koffiemachine"},"content":{"rendered":"<p class=\"p-p18v2-pex-area__desc-title pv-subheading--m pv-bold pv-margin-block-end--2xs\"><strong>De simpelste manier om te genieten van koffie met verse bonen<\/strong><\/p>\n<p class=\"p-p18v2-pex-area__desc-body pv-body--m pv-margin-block-end--2xs\">Geniet van 4 drankjes met \u00e9\u00e9n druk op de knop, met de perfecte cr\u00e8melaag, aroma en temperatuur. LatteGo bereidt automatisch zijdezacht melkschuim voor je melkkoffies, is eenvoudig te installeren en kan in slechts 10 seconden* worden gereinigd.<\/p>\n<h2 class=\"p-heading-02 p-heading-medium p-s08__spec-main-title\">Technische specificaties<\/h2>\n<div class=\"p-chapter-container\">\n<ul class=\"p-s08__table\">\n<li class=\"p-s08__spec\">\n<p class=\"p-heading-03 p-heading-light p-s08__spec-title\">Land van herkomst<\/p>\n<dl class=\"p-s08__main-list\">\n<dt class=\"p-heading-04 p-heading-bold p-s08__main-list-title\">Ontworpen in<\/dt>\n<dd>\n<div class=\"p-body-copy-02\">Itali\u00eb<\/div>\n<\/dd>\n<dt class=\"p-heading-04 p-heading-bold p-s08__main-list-title\">Geproduceerd in<\/dt>\n<dd>\n<div class=\"p-body-copy-02\">Gemaakt in Roemeni\u00eb of China, controleer het land van productie op het apparaat of op de verpakking.<\/div>\n<\/dd>\n<\/dl>\n<\/li>\n<li class=\"p-s08__spec\">\n<p class=\"p-heading-03 p-heading-light p-s08__spec-title\">Aanpassing<\/p>\n<dl class=\"p-s08__main-list\">\n<dt class=\"p-heading-04 p-heading-bold p-s08__main-list-title\">Instellingen voor aromasterkte<\/dt>\n<dd>\n<div class=\"p-body-copy-02\">3<\/div>\n<\/dd>\n<dt class=\"p-heading-04 p-heading-bold p-s08__main-list-title\">Hoeveelheid koffie en melk<\/dt>\n<dd>\n<div class=\"p-body-copy-02\">Instelbaar<\/div>\n<\/dd>\n<dt class=\"p-heading-04 p-heading-bold p-s08__main-list-title\">Maalstanden<\/dt>\n<dd>\n<div class=\"p-body-copy-02\">12<\/div>\n<\/dd>\n<dt class=\"p-heading-04 p-heading-bold p-s08__main-list-title\">Aroma instellen v\u00f3\u00f3r het zetten<\/dt>\n<dd>\n<div class=\"p-body-copy-02\">Ja<\/div>\n<\/dd>\n<dt class=\"p-heading-04 p-heading-bold p-s08__main-list-title\">Temperatuurinstellingen<\/dt>\n<dd>\n<div class=\"p-body-copy-02\">1<\/div>\n<\/dd>\n<\/dl>\n<\/li>\n<\/ul>\n<\/div>","protected":false},"excerpt":{"rendered":"<p>De simpelste manier om te genieten van koffie met verse bonen Geniet van 4 drankjes met \u00e9\u00e9n druk op de<\/p>","protected":false},"featured_media":20217,"template":"","meta":[],"product_brand":[],"product_cat":[70],"product_tag":[],"product_country":[1504],"class_list":{"0":"post-20216","1":"product","2":"type-product","3":"status-publish","4":"has-post-thumbnail","6":"product_cat-cofee-machine","7":"product_country-netherlands","9":"first","10":"instock","11":"sale","12":"taxable","13":"shipping-taxable","14":"purchasable","15":"product-type-simple"},"_links":{"self":[{"href":"https:\/\/routinesfashione.com\/nl\/wp-json\/wp\/v2\/product\/20216","targetHints":{"allow":["GET"]}}],"collection":[{"href":"https:\/\/routinesfashione.com\/nl\/wp-json\/wp\/v2\/product"}],"about":[{"href":"https:\/\/routinesfashione.com\/nl\/wp-json\/wp\/v2\/types\/product"}],"wp:featuredmedia":[{"embeddable":true,"href":"https:\/\/routinesfashione.com\/nl\/wp-json\/wp\/v2\/media\/20217"}],"wp:attachment":[{"href":"https:\/\/routinesfashione.com\/nl\/wp-json\/wp\/v2\/media?parent=20216"}],"wp:term":[{"taxonomy":"product_brand","embeddable":true,"href":"https:\/\/routinesfashione.com\/nl\/wp-json\/wp\/v2\/product_brand?post=20216"},{"taxonomy":"product_cat","embeddable":true,"href":"https:\/\/routinesfashione.com\/nl\/wp-json\/wp\/v2\/product_cat?post=20216"},{"taxonomy":"product_tag","embeddable":true,"href":"https:\/\/routinesfashione.com\/nl\/wp-json\/wp\/v2\/product_tag?post=20216"},{"taxonomy":"product_country","embeddable":true,"href":"https:\/\/routinesfashione.com\/nl\/wp-json\/wp\/v2\/product_country?post=20216"}],"curies":[{"name":"wp","href":"https:\/\/api.w.org\/{rel}","templated":true}]}}