{"id":20908,"date":"2025-08-02T22:53:26","date_gmt":"2025-08-02T22:53:26","guid":{"rendered":"https:\/\/lightgray-crow-170497.hostingersite.com\/?post_type=product&#038;p=20908"},"modified":"2025-09-30T21:15:05","modified_gmt":"2025-09-30T21:15:05","slug":"tuinhuis-donkerbruin-192x357x223-cm-gegalvaniseerd-staal","status":"publish","type":"product","link":"https:\/\/routinesfashione.com\/nl\/produit\/tuinhuis-donkerbruin-192x357x223-cm-gegalvaniseerd-staal\/","title":{"rendered":"Tuinhuis Donkerbruin 192x357x223 Cm Gegalvaniseerd Staal"},"content":{"rendered":"<h2 id=\"product_description\" class=\"slot__title mt-none\" data-test=\"title\">Tuinschuur 192x606x223 cm gegalvaniseerd staal lichtbruin<\/h2>\n<div class=\"js_show-more-description show-more active\">\n<div class=\"js_show-more-holder show-more-holder show-more--l product-tracklists-show-more--animate\">\n<div class=\"js_description_content js_show-more-content\">\n<div class=\"product-description\" data-test=\"description\">\n<p>Deze schuur is de ideale opbergoplossing voor buitenshuis, voor spullen zoals fietsen, tuinspullen, zwembadbenodigdheden en tuingereedschap.<\/p>\n<p>&nbsp;<\/p>\n<ul>\n<li>Duurzaam materiaal: de tuinschuur is van gegalvaniseerd staal gemaakt, dat duurzaam is, niet roest of door weersomstandigheden wordt be\u00efnvloedt.<\/li>\n<li>Veel opbergruimte: de gereedschapsberging is verrassend ruim, zodat je er een verscheidenheid aan gereedschap, tuinmeubels en apparatuur in op kunt bergen.<\/li>\n<li>Praktisch ontwerp: de schuur heeft aan de voor- en achterzijde ventilatieopeningen, wat voor een uitstekende ventilatie zorgt. Dankzij de schuifdeuren kun je eenvoudig naar binnen en naar buiten stappen.<\/li>\n<\/ul>\n<p>&nbsp;<\/p>\n<p>Opmerking:<\/p>\n<ul>\n<li>Bij elk product wordt een montagehandleiding in de doos geleverd, voor eenvoudige montage.<\/li>\n<\/ul>\n<h3><strong>Jouw voordelen<\/strong><\/h3>\n<ul>\n<li>Deze schuur is de ideale opbergoplossing voor buitenshuis, voor spullen zoals fietsen, tuinspullen, zwembadbenodigdheden en tuingereedschap.<\/li>\n<\/ul>\n<h3>Overige specificaties<\/h3>\n<ul>\n<li>Kleur: lichtbruin<\/li>\n<li>Materiaal: gegalvaniseerd staal<\/li>\n<li>Totale afmetingen: 192 x 606 x 223 cm (L x B x H)<\/li>\n<li>Afmetingen deur: 80 x 194 cm (L x H)<\/li>\n<\/ul>\n<h3>Verpakkingsinhoud<\/h3>\n<ul>\n<li>Tuinschuur 192x606x223 cm gegalvaniseerd staal lichtbruin (1x)<\/li>\n<\/ul>\n<h3>Goed om te weten<\/h3>\n<ul>\n<li>Uw bestelling wordt in\u00a0<strong>8 pakketten geleverd<\/strong>. U krijgt direct uw bezorginformatie van ons wanner uw bestelling succesvol is ingepakt. In sommige gevallen kan het voorkomen dat uw bestelling niet in \u00e9\u00e9n keer bij u aankomt. In dat geval wordt veelal de overige pakketten \u00e9\u00e9n dag later geleverd. Dit kunt u vinden de mail omtrent uw bezorginformatie. Wij wensen u veel plezier met uw aankoop.<\/li>\n<\/ul>\n<h3>Onze belofte<\/h3>\n<ul>\n<li>Wij vinden het erg belangrijk dat u\u00a0<strong>zorgeloos<\/strong>\u00a0en zonder\u00a0<strong>moeite<\/strong>\u00a0online moet kunnen winkelen. Daarbij hoort een fijne service!<\/li>\n<li>Wij willen deze service graag aanbieden aan u als klant. Bij ons kunt u er\u00a0<strong>altijd<\/strong>\u00a0van op aan dat uw bestelling\u00a0<strong>gratis<\/strong>\u00a0bij u geleverd wordt. Geen verborgen of extra kosten dus!<\/li>\n<li>Bent u toch niet helemaal tevreden met uw bestelling dan zorgen wij ervoor dat u uw bestelling ook\u00a0<strong>altijd<\/strong>\u00a0kunt retourneren aan ons!<\/li>\n<li>Heeft u nog overige vragen over uw product of over uw bestelling, dan staan onze specialisten voor u klaar!<\/li>\n<\/ul>\n<\/div>\n<\/div>\n<\/div>\n<\/div>","protected":false},"excerpt":{"rendered":"<p>Tuinschuur 192x606x223 cm gegalvaniseerd staal lichtbruin Deze schuur is de ideale opbergoplossing voor buitenshuis, voor spullen zoals fietsen, tuinspullen, zwembadbenodigdheden<\/p>","protected":false},"featured_media":20909,"template":"","meta":[],"product_brand":[],"product_cat":[76],"product_tag":[77],"product_country":[1504],"class_list":{"0":"post-20908","1":"product","2":"type-product","3":"status-publish","4":"has-post-thumbnail","6":"product_cat-shed","7":"product_tag-shed","8":"product_country-netherlands","10":"first","11":"instock","12":"sale","13":"taxable","14":"shipping-taxable","15":"purchasable","16":"product-type-simple"},"_links":{"self":[{"href":"https:\/\/routinesfashione.com\/nl\/wp-json\/wp\/v2\/product\/20908","targetHints":{"allow":["GET"]}}],"collection":[{"href":"https:\/\/routinesfashione.com\/nl\/wp-json\/wp\/v2\/product"}],"about":[{"href":"https:\/\/routinesfashione.com\/nl\/wp-json\/wp\/v2\/types\/product"}],"wp:featuredmedia":[{"embeddable":true,"href":"https:\/\/routinesfashione.com\/nl\/wp-json\/wp\/v2\/media\/20909"}],"wp:attachment":[{"href":"https:\/\/routinesfashione.com\/nl\/wp-json\/wp\/v2\/media?parent=20908"}],"wp:term":[{"taxonomy":"product_brand","embeddable":true,"href":"https:\/\/routinesfashione.com\/nl\/wp-json\/wp\/v2\/product_brand?post=20908"},{"taxonomy":"product_cat","embeddable":true,"href":"https:\/\/routinesfashione.com\/nl\/wp-json\/wp\/v2\/product_cat?post=20908"},{"taxonomy":"product_tag","embeddable":true,"href":"https:\/\/routinesfashione.com\/nl\/wp-json\/wp\/v2\/product_tag?post=20908"},{"taxonomy":"product_country","embeddable":true,"href":"https:\/\/routinesfashione.com\/nl\/wp-json\/wp\/v2\/product_country?post=20908"}],"curies":[{"name":"wp","href":"https:\/\/api.w.org\/{rel}","templated":true}]}}