{"id":212,"date":"2025-09-30T20:55:54","date_gmt":"2025-09-30T20:55:54","guid":{"rendered":"https:\/\/lightgray-crow-170497.hostingersite.com\/?post_type=product&#038;p=212"},"modified":"2025-09-30T20:55:54","modified_gmt":"2025-09-30T20:55:54","slug":"stihl-rma-443-3-accu-grasmaaier","status":"publish","type":"product","link":"https:\/\/routinesfashione.com\/nl\/produit\/stihl-rma-443-3-accu-grasmaaier\/","title":{"rendered":"Tondeuse \u00e0 gazon sans fil Stihl RMA 443.3"},"content":{"rendered":"<h3 data-start=\"139\" data-end=\"174\"><strong data-start=\"146\" data-end=\"172\">Description du produit<\/strong><\/h3>\n<p data-start=\"175\" data-end=\"686\">La <strong data-start=\"178\" data-end=\"197\">Stihl RMA 443.3<\/strong> est une tondeuse \u00e0 gazon sans fil robuste et performante, id\u00e9ale pour les pelouses de taille moyenne. Aliment\u00e9e par le syst\u00e8me <strong data-start=\"325\" data-end=\"337\">AK ou AP<\/strong> selon la version, elle allie puissance, silence et confort d\u2019utilisation. Son carter l\u00e9ger mais r\u00e9sistant et son r\u00e9glage centralis\u00e9 de la hauteur de coupe garantissent un travail pr\u00e9cis et homog\u00e8ne. Gr\u00e2ce \u00e0 son bac de ramassage spacieux et \u00e0 son guidon ergonomique, elle offre un entretien du gazon efficace, sans effort et sans \u00e9mission directe.<\/p>\n<h3 data-start=\"693\" data-end=\"733\"><strong data-start=\"700\" data-end=\"731\">Caract\u00e9ristiques techniques<\/strong><\/h3>\n<div class=\"_tableContainer_1rjym_1\">\n<div class=\"group _tableWrapper_1rjym_13 flex w-fit flex-col-reverse\" tabindex=\"-1\">\n<table class=\"w-fit min-w-(--thread-content-width)\" data-start=\"735\" data-end=\"1560\">\n<thead data-start=\"735\" data-end=\"771\">\n<tr data-start=\"735\" data-end=\"771\">\n<th data-start=\"735\" data-end=\"757\" data-col-size=\"sm\"><strong data-start=\"737\" data-end=\"756\">Caract\u00e9ristique<\/strong><\/th>\n<th data-start=\"757\" data-end=\"771\" data-col-size=\"md\"><strong data-start=\"759\" data-end=\"769\">D\u00e9tail<\/strong><\/th>\n<\/tr>\n<\/thead>\n<tbody data-start=\"809\" data-end=\"1560\">\n<tr data-start=\"809\" data-end=\"849\">\n<td data-start=\"809\" data-end=\"820\" data-col-size=\"sm\"><strong data-start=\"811\" data-end=\"819\">Type<\/strong><\/td>\n<td data-start=\"820\" data-end=\"849\" data-col-size=\"md\">Tondeuse \u00e0 gazon sans fil<\/td>\n<\/tr>\n<tr data-start=\"850\" data-end=\"882\">\n<td data-start=\"850\" data-end=\"863\" data-col-size=\"sm\"><strong data-start=\"852\" data-end=\"862\">Mod\u00e8le<\/strong><\/td>\n<td data-start=\"863\" data-end=\"882\" data-col-size=\"md\">Stihl RMA 443.3<\/td>\n<\/tr>\n<tr data-start=\"883\" data-end=\"985\">\n<td data-start=\"883\" data-end=\"902\" data-col-size=\"sm\"><strong data-start=\"885\" data-end=\"901\">Alimentation<\/strong><\/td>\n<td data-start=\"902\" data-end=\"985\" data-col-size=\"md\">Batterie Lithium-ion Stihl (AK-System ou AP-System selon version) \u2013 non incluse<\/td>\n<\/tr>\n<tr data-start=\"986\" data-end=\"1043\">\n<td data-start=\"986\" data-end=\"1009\" data-col-size=\"sm\"><strong data-start=\"988\" data-end=\"1008\">Largeur de coupe<\/strong><\/td>\n<td data-start=\"1009\" data-end=\"1043\" data-col-size=\"md\">41\u201343 cm (selon configuration)<\/td>\n<\/tr>\n<tr data-start=\"1044\" data-end=\"1120\">\n<td data-start=\"1044\" data-end=\"1075\" data-col-size=\"sm\"><strong data-start=\"1046\" data-end=\"1074\">R\u00e9glage hauteur de coupe<\/strong><\/td>\n<td data-start=\"1075\" data-end=\"1120\" data-col-size=\"md\">Centralis\u00e9, env. 25 \u2013 75 mm (6 positions)<\/td>\n<\/tr>\n<tr data-start=\"1121\" data-end=\"1172\">\n<td data-start=\"1121\" data-end=\"1156\" data-col-size=\"sm\"><strong data-start=\"1123\" data-end=\"1155\">Capacit\u00e9 du bac de ramassage<\/strong><\/td>\n<td data-start=\"1156\" data-end=\"1172\" data-col-size=\"md\">55 L environ<\/td>\n<\/tr>\n<tr data-start=\"1173\" data-end=\"1246\">\n<td data-start=\"1173\" data-end=\"1189\" data-col-size=\"sm\"><strong data-start=\"1175\" data-end=\"1188\">Fonctions<\/strong><\/td>\n<td data-start=\"1189\" data-end=\"1246\" data-col-size=\"md\">Ramassage, \u00e9jection arri\u00e8re, mulching (kit optionnel)<\/td>\n<\/tr>\n<tr data-start=\"1247\" data-end=\"1311\">\n<td data-start=\"1247\" data-end=\"1272\" data-col-size=\"sm\"><strong data-start=\"1249\" data-end=\"1271\">Mat\u00e9riau du carter<\/strong><\/td>\n<td data-start=\"1272\" data-end=\"1311\" data-col-size=\"md\">Polym\u00e8re renforc\u00e9, l\u00e9ger et robuste<\/td>\n<\/tr>\n<tr data-start=\"1312\" data-end=\"1386\">\n<td data-start=\"1312\" data-end=\"1325\" data-col-size=\"sm\"><strong data-start=\"1314\" data-end=\"1324\">Guidon<\/strong><\/td>\n<td data-start=\"1325\" data-end=\"1386\" data-col-size=\"md\">Ergonomique, r\u00e9glable et repliable pour rangement compact<\/td>\n<\/tr>\n<tr data-start=\"1387\" data-end=\"1429\">\n<td data-start=\"1387\" data-end=\"1399\" data-col-size=\"sm\"><strong data-start=\"1389\" data-end=\"1398\">Poids<\/strong><\/td>\n<td data-start=\"1399\" data-end=\"1429\" data-col-size=\"md\">21 \u2013 24 kg (hors batterie)<\/td>\n<\/tr>\n<tr data-start=\"1430\" data-end=\"1490\">\n<td data-start=\"1430\" data-end=\"1450\" data-col-size=\"sm\"><strong data-start=\"1432\" data-end=\"1449\">Niveau sonore<\/strong><\/td>\n<td data-start=\"1450\" data-end=\"1490\" data-col-size=\"md\">Silencieuse et sans \u00e9mission directe<\/td>\n<\/tr>\n<tr data-start=\"1491\" data-end=\"1560\">\n<td data-start=\"1491\" data-end=\"1521\" data-col-size=\"sm\"><strong data-start=\"1493\" data-end=\"1520\">Utilisation recommand\u00e9e<\/strong><\/td>\n<td data-start=\"1521\" data-end=\"1560\" data-col-size=\"md\">Pelouses de taille moyenne \u00e0 grande<\/td>\n<\/tr>\n<\/tbody>\n<\/table>\n<\/div>\n<\/div>","protected":false},"excerpt":{"rendered":"<p>Description du produit La Stihl RMA 443.3 est une tondeuse \u00e0 gazon sans fil robuste et performante, id\u00e9ale pour les<\/p>","protected":false},"featured_media":19485,"template":"","meta":[],"product_brand":[],"product_cat":[64],"product_tag":[65],"product_country":[1503],"class_list":{"0":"post-212","1":"product","2":"type-product","3":"status-publish","4":"has-post-thumbnail","6":"product_cat-movers","7":"product_tag-movers","8":"product_country-france","10":"first","11":"instock","12":"sale","13":"taxable","14":"shipping-taxable","15":"purchasable","16":"product-type-simple"},"_links":{"self":[{"href":"https:\/\/routinesfashione.com\/nl\/wp-json\/wp\/v2\/product\/212","targetHints":{"allow":["GET"]}}],"collection":[{"href":"https:\/\/routinesfashione.com\/nl\/wp-json\/wp\/v2\/product"}],"about":[{"href":"https:\/\/routinesfashione.com\/nl\/wp-json\/wp\/v2\/types\/product"}],"wp:featuredmedia":[{"embeddable":true,"href":"https:\/\/routinesfashione.com\/nl\/wp-json\/wp\/v2\/media\/19485"}],"wp:attachment":[{"href":"https:\/\/routinesfashione.com\/nl\/wp-json\/wp\/v2\/media?parent=212"}],"wp:term":[{"taxonomy":"product_brand","embeddable":true,"href":"https:\/\/routinesfashione.com\/nl\/wp-json\/wp\/v2\/product_brand?post=212"},{"taxonomy":"product_cat","embeddable":true,"href":"https:\/\/routinesfashione.com\/nl\/wp-json\/wp\/v2\/product_cat?post=212"},{"taxonomy":"product_tag","embeddable":true,"href":"https:\/\/routinesfashione.com\/nl\/wp-json\/wp\/v2\/product_tag?post=212"},{"taxonomy":"product_country","embeddable":true,"href":"https:\/\/routinesfashione.com\/nl\/wp-json\/wp\/v2\/product_country?post=212"}],"curies":[{"name":"wp","href":"https:\/\/api.w.org\/{rel}","templated":true}]}}