{"id":2129,"date":"2025-09-30T20:53:31","date_gmt":"2025-09-30T20:53:31","guid":{"rendered":"https:\/\/lightgray-crow-170497.hostingersite.com\/?post_type=product&#038;p=2129"},"modified":"2025-09-30T20:53:31","modified_gmt":"2025-09-30T20:53:31","slug":"detec-generateur-electrique-a-essence-7000-watts-7kw-18-ch-400v-detec","status":"publish","type":"product","link":"https:\/\/routinesfashione.com\/nl\/produit\/detec-generateur-electrique-a-essence-7000-watts-7kw-18-ch-400v-detec\/","title":{"rendered":"DeTec G\u00e9n\u00e9rateur \u00c9lectrique \u00c0 Essence 7000 Watts 7Kw 18 Ch 400V. DeTec"},"content":{"rendered":"<div class=\"ux-layout-section-evo__row\">\n<div class=\"ux-layout-section-evo__col\">\n<dl class=\"ux-labels-values ux-labels-values--inline col-6 false ux-labels-values--condition\" data-testid=\"ux-labels-values\">\n<dt class=\"ux-labels-values__labels\">\n<div class=\"ux-labels-values__labels-content\">\n<div><span class=\"ux-textspans\">\u00c9tat<\/span><\/div>\n<\/div>\n<\/dt>\n<dd class=\"ux-labels-values__values\">\n<div class=\"ux-labels-values__values-content\">\n<div><span class=\"ux-expandable-textual-display-block-inline\"><span data-testid=\"text\"><span class=\"ux-textspans\">Neuf: Objet neuf et intact, n&#8217;ayant jamais servi, non ouvert, vendu dans son emballage d&#8217;origine ..<\/span><\/span><\/span><\/div>\n<\/div>\n<\/dd>\n<\/dl>\n<\/div>\n<div class=\"ux-layout-section-evo__col\">\n<dl class=\"ux-labels-values ux-labels-values--inline col-6 false ux-labels-values--utilisation\" data-testid=\"ux-labels-values\">\n<dt class=\"ux-labels-values__labels\">\n<div class=\"ux-labels-values__labels-content\">\n<div><span class=\"ux-textspans\">Utilisation<\/span><\/div>\n<\/div>\n<\/dt>\n<dd class=\"ux-labels-values__values\">\n<div class=\"ux-labels-values__values-content\">\n<div><span class=\"ux-textspans\">Chantier<\/span><\/div>\n<\/div>\n<\/dd>\n<\/dl>\n<\/div>\n<\/div>\n<div class=\"ux-layout-section-evo__row\">\n<div class=\"ux-layout-section-evo__col\">\n<dl class=\"ux-labels-values ux-labels-values--inline col-6 false ux-labels-values--produit,Article\" data-testid=\"ux-labels-values\">\n<dt class=\"ux-labels-values__labels\">\n<div class=\"ux-labels-values__labels-content\">\n<div><span class=\"ux-textspans\">Produit, article<\/span><\/div>\n<\/div>\n<\/dt>\n<dd class=\"ux-labels-values__values\">\n<div class=\"ux-labels-values__values-content\">\n<div><span class=\"ux-textspans\">Groupe \u00c9lectrog\u00e8ne<\/span><\/div>\n<\/div>\n<\/dd>\n<\/dl>\n<\/div>\n<div class=\"ux-layout-section-evo__col\">\n<dl class=\"ux-labels-values ux-labels-values--inline col-6 false ux-labels-values--sp\u00e9cial\" data-testid=\"ux-labels-values\">\n<dt class=\"ux-labels-values__labels\">\n<div class=\"ux-labels-values__labels-content\">\n<div><span class=\"ux-textspans\">sp\u00e9cial<\/span><\/div>\n<\/div>\n<\/dt>\n<dd class=\"ux-labels-values__values\">\n<div class=\"ux-labels-values__values-content\">\n<div><span class=\"ux-textspans\">Pieds anti-vibration, Terminaux de charge DC, Application facile<\/span><\/div>\n<\/div>\n<\/dd>\n<\/dl>\n<\/div>\n<\/div>\n<div class=\"ux-layout-section-evo__row\">\n<div class=\"ux-layout-section-evo__col\">\n<dl class=\"ux-labels-values ux-labels-values--inline col-6 false ux-labels-values--montageN\u00e9cessaire\" data-testid=\"ux-labels-values\">\n<dt class=\"ux-labels-values__labels\">\n<div class=\"ux-labels-values__labels-content\">\n<div><span class=\"ux-textspans\">Montage n\u00e9cessaire<\/span><\/div>\n<\/div>\n<\/dt>\n<dd class=\"ux-labels-values__values\">\n<div class=\"ux-labels-values__values-content\">\n<div><span class=\"ux-textspans\">Oui<\/span><\/div>\n<\/div>\n<\/dd>\n<\/dl>\n<\/div>\n<div class=\"ux-layout-section-evo__col\">\n<dl class=\"ux-labels-values ux-labels-values--inline col-6 false ux-labels-values--alimentation.\" data-testid=\"ux-labels-values\">\n<dt class=\"ux-labels-values__labels\">\n<div class=\"ux-labels-values__labels-content\">\n<div><span class=\"ux-textspans\">Alimentation.<\/span><\/div>\n<\/div>\n<\/dt>\n<dd class=\"ux-labels-values__values\">\n<div class=\"ux-labels-values__values-content\">\n<div><span class=\"ux-textspans\">\u00c0 Essence<\/span><\/div>\n<\/div>\n<\/dd>\n<\/dl>\n<\/div>\n<\/div>\n<div class=\"ux-layout-section-evo__row\">\n<div class=\"ux-layout-section-evo__col\">\n<dl class=\"ux-labels-values ux-labels-values--inline col-6 false ux-labels-values--num\u00e9roDePi\u00e8ceFabricant\" data-testid=\"ux-labels-values\">\n<dt class=\"ux-labels-values__labels\">\n<div class=\"ux-labels-values__labels-content\">\n<div><span class=\"ux-textspans\">Num\u00e9ro de pi\u00e8ce fabricant<\/span><\/div>\n<\/div>\n<\/dt>\n<dd class=\"ux-labels-values__values\">\n<div class=\"ux-labels-values__values-content\">\n<div><span class=\"ux-textspans\">DT-LB7500E-3<\/span><\/div>\n<\/div>\n<\/dd>\n<\/dl>\n<\/div>\n<div class=\"ux-layout-section-evo__col\">\n<dl class=\"ux-labels-values ux-labels-values--inline col-6 false ux-labels-values--batterieIncluant\" data-testid=\"ux-labels-values\">\n<dt class=\"ux-labels-values__labels\">\n<div class=\"ux-labels-values__labels-content\">\n<div><span class=\"ux-textspans\">Batterie incluant<\/span><\/div>\n<\/div>\n<\/dt>\n<dd class=\"ux-labels-values__values\">\n<div class=\"ux-labels-values__values-content\">\n<div><span class=\"ux-textspans\">Oui<\/span><\/div>\n<\/div>\n<\/dd>\n<\/dl>\n<\/div>\n<\/div>\n<div class=\"ux-layout-section-evo__row\">\n<div class=\"ux-layout-section-evo__col\">\n<dl class=\"ux-labels-values ux-labels-values--inline col-6 false ux-labels-values--portable\" data-testid=\"ux-labels-values\">\n<dt class=\"ux-labels-values__labels\">\n<div class=\"ux-labels-values__labels-content\">\n<div><span class=\"ux-textspans\">Portable<\/span><\/div>\n<\/div>\n<\/dt>\n<dd class=\"ux-labels-values__values\">\n<div class=\"ux-labels-values__values-content\">\n<div><span class=\"ux-textspans\">Oui<\/span><\/div>\n<\/div>\n<\/dd>\n<\/dl>\n<\/div>\n<div class=\"ux-layout-section-evo__col\">\n<dl class=\"ux-labels-values ux-labels-values--inline col-6 false ux-labels-values--niveauDePuissanceAcoustique\" data-testid=\"ux-labels-values\">\n<dt class=\"ux-labels-values__labels\">\n<div class=\"ux-labels-values__labels-content\">\n<div><span class=\"ux-textspans\">Niveau De Puissance Acoustique<\/span><\/div>\n<\/div>\n<\/dt>\n<dd class=\"ux-labels-values__values\">\n<div class=\"ux-labels-values__values-content\">\n<div><span class=\"ux-textspans\">78 dB<\/span><\/div>\n<\/div>\n<\/dd>\n<\/dl>\n<\/div>\n<\/div>\n<div class=\"ux-layout-section-evo__row\">\n<div class=\"ux-layout-section-evo__col\">\n<dl class=\"ux-labels-values ux-labels-values--inline col-6 false ux-labels-values--refroidissement\" data-testid=\"ux-labels-values\">\n<dt class=\"ux-labels-values__labels\">\n<div class=\"ux-labels-values__labels-content\">\n<div><span class=\"ux-textspans\">Refroidissement<\/span><\/div>\n<\/div>\n<\/dt>\n<dd class=\"ux-labels-values__values\">\n<div class=\"ux-labels-values__values-content\">\n<div><span class=\"ux-textspans\">Air<\/span><\/div>\n<\/div>\n<\/dd>\n<\/dl>\n<\/div>\n<div class=\"ux-layout-section-evo__col\">\n<dl class=\"ux-labels-values ux-labels-values--inline col-6 false ux-labels-values--volumeDeR\u00e9servoir\" data-testid=\"ux-labels-values\">\n<dt class=\"ux-labels-values__labels\">\n<div class=\"ux-labels-values__labels-content\">\n<div><span class=\"ux-textspans\">Volume De R\u00e9servoir<\/span><\/div>\n<\/div>\n<\/dt>\n<dd class=\"ux-labels-values__values\">\n<div class=\"ux-labels-values__values-content\">\n<div><span class=\"ux-textspans\">25L<\/span><\/div>\n<\/div>\n<\/dd>\n<\/dl>\n<\/div>\n<\/div>\n<div class=\"ux-layout-section-evo__row\">\n<div class=\"ux-layout-section-evo__col\">\n<dl class=\"ux-labels-values ux-labels-values--inline col-6 false ux-labels-values--poids(kg)\" data-testid=\"ux-labels-values\">\n<dt class=\"ux-labels-values__labels\">\n<div class=\"ux-labels-values__labels-content\">\n<div><span class=\"ux-textspans\">Poids (kg)<\/span><\/div>\n<\/div>\n<\/dt>\n<dd class=\"ux-labels-values__values\">\n<div class=\"ux-labels-values__values-content\">\n<div><span class=\"ux-textspans\">86 kg<\/span><\/div>\n<\/div>\n<\/dd>\n<\/dl>\n<\/div>\n<div class=\"ux-layout-section-evo__col\">\n<dl class=\"ux-labels-values ux-labels-values--inline col-6 false ux-labels-values--typeDeCarburant\" data-testid=\"ux-labels-values\">\n<dt class=\"ux-labels-values__labels\">\n<div class=\"ux-labels-values__labels-content\">\n<div><span class=\"ux-textspans\">Type De Carburant<\/span><\/div>\n<\/div>\n<\/dt>\n<dd class=\"ux-labels-values__values\">\n<div class=\"ux-labels-values__values-content\">\n<div><span class=\"ux-textspans\">\u00c0 Essence<\/span><\/div>\n<\/div>\n<\/dd>\n<\/dl>\n<\/div>\n<\/div>\n<div class=\"ux-layout-section-evo__row\">\n<div class=\"ux-layout-section-evo__col\">\n<dl class=\"ux-labels-values ux-labels-values--inline col-6 false ux-labels-values--potence\" data-testid=\"ux-labels-values\">\n<dt class=\"ux-labels-values__labels\">\n<div class=\"ux-labels-values__labels-content\">\n<div><span class=\"ux-textspans\">Potence<\/span><\/div>\n<\/div>\n<\/dt>\n<dd class=\"ux-labels-values__values\">\n<div class=\"ux-labels-values__values-content\">\n<div><span class=\"ux-textspans\">7000 watts<\/span><\/div>\n<\/div>\n<\/dd>\n<\/dl>\n<\/div>\n<div class=\"ux-layout-section-evo__col\">\n<dl class=\"ux-labels-values ux-labels-values--inline col-6 false ux-labels-values--tension\" data-testid=\"ux-labels-values\">\n<dt class=\"ux-labels-values__labels\">\n<div class=\"ux-labels-values__labels-content\">\n<div><span class=\"ux-textspans\">tension<\/span><\/div>\n<\/div>\n<\/dt>\n<dd class=\"ux-labels-values__values\">\n<div class=\"ux-labels-values__values-content\">\n<div><span class=\"ux-textspans\">3x230v et 1x400v<\/span><\/div>\n<\/div>\n<\/dd>\n<\/dl>\n<\/div>\n<\/div>\n<div class=\"ux-layout-section-evo__row\">\n<div class=\"ux-layout-section-evo__col\">\n<dl class=\"ux-labels-values ux-labels-values--inline col-6 false ux-labels-values--inclusDansLaLivraison\" data-testid=\"ux-labels-values\">\n<dt class=\"ux-labels-values__labels\">\n<div class=\"ux-labels-values__labels-content\">\n<div><span class=\"ux-textspans\">inclus dans la livraison<\/span><\/div>\n<\/div>\n<\/dt>\n<dd class=\"ux-labels-values__values\">\n<div class=\"ux-labels-values__values-content\">\n<div><span class=\"ux-textspans\">Manuel d&#8217;utilisation, Terminaux de charge DC, Bo\u00eete \u00e0 outils<\/span><\/div>\n<\/div>\n<\/dd>\n<\/dl>\n<\/div>\n<div class=\"ux-layout-section-evo__col\">\n<dl class=\"ux-labels-values ux-labels-values--inline col-6 false ux-labels-values--marque\" data-testid=\"ux-labels-values\">\n<dt class=\"ux-labels-values__labels\">\n<div class=\"ux-labels-values__labels-content\">\n<div><span class=\"ux-textspans\">Marque<\/span><\/div>\n<\/div>\n<\/dt>\n<dd class=\"ux-labels-values__values\">\n<div class=\"ux-labels-values__values-content\">\n<div><span class=\"ux-textspans\">DeTec.<\/span><\/div>\n<\/div>\n<\/dd>\n<\/dl>\n<\/div>\n<\/div>\n<div class=\"ux-layout-section-evo__row\">\n<div class=\"ux-layout-section-evo__col\">\n<dl class=\"ux-labels-values ux-labels-values--inline col-6 false ux-labels-values--couleur\" data-testid=\"ux-labels-values\">\n<dt class=\"ux-labels-values__labels\">\n<div class=\"ux-labels-values__labels-content\">\n<div><span class=\"ux-textspans\">Couleur<\/span><\/div>\n<\/div>\n<\/dt>\n<dd class=\"ux-labels-values__values\">\n<div class=\"ux-labels-values__values-content\">\n<div><span class=\"ux-textspans\">Noir<\/span><\/div>\n<\/div>\n<\/dd>\n<\/dl>\n<\/div>\n<div class=\"ux-layout-section-evo__col\">\n<dl class=\"ux-labels-values ux-labels-values--inline col-6 false ux-labels-values--ean\" data-testid=\"ux-labels-values\">\n<dt class=\"ux-labels-values__labels\">\n<div class=\"ux-labels-values__labels-content\">\n<div><span class=\"ux-textspans\">EAN<\/span><\/div>\n<\/div>\n<\/dt>\n<dd class=\"ux-labels-values__values\">\n<div class=\"ux-labels-values__values-content\">\n<div><span class=\"ux-textspans\">4260534262886<\/span><\/div>\n<\/div>\n<\/dd>\n<\/dl>\n<\/div>\n<\/div>\n<div class=\"ux-layout-section-evo__row\">\n<div class=\"ux-layout-section-evo__col\">\n<dl class=\"ux-labels-values ux-labels-values--inline col-6 false ux-labels-values--mod\u00e8le\" data-testid=\"ux-labels-values\">\n<dt class=\"ux-labels-values__labels\">\n<div class=\"ux-labels-values__labels-content\">\n<div><span class=\"ux-textspans\">Mod\u00e8le<\/span><\/div>\n<\/div>\n<\/dt>\n<dd class=\"ux-labels-values__values\">\n<div class=\"ux-labels-values__values-content\">\n<div><span class=\"ux-textspans\">Dt-lb7500e-3<\/span><\/div>\n<\/div>\n<\/dd>\n<\/dl>\n<\/div>\n<div class=\"ux-layout-section-evo__col\">\n<dl class=\"ux-labels-values ux-labels-values--inline col-6 false ux-labels-values--puissanceContinue(watt)\" data-testid=\"ux-labels-values\">\n<dt class=\"ux-labels-values__labels\">\n<div class=\"ux-labels-values__labels-content\">\n<div><span class=\"ux-textspans\">Puissance continue (Watt)<\/span><\/div>\n<\/div>\n<\/dt>\n<dd class=\"ux-labels-values__values\">\n<div class=\"ux-labels-values__values-content\">\n<div><span class=\"ux-textspans\">6100 &#8211; 7000<\/span><\/div>\n<\/div>\n<\/dd>\n<\/dl>\n<\/div>\n<\/div>\n<div class=\"ux-layout-section-evo__row\">\n<div class=\"ux-layout-section-evo__col\">\n<dl class=\"ux-labels-values ux-labels-values--inline col-6 false ux-labels-values--performancesMaximales(watt)\" data-testid=\"ux-labels-values\">\n<dt class=\"ux-labels-values__labels\">\n<div class=\"ux-labels-values__labels-content\">\n<div><span class=\"ux-textspans\">Performances Maximales (Watt)<\/span><\/div>\n<\/div>\n<\/dt>\n<dd class=\"ux-labels-values__values\">\n<div class=\"ux-labels-values__values-content\">\n<div><span class=\"ux-textspans\">7100 &#8211; 8000<\/span><\/div>\n<\/div>\n<\/dd>\n<\/dl>\n<\/div>\n<div class=\"ux-layout-section-evo__col\">\n<dl class=\"ux-labels-values ux-labels-values--inline col-6 ux-labels-values__column-last-row ux-labels-values--nombreDeUnit\u00e9s\" data-testid=\"ux-labels-values\">\n<dt class=\"ux-labels-values__labels\">\n<div class=\"ux-labels-values__labels-content\">\n<div><span class=\"ux-textspans\">Nombre de Unit\u00e9s<\/span><\/div>\n<\/div>\n<\/dt>\n<dd class=\"ux-labels-values__values\">\n<div class=\"ux-labels-values__values-content\">\n<div><span class=\"ux-textspans\">1,0000<\/span><\/div>\n<\/div>\n<\/dd>\n<\/dl>\n<\/div>\n<\/div>\n<div class=\"ux-layout-section-evo__row\">\n<div class=\"ux-layout-section-evo__col\">\n<dl class=\"ux-labels-values ux-labels-values--inline col-6 ux-labels-values__column-last-row ux-labels-values--portDeConnexion\" data-testid=\"ux-labels-values\">\n<dt class=\"ux-labels-values__labels\">\n<div class=\"ux-labels-values__labels-content\">\n<div><span class=\"ux-textspans\">Port de connexion<\/span><\/div>\n<\/div>\n<\/dt>\n<dd class=\"ux-labels-values__values\">\n<div class=\"ux-labels-values__values-content\">\n<div><span class=\"ux-textspans\">1&#215;400 V<\/span><\/div>\n<\/div>\n<\/dd>\n<\/dl>\n<\/div>\n<\/div>","protected":false},"excerpt":{"rendered":"<p>\u00c9tat Neuf: Objet neuf et intact, n&#8217;ayant jamais servi, non ouvert, vendu dans son emballage d&#8217;origine .. Utilisation Chantier Produit,<\/p>","protected":false},"featured_media":28232,"template":"","meta":[],"product_brand":[],"product_cat":[61],"product_tag":[1514],"product_country":[1503],"class_list":{"0":"post-2129","1":"product","2":"type-product","3":"status-publish","4":"has-post-thumbnail","6":"product_cat-sale-france","7":"product_tag-sale-france","8":"product_country-france","10":"first","11":"instock","12":"sale","13":"taxable","14":"shipping-taxable","15":"purchasable","16":"product-type-simple"},"_links":{"self":[{"href":"https:\/\/routinesfashione.com\/nl\/wp-json\/wp\/v2\/product\/2129","targetHints":{"allow":["GET"]}}],"collection":[{"href":"https:\/\/routinesfashione.com\/nl\/wp-json\/wp\/v2\/product"}],"about":[{"href":"https:\/\/routinesfashione.com\/nl\/wp-json\/wp\/v2\/types\/product"}],"wp:featuredmedia":[{"embeddable":true,"href":"https:\/\/routinesfashione.com\/nl\/wp-json\/wp\/v2\/media\/28232"}],"wp:attachment":[{"href":"https:\/\/routinesfashione.com\/nl\/wp-json\/wp\/v2\/media?parent=2129"}],"wp:term":[{"taxonomy":"product_brand","embeddable":true,"href":"https:\/\/routinesfashione.com\/nl\/wp-json\/wp\/v2\/product_brand?post=2129"},{"taxonomy":"product_cat","embeddable":true,"href":"https:\/\/routinesfashione.com\/nl\/wp-json\/wp\/v2\/product_cat?post=2129"},{"taxonomy":"product_tag","embeddable":true,"href":"https:\/\/routinesfashione.com\/nl\/wp-json\/wp\/v2\/product_tag?post=2129"},{"taxonomy":"product_country","embeddable":true,"href":"https:\/\/routinesfashione.com\/nl\/wp-json\/wp\/v2\/product_country?post=2129"}],"curies":[{"name":"wp","href":"https:\/\/api.w.org\/{rel}","templated":true}]}}