{"id":2140,"date":"2025-09-30T20:53:31","date_gmt":"2025-09-30T20:53:31","guid":{"rendered":"https:\/\/lightgray-crow-170497.hostingersite.com\/?post_type=product&#038;p=2140"},"modified":"2025-09-30T20:53:31","modified_gmt":"2025-09-30T20:53:31","slug":"fossibot-f3600pro-centrale-electrique-420w-foldable-panneau-solaire-3840wh-3600w-lfp-max-generateur-electrique-portableac-xt90","status":"publish","type":"product","link":"https:\/\/routinesfashione.com\/nl\/produit\/fossibot-f3600pro-centrale-electrique-420w-foldable-panneau-solaire-3840wh-3600w-lfp-max-generateur-electrique-portableac-xt90\/","title":{"rendered":"Fossibot F3600pro Centrale \u00c9lectrique +420W Foldable Panneau Solaire ,3840Wh 3600W Lfp Max Generateur Electrique Portable,Ac\/Xt90"},"content":{"rendered":"<p><strong>Haute capacit\u00e9 de 3840 Wh<\/strong><br \/>\nLe FOSSiBOT F3600 Pro est dot\u00e9 d&#8217;une batterie principale de grande capacit\u00e9 de 3840 Wh, que vous pouvez \u00e9tendre \u00e0 11520 Wh en connectant deux batteries suppl\u00e9mentaires. Le FOSSiBOT F3600 Pro est dot\u00e9 d&#8217;une batterie principale de grande capacit\u00e9 de 3840 Wh, que vous pouvez \u00e9tendre \u00e0 11520 Wh en connectant deux batteries suppl\u00e9mentaires.<\/p>\n<p><strong>Technologie de charge avanc\u00e9e<\/strong><br \/>\nLe F3600 Pro utilise une technologie avanc\u00e9e de charge rapide pour se recharger compl\u00e8tement en seulement 1,5 heures, gr\u00e2ce \u00e0 sa capacit\u00e9 \u00e0 g\u00e9rer jusqu&#8217;\u00e0 4200W de puissance de charge. Cette vitesse de charge in\u00e9gal\u00e9e vous permet d&#8217;\u00eatre toujours pr\u00eat pour votre prochaine aventure ou urgence.<\/p>\n<p><strong>Des options de charge compl\u00e8tes<\/strong><br \/>\nLe F3600 Pro est \u00e9quip\u00e9 d&#8217;une gamme compl\u00e8te de ports de charge, notamment 1x PD 100W, 3x PD 20W, 2x QC3.0, 1x prise allume-cigare, 2x DC5521 12V\/3A, 1x XT60 12V\/25A et 3x prises CA. Cette large gamme de connectivit\u00e9 la rend compatible avec presque tous les appareils, des ordinateurs portables et smartphones aux gros appareils et outils.<\/p>\n<p><strong>Batteries LiFePO4 de haute s\u00e9curit\u00e9<\/strong><br \/>\nLe F3600 Pro est con\u00e7u avec une batterie LiFePO4 haute s\u00e9curit\u00e9 qui assure un fonctionnement stable et s\u00fbr pendant plus de 6 500 cycles de charge\/d\u00e9charge, avec une dur\u00e9e de vie comparable \u00e0 celle d&#8217;une voiture \u00e9lectrique. Cette technologie de batterie avanc\u00e9e garantit des performances fiables pendant plus de dix ans.<\/p>\n<p><strong>Conception l\u00e9g\u00e8re et portabilit\u00e9<\/strong><br \/>\nMalgr\u00e9 son \u00e9norme capacit\u00e9 de stockage d&#8217;\u00e9nergie, la F3600 Pro reste tr\u00e8s portable avec seulement 42 kg. Ses dimensions compactes, ses roues robustes et sa poign\u00e9e r\u00e9tractable facilitent son transport. Il est parfait pour le camping, les f\u00eates de fin de journ\u00e9e ou comme source d&#8217;\u00e9nergie d&#8217;urgence.<\/p>\n<h2>Sp\u00e9cifications<\/h2>\n<p>Capacit\u00e9 : 3840Wh LiFePO4<br \/>\nCapacit\u00e9 maximale de la batterie : 11520Wh<br \/>\nSortie AC : 3600W<br \/>\nEntr\u00e9e maximale : 4200W<br \/>\nSortie maximale : 4168W<br \/>\nCharge compl\u00e8te : 1,5 heures 4200W<br \/>\nChargement maximal en courant alternatif : 2200W<br \/>\nChargement solaire maximum : 2000W<br \/>\nOnduleur : &lt;10ms<br \/>\nPorts de sortie : 1 * PD 100W, 3 * PD 20W, 2 * QC3.0, 1 * Allume-cigare, 2 * DC5521 12V\/3A, 1 * XT60 12V\/25A, 3 * Prise d&#8217;alimentation AC<\/p>\n<h2>Poids et dimensions<\/h2>\n<p>Poids du produit : 37,8 kg<br \/>\nPoids de l&#8217;emballage : 40 kg<br \/>\nDimensions de l&#8217;emballage (L x L x H) : 69,4 x 40,4 x 58,7 cm<\/p>","protected":false},"excerpt":{"rendered":"<p>Haute capacit\u00e9 de 3840 Wh Le FOSSiBOT F3600 Pro est dot\u00e9 d&#8217;une batterie principale de grande capacit\u00e9 de 3840 Wh,<\/p>","protected":false},"featured_media":28252,"template":"","meta":[],"product_brand":[],"product_cat":[61],"product_tag":[1514],"product_country":[1503],"class_list":{"0":"post-2140","1":"product","2":"type-product","3":"status-publish","4":"has-post-thumbnail","6":"product_cat-sale-france","7":"product_tag-sale-france","8":"product_country-france","10":"first","11":"instock","12":"sale","13":"taxable","14":"shipping-taxable","15":"purchasable","16":"product-type-simple"},"_links":{"self":[{"href":"https:\/\/routinesfashione.com\/nl\/wp-json\/wp\/v2\/product\/2140","targetHints":{"allow":["GET"]}}],"collection":[{"href":"https:\/\/routinesfashione.com\/nl\/wp-json\/wp\/v2\/product"}],"about":[{"href":"https:\/\/routinesfashione.com\/nl\/wp-json\/wp\/v2\/types\/product"}],"wp:featuredmedia":[{"embeddable":true,"href":"https:\/\/routinesfashione.com\/nl\/wp-json\/wp\/v2\/media\/28252"}],"wp:attachment":[{"href":"https:\/\/routinesfashione.com\/nl\/wp-json\/wp\/v2\/media?parent=2140"}],"wp:term":[{"taxonomy":"product_brand","embeddable":true,"href":"https:\/\/routinesfashione.com\/nl\/wp-json\/wp\/v2\/product_brand?post=2140"},{"taxonomy":"product_cat","embeddable":true,"href":"https:\/\/routinesfashione.com\/nl\/wp-json\/wp\/v2\/product_cat?post=2140"},{"taxonomy":"product_tag","embeddable":true,"href":"https:\/\/routinesfashione.com\/nl\/wp-json\/wp\/v2\/product_tag?post=2140"},{"taxonomy":"product_country","embeddable":true,"href":"https:\/\/routinesfashione.com\/nl\/wp-json\/wp\/v2\/product_country?post=2140"}],"curies":[{"name":"wp","href":"https:\/\/api.w.org\/{rel}","templated":true}]}}