{"id":2167,"date":"2025-09-30T20:53:30","date_gmt":"2025-09-30T20:53:30","guid":{"rendered":"https:\/\/lightgray-crow-170497.hostingersite.com\/?post_type=product&#038;p=2167"},"modified":"2025-09-30T20:53:30","modified_gmt":"2025-09-30T20:53:30","slug":"generateur-liderfarm-12kw-sur-prise-de-force","status":"publish","type":"product","link":"https:\/\/routinesfashione.com\/nl\/produit\/generateur-liderfarm-12kw-sur-prise-de-force\/","title":{"rendered":"G\u00e9n\u00e9rateur LIDERFARM 12kw sur prise de force"},"content":{"rendered":"<p>Les groupes \u00e9lectrog\u00e8nes sur prise de force LIDERFARM vous permettront d&#8217;avoir du courant partout o\u00f9 vous savez acc\u00e9der \u00e0 l&#8217;aide d&#8217;un tracteur et de brancher simultan\u00e9ment plusieurs appareils ! Vous pourrez m\u00eame aller jusqu&#8217;\u00e0 alimenter une petite maison en fonction et donc id\u00e9al pour les maisons de campagnes qui n&#8217;ont pas acc\u00e8s \u00e0 l&#8217;\u00e9lectricit\u00e9, les chalets, cabanons etc &#8230;<\/p>\n<p>Le g\u00e9n\u00e9rateur \u00e0 cardan attel\u00e9 sur l&#8217;attelage 3 points est actionn\u00e9 par la prise de force de votre tracteur et fait tourner le moteur \u00e9lectrique d&#8217;une rotation de 3000t\/min afin d&#8217;alimenter les diff\u00e9rentes prises sur panneau de contr\u00f4le de l&#8217;appareil. Il est muni de deux prises femelles standards ainsi que de une prise femelle industrielle\u00a063A-6h et 250V<\/p>\n<p>Le groupe \u00e9lectrog\u00e8ne \u00e0 tracteur est \u00e9quip\u00e9 de deux coupes circuit, et d&#8217;un \u00e9cran vous permettant de visualiser plusieurs mesures en temps r\u00e9el tels que le voltage, la fr\u00e9quence ou encore le temps d&#8217;utilisation. Il sera votre alli\u00e9 le plus pr\u00e9cieux pour tous vos travaux en zone difficilement accessible ou coup\u00e9e du r\u00e9seau g\u00e9n\u00e9ral.<\/p>\n<p><strong>Caract\u00e9ristiques du g\u00e9n\u00e9rateur LIDERFARM 12kw sur prise de force :<\/strong><\/p>\n<p>&#8211; Largeur hors tout : 60cm<\/p>\n<p>&#8211; Longueur hors tout : 80cm<\/p>\n<p>&#8211; Hauteur hors tout : 78cm<\/p>\n<p>&#8211; Hauteur au troisi\u00e8me point : 69cm<\/p>\n<p>&#8211; Nombre de r\u00e9glages diff\u00e9rents pour le 3\u00e8me point : 3<\/p>\n<p>&#8211; Ecartement aux bras d&#8217;attelage inf\u00e9rieurs : 45 \u00e0 75cm r\u00e9glable<\/p>\n<p>&#8211; Nombre de r\u00e9glages de profondeur des bras : 2<\/p>\n<p>&#8211; Nombre de r\u00e9glages pour la position du groupe sur le chassis : 6<\/p>\n<p>&#8211; Epaisseur de l&#8217;acier du batit : 60x40mm<\/p>\n<p>&#8211; Equip\u00e9 de deux prises standard femelle<\/p>\n<p>&#8211; Equip\u00e9 d&#8217;une prise femelle industrielle\u00a063A-6h et 250V<\/p>\n<p>&#8211; Equip\u00e9 d&#8217;un \u00e9cran de contr\u00f4le<\/p>\n<p>&#8211; Equip\u00e9 de deux coupes circuit distincts et d&#8217;une alimention g\u00e9n\u00e9rale<\/p>\n<p>&#8211; Montage sur cales anti-vibration<\/p>\n<p>&#8211; Verrouillage de s\u00e9curit\u00e9<\/p>\n<p>&#8211; Protection de cardan<\/p>\n<p>&#8211; Monophas\u00e9<\/p>\n<p>&#8211; Rapport de l&#8217;arbre de prise de force \u00e0 la vitesse du champ tournant : 1 pour 6.67<\/p>\n<p>&#8211; Fr\u00e9quence : 50Hz<\/p>\n<p>&#8211; Puissance moyenne : 12 000 watts<\/p>\n<p>&#8211; Puissance maximale : 14 000 watts<\/p>\n<p>&#8211; Puissance en Volts : 120 \u00e0 250<\/p>\n<p>&#8211; Puissance en Amp\u00e8res : 63<\/p>\n<p>&#8211; Vitesse de rotation de la prise de force : 540t\/min<\/p>\n<p>&#8211; Puissance tracteur recommand\u00e9e : 15 \u00e0 80CV<\/p>\n<p>&#8211; Poids : 128kg<\/p>","protected":false},"excerpt":{"rendered":"<p>Les groupes \u00e9lectrog\u00e8nes sur prise de force LIDERFARM vous permettront d&#8217;avoir du courant partout o\u00f9 vous savez acc\u00e9der \u00e0 l&#8217;aide<\/p>","protected":false},"featured_media":14419,"template":"","meta":[],"product_brand":[],"product_cat":[61],"product_tag":[1514],"product_country":[1503],"class_list":{"0":"post-2167","1":"product","2":"type-product","3":"status-publish","4":"has-post-thumbnail","6":"product_cat-sale-france","7":"product_tag-sale-france","8":"product_country-france","10":"first","11":"instock","12":"sale","13":"taxable","14":"shipping-taxable","15":"purchasable","16":"product-type-simple"},"_links":{"self":[{"href":"https:\/\/routinesfashione.com\/nl\/wp-json\/wp\/v2\/product\/2167","targetHints":{"allow":["GET"]}}],"collection":[{"href":"https:\/\/routinesfashione.com\/nl\/wp-json\/wp\/v2\/product"}],"about":[{"href":"https:\/\/routinesfashione.com\/nl\/wp-json\/wp\/v2\/types\/product"}],"wp:featuredmedia":[{"embeddable":true,"href":"https:\/\/routinesfashione.com\/nl\/wp-json\/wp\/v2\/media\/14419"}],"wp:attachment":[{"href":"https:\/\/routinesfashione.com\/nl\/wp-json\/wp\/v2\/media?parent=2167"}],"wp:term":[{"taxonomy":"product_brand","embeddable":true,"href":"https:\/\/routinesfashione.com\/nl\/wp-json\/wp\/v2\/product_brand?post=2167"},{"taxonomy":"product_cat","embeddable":true,"href":"https:\/\/routinesfashione.com\/nl\/wp-json\/wp\/v2\/product_cat?post=2167"},{"taxonomy":"product_tag","embeddable":true,"href":"https:\/\/routinesfashione.com\/nl\/wp-json\/wp\/v2\/product_tag?post=2167"},{"taxonomy":"product_country","embeddable":true,"href":"https:\/\/routinesfashione.com\/nl\/wp-json\/wp\/v2\/product_country?post=2167"}],"curies":[{"name":"wp","href":"https:\/\/api.w.org\/{rel}","templated":true}]}}