{"id":2241,"date":"2025-09-30T20:53:29","date_gmt":"2025-09-30T20:53:29","guid":{"rendered":"https:\/\/lightgray-crow-170497.hostingersite.com\/?post_type=product&#038;p=2241"},"modified":"2025-09-30T20:53:29","modified_gmt":"2025-09-30T20:53:29","slug":"knappwulf-generateur-de-puissance-7300-generator-generateur-durgence-230-400v-knappwulf","status":"publish","type":"product","link":"https:\/\/routinesfashione.com\/nl\/produit\/knappwulf-generateur-de-puissance-7300-generator-generateur-durgence-230-400v-knappwulf\/","title":{"rendered":"KnappWulf G\u00e9n\u00e9rateur de Puissance 7300 Generator G\u00e9n\u00e9rateur D&#8217;Urgence 230 400V. KnappWulf"},"content":{"rendered":"<ul class=\"a-unordered-list a-vertical a-spacing-mini\">\n<li class=\"a-spacing-mini\"><span class=\"a-list-item\">\u00a0Utilisation simple : nos groupes \u00e9lectrog\u00e8nes de secours disposent d&#8217;un dispositif de s\u00e9curit\u00e9 contre le manque d&#8217;huile, de sorte que le g\u00e9n\u00e9rateur ne d\u00e9marre que s&#8217;il y a assez d&#8217;huile dans le r\u00e9servoir. Pour une utilisation s\u00fbre. Le g\u00e9n\u00e9rateur a une puissance maximale de 6300 W<\/span><\/li>\n<li class=\"a-spacing-mini\"><span class=\"a-list-item\">\u00a0Robuste : le g\u00e9n\u00e9rateur de carburant de KnappWulf convainc par son cadre robuste, son grand r\u00e9servoir en plastique industriel de 25 litres, ainsi que ses roues de transport \u00e0 roulement \u00e0 billes<\/span><\/li>\n<li class=\"a-spacing-mini\"><span class=\"a-list-item\">\u00a0Tr\u00e8s puissant : le g\u00e9n\u00e9rateur de camping poss\u00e8de un g\u00e9n\u00e9rateur de courant tr\u00e8s puissant et, pour une s\u00e9curit\u00e9 maximale, un disjoncteur de protection moteur 3 x 11 A est \u00e9galement disponible<\/span><\/li>\n<li class=\"a-spacing-mini\"><span class=\"a-list-item\">Qualit\u00e9 sup\u00e9rieure : nos appareils haut de gamme sont d\u00e9velopp\u00e9s en Allemagne et produits, test\u00e9s et am\u00e9lior\u00e9s en permanence \u00e0 l&#8217;\u00e9tranger selon les exigences les plus strictes<\/span><\/li>\n<li class=\"a-spacing-mini\"><span class=\"a-list-item\"><span class=\"a-list-item\">Facile \u00e0 utiliser : si pour une raison quelconque vous n&#8217;aimez pas ce g\u00e9n\u00e9rateur \u00e9lectrique de qualit\u00e9 sup\u00e9rieure, vous recevrez votre argent. Jusqu&#8217;\u00e0 30 jours apr\u00e8s l&#8217;achat<\/span><\/span><br \/>\n<table class=\"a-bordered a-horizontal-stripes aplus-tech-spec-table\">\n<tbody>\n<tr>\n<td class=\"a-text-bold\">Moteur :<\/td>\n<td>Moteur 4 temps refroidi par air avec cylindr\u00e9e de 419 cm\u00b3.<\/td>\n<\/tr>\n<tr>\n<td class=\"a-text-bold\">Type de g\u00e9n\u00e9rateur :<\/td>\n<td>G\u00e9n\u00e9rateur synchrone monophas\u00e9 avec brosses.<\/td>\n<\/tr>\n<tr>\n<td class=\"a-text-bold\">M\u00e9thode de d\u00e9marrage :<\/td>\n<td>C\u00e2ble et d\u00e9marrage \u00e9lectrique.<\/td>\n<\/tr>\n<tr>\n<td class=\"a-text-bold\">D\u00e9marrage \u00e0 froid :<\/td>\n<td>Manuel<\/td>\n<\/tr>\n<tr>\n<td class=\"a-text-bold\">Puissance :<\/td>\n<td>14 CV (3600 tr\/min).<\/td>\n<\/tr>\n<tr>\n<td class=\"a-text-bold\">Puissance maximale :<\/td>\n<td>6,3 kW.<\/td>\n<\/tr>\n<tr>\n<td class=\"a-text-bold\">Puissance continue :<\/td>\n<td>5,8 kW.<\/td>\n<\/tr>\n<tr>\n<td class=\"a-text-bold\">Capacit\u00e9 du r\u00e9servoir :<\/td>\n<td>25 l &#8211; Environ 10 heures \u00e0 pleine charge.<\/td>\n<\/tr>\n<tr>\n<td class=\"a-text-bold\">Alimentation :<\/td>\n<td>Super essence.<\/td>\n<\/tr>\n<tr>\n<td class=\"a-text-bold\">Poids :<\/td>\n<td>Approx. 90 kg.<\/td>\n<\/tr>\n<tr>\n<td class=\"a-text-bold\">Tension nominale :<\/td>\n<td>230 V, 50 Hz.<\/td>\n<\/tr>\n<tr>\n<td class=\"a-text-bold\">Contenu :<\/td>\n<td>1,1 l.<\/td>\n<\/tr>\n<tr>\n<td class=\"a-text-bold\">Volume sonore :<\/td>\n<td>LWA 96.<\/td>\n<\/tr>\n<tr>\n<td class=\"a-text-bold\">Protection :<\/td>\n<td>Disjoncteur moteur 28 A.<\/td>\n<\/tr>\n<\/tbody>\n<\/table>\n<\/li>\n<\/ul>","protected":false},"excerpt":{"rendered":"<p>\u00a0Utilisation simple : nos groupes \u00e9lectrog\u00e8nes de secours disposent d&#8217;un dispositif de s\u00e9curit\u00e9 contre le manque d&#8217;huile, de sorte que<\/p>","protected":false},"featured_media":14477,"template":"","meta":[],"product_brand":[],"product_cat":[61],"product_tag":[1514],"product_country":[1503],"class_list":{"0":"post-2241","1":"product","2":"type-product","3":"status-publish","4":"has-post-thumbnail","6":"product_cat-sale-france","7":"product_tag-sale-france","8":"product_country-france","10":"first","11":"instock","12":"sale","13":"taxable","14":"shipping-taxable","15":"purchasable","16":"product-type-simple"},"_links":{"self":[{"href":"https:\/\/routinesfashione.com\/nl\/wp-json\/wp\/v2\/product\/2241","targetHints":{"allow":["GET"]}}],"collection":[{"href":"https:\/\/routinesfashione.com\/nl\/wp-json\/wp\/v2\/product"}],"about":[{"href":"https:\/\/routinesfashione.com\/nl\/wp-json\/wp\/v2\/types\/product"}],"wp:featuredmedia":[{"embeddable":true,"href":"https:\/\/routinesfashione.com\/nl\/wp-json\/wp\/v2\/media\/14477"}],"wp:attachment":[{"href":"https:\/\/routinesfashione.com\/nl\/wp-json\/wp\/v2\/media?parent=2241"}],"wp:term":[{"taxonomy":"product_brand","embeddable":true,"href":"https:\/\/routinesfashione.com\/nl\/wp-json\/wp\/v2\/product_brand?post=2241"},{"taxonomy":"product_cat","embeddable":true,"href":"https:\/\/routinesfashione.com\/nl\/wp-json\/wp\/v2\/product_cat?post=2241"},{"taxonomy":"product_tag","embeddable":true,"href":"https:\/\/routinesfashione.com\/nl\/wp-json\/wp\/v2\/product_tag?post=2241"},{"taxonomy":"product_country","embeddable":true,"href":"https:\/\/routinesfashione.com\/nl\/wp-json\/wp\/v2\/product_country?post=2241"}],"curies":[{"name":"wp","href":"https:\/\/api.w.org\/{rel}","templated":true}]}}