{"id":2252,"date":"2025-09-30T20:51:22","date_gmt":"2025-09-30T20:51:22","guid":{"rendered":"https:\/\/lightgray-crow-170497.hostingersite.com\/?post_type=product&#038;p=2252"},"modified":"2025-09-30T20:51:22","modified_gmt":"2025-09-30T20:51:22","slug":"aferiy-p310-3600w-kit-generateur-solaire-avec-batterie-dextension-3840wh-af-p310","status":"publish","type":"product","link":"https:\/\/routinesfashione.com\/nl\/produit\/aferiy-p310-3600w-kit-generateur-solaire-avec-batterie-dextension-3840wh-af-p310\/","title":{"rendered":"Aferiy P310 3600W Kit g\u00e9n\u00e9rateur solaire avec Batterie d\u2019Extension 3840Wh AF-P310"},"content":{"rendered":"<p>L&#8217;AFERIY P310 G\u00e9n\u00e9rateur Solaire est \u00e9quip\u00e9 d&#8217;une batterie extensible de 3840Wh \u00e0 11520Wh et d&#8217;une sortie pure onde sinuso\u00efdale de 3600W, avec une batterie LiFePO4 et un syst\u00e8me de gestion de la batterie (BMS), offrant une dur\u00e9e de vie de plus de 10 ans. Que ce soit \u00e0 la maison ou en mode hors r\u00e9seau, il fournit une alimentation stable sur le long terme. des roues durables et une poign\u00e9e t\u00e9lescopique, c&#8217;est une Station d&#8217;\u00e9nergie portable fiable et pratique \u00e0 grande capacit\u00e9. Garantie de 7 ans.Le AFERIY P310 G\u00e9n\u00e9rateur Solaire prend en charge la fonction d&#8217;extension, permettant de connecter des batteries suppl\u00e9mentaires jusqu&#8217;\u00e0 11520 Wh pour prolonger l&#8217;autonomie. Que ce soit pour des activit\u00e9s de plein air prolong\u00e9es ou pour une utilisation d&#8217;urgence, la fonction d&#8217;extension du P310 fournit une alimentation stable pour davantage d&#8217;appareils, r\u00e9pondant ainsi \u00e0 des besoins en puissance plus \u00e9lev\u00e9s.L&#8217;AFERIY P310 est \u00e9quip\u00e9 de 13 ports de sortie, y compris une prise AC, des ports USB-A, USB-C, une prise allume-cigare, des ports DC et XT60, id\u00e9al pour alimenter divers appareils \u00e9lectroniques, \u00e9lectrom\u00e9nagers et outils \u00e9lectriques, que ce soit \u00e0 l&#8217;int\u00e9rieur, lors de camping en ext\u00e9rieur ou en situation d&#8217;urgence.L&#8217;AFERIY P310 est \u00e9quip\u00e9 d&#8217;une batterie LiFePO4 de qualit\u00e9 EV, offrant 4000 cycles de charge, soit environ 10 ans d&#8217;utilisation. Son syst\u00e8me de gestion de batterie (BMS) surveille en temps r\u00e9el la tension, le courant et la temp\u00e9rature, garantissant une s\u00e9curit\u00e9 optimale lorsque vous utilisez le P310 comme batterie de secours domestique.La g\u00e9n\u00e9rateur d&#8217;\u00e9nergie solaire AFERIY P310\u00a0 prend en charge le contr\u00f4le intelligent via l&#8217;application. Les utilisateurs peuvent facilement surveiller l&#8217;\u00e9tat de la batterie, ajuster la sortie de puissance, consulter le niveau de charge en temps r\u00e9el, d\u00e9finir les horaires de charge, etc.<\/p>\n<ul>\n<li>Capacit\u00e9 massive de 3840Wh (extensible jusqu&#8217;\u00e0 11520Wh avec 2 batteries d&#8217;extension en s\u00e9rie)<\/li>\n<li>3600W AC Pure Onde Sinuso\u00efdale<\/li>\n<li>Entr\u00e9e CA de 2200 W maximum ; entr\u00e9e solaire de 2000W maximum<\/li>\n<li>Contr\u00f4le intelligent avec application<\/li>\n<li>Batterie LiFePO4 longue dur\u00e9e avec plus de 4000 cycles et une dur\u00e9e de vie allant jusqu&#8217;\u00e0 10 ans<\/li>\n<li>Syst\u00e8me de batterie s\u00e9curis\u00e9 BMS \u2013 Surveillance 24\/7<\/li>\n<li>Solution de sauvegarde \u00e0 domicile Plug &amp; Play UPS<\/li>\n<li>Conception portable avec roues et poign\u00e9e r\u00e9tractable<\/li>\n<li>Recharge rapide : atteint 80 % en seulement une heure (AC+Solar).<\/li>\n<li>Alimente 99 % des appareils de forte puissance<\/li>\n<\/ul>","protected":false},"excerpt":{"rendered":"<p>L&#8217;AFERIY P310 G\u00e9n\u00e9rateur Solaire est \u00e9quip\u00e9 d&#8217;une batterie extensible de 3840Wh \u00e0 11520Wh et d&#8217;une sortie pure onde sinuso\u00efdale de<\/p>","protected":false},"featured_media":14485,"template":"","meta":[],"product_brand":[],"product_cat":[61],"product_tag":[1514],"product_country":[1503],"class_list":{"0":"post-2252","1":"product","2":"type-product","3":"status-publish","4":"has-post-thumbnail","6":"product_cat-sale-france","7":"product_tag-sale-france","8":"product_country-france","10":"first","11":"instock","12":"sale","13":"taxable","14":"shipping-taxable","15":"purchasable","16":"product-type-simple"},"_links":{"self":[{"href":"https:\/\/routinesfashione.com\/nl\/wp-json\/wp\/v2\/product\/2252","targetHints":{"allow":["GET"]}}],"collection":[{"href":"https:\/\/routinesfashione.com\/nl\/wp-json\/wp\/v2\/product"}],"about":[{"href":"https:\/\/routinesfashione.com\/nl\/wp-json\/wp\/v2\/types\/product"}],"wp:featuredmedia":[{"embeddable":true,"href":"https:\/\/routinesfashione.com\/nl\/wp-json\/wp\/v2\/media\/14485"}],"wp:attachment":[{"href":"https:\/\/routinesfashione.com\/nl\/wp-json\/wp\/v2\/media?parent=2252"}],"wp:term":[{"taxonomy":"product_brand","embeddable":true,"href":"https:\/\/routinesfashione.com\/nl\/wp-json\/wp\/v2\/product_brand?post=2252"},{"taxonomy":"product_cat","embeddable":true,"href":"https:\/\/routinesfashione.com\/nl\/wp-json\/wp\/v2\/product_cat?post=2252"},{"taxonomy":"product_tag","embeddable":true,"href":"https:\/\/routinesfashione.com\/nl\/wp-json\/wp\/v2\/product_tag?post=2252"},{"taxonomy":"product_country","embeddable":true,"href":"https:\/\/routinesfashione.com\/nl\/wp-json\/wp\/v2\/product_country?post=2252"}],"curies":[{"name":"wp","href":"https:\/\/api.w.org\/{rel}","templated":true}]}}