{"id":2256,"date":"2025-09-30T20:51:21","date_gmt":"2025-09-30T20:51:21","guid":{"rendered":"https:\/\/lightgray-crow-170497.hostingersite.com\/?post_type=product&#038;p=2256"},"modified":"2025-09-30T20:51:21","modified_gmt":"2025-09-30T20:51:21","slug":"champion-generators-champion-3400-watt","status":"publish","type":"product","link":"https:\/\/routinesfashione.com\/nl\/produit\/champion-generators-champion-3400-watt\/","title":{"rendered":"G\u00e9n\u00e9rateurs Champion Champion 3400 Watt"},"content":{"rendered":"<p>Il s&#8217;agit de notre g\u00e9n\u00e9rateur Champion Inverter qui est surcharg\u00e9 avec des extras tels qu&#8217;une interface USB et un commutateur 3 en 1, aliment\u00e9 par un moteur puissant de 3400 kilowatts. Les g\u00e9n\u00e9rateurs Champion sont tr\u00e8s comp\u00e9titifs en utilisant une technologie et des fonctionnalit\u00e9s de moteur propri\u00e9taires, les moteurs Champion sont con\u00e7us, d\u00e9velopp\u00e9s et test\u00e9s dans les environnements les plus exigeants et peuvent \u00eatre d\u00e9montr\u00e9s en regardant des vid\u00e9os sur notre site Web. Le g\u00e9n\u00e9rateur \u00e0 essence \u00e0 onduleur portable Champion Power Equipment 73001I-EU est propuls\u00e9 par un moteur \u00e0 soupapes en t\u00eate monocylindre \u00e0 4 temps Champion de 192 cm3 produisant 3400 watts.<\/p>\n<p>Gr\u00e2ce au r\u00e9servoir de carburant de 6 litres, la dur\u00e9e de fonctionnement peut aller jusqu&#8217;\u00e0 8 heures \u00e0 25% de charge. Notre moteur OHV est \u00e9quip\u00e9 d&#8217;un capteur d&#8217;arr\u00eat de bas niveau d&#8217;huile et est con\u00e7u pour une longue dur\u00e9e de vie et un entretien facile. Cet appareil comprend \u00e9galement une technologie d&#8217;onduleur sinuso\u00efdal qui permet d&#8217;alimenter en toute s\u00e9curit\u00e9 des appareils \u00e9lectroniques sensibles. Cette unit\u00e9 est id\u00e9ale pour le camping, la chasse, les voyages, les pique-niques, la poign\u00e9e int\u00e9gr\u00e9e aux roues le rend facile \u00e0 transporter.<\/p>\n<ul class=\"product-details-list\">\n<li><span class=\"spec-label\">Voltage DC:<\/span><span class=\"spec-value\">Oui<\/span><\/li>\n<li class=\"even\"><span class=\"spec-label\">Moteur Type:<\/span><span class=\"spec-value\">192 CC OHV<\/span><\/li>\n<li><span class=\"spec-label\">Cylindr\u00e9e:<\/span><span class=\"spec-value\">192cc<\/span><\/li>\n<li class=\"even\"><span class=\"spec-label\">Vitesse de Rotation Nominale:<\/span><span class=\"spec-value\">1500rpm<\/span><\/li>\n<li><span class=\"spec-label\">Capacit\u00e9 du r\u00e9servoir:<\/span><span class=\"spec-value\">6 Liter<\/span><\/li>\n<li class=\"even\"><span class=\"spec-label\">Consommation (\u00e0 75 %):<\/span><span class=\"spec-value\">L\/h<\/span><\/li>\n<li><span class=\"spec-label\">Niveau sonore:<\/span><span class=\"spec-value\">58dB<\/span><\/li>\n<li class=\"even\"><span class=\"spec-label\">Alarme d&#8217;huile:<\/span><span class=\"spec-value\">Oui<\/span><\/li>\n<li><span class=\"spec-label\">Dimensions:<\/span><span class=\"spec-value\">61 x 47 x 50 cm<\/span><\/li>\n<li class=\"even\"><span class=\"spec-label\">Poids:<\/span><span class=\"spec-value\">36,9Kg<\/span><\/li>\n<li><span class=\"spec-label\">Garantie:<\/span><span class=\"spec-value\">2 Ans<\/span><\/li>\n<li class=\"even\"><span class=\"spec-label\">Service:<\/span><span class=\"spec-value\">Mat\u00e9riaux de service<\/span><\/li>\n<li><span class=\"spec-label\">Accessoires:<\/span><span class=\"spec-value\">Pr\u00e9sent<\/span><\/li>\n<\/ul>","protected":false},"excerpt":{"rendered":"<p>Il s&#8217;agit de notre g\u00e9n\u00e9rateur Champion Inverter qui est surcharg\u00e9 avec des extras tels qu&#8217;une interface USB et un commutateur<\/p>","protected":false},"featured_media":28083,"template":"","meta":[],"product_brand":[],"product_cat":[61],"product_tag":[1514],"product_country":[1503],"class_list":{"0":"post-2256","1":"product","2":"type-product","3":"status-publish","4":"has-post-thumbnail","6":"product_cat-sale-france","7":"product_tag-sale-france","8":"product_country-france","10":"first","11":"instock","12":"sale","13":"taxable","14":"shipping-taxable","15":"purchasable","16":"product-type-simple"},"_links":{"self":[{"href":"https:\/\/routinesfashione.com\/nl\/wp-json\/wp\/v2\/product\/2256","targetHints":{"allow":["GET"]}}],"collection":[{"href":"https:\/\/routinesfashione.com\/nl\/wp-json\/wp\/v2\/product"}],"about":[{"href":"https:\/\/routinesfashione.com\/nl\/wp-json\/wp\/v2\/types\/product"}],"wp:featuredmedia":[{"embeddable":true,"href":"https:\/\/routinesfashione.com\/nl\/wp-json\/wp\/v2\/media\/28083"}],"wp:attachment":[{"href":"https:\/\/routinesfashione.com\/nl\/wp-json\/wp\/v2\/media?parent=2256"}],"wp:term":[{"taxonomy":"product_brand","embeddable":true,"href":"https:\/\/routinesfashione.com\/nl\/wp-json\/wp\/v2\/product_brand?post=2256"},{"taxonomy":"product_cat","embeddable":true,"href":"https:\/\/routinesfashione.com\/nl\/wp-json\/wp\/v2\/product_cat?post=2256"},{"taxonomy":"product_tag","embeddable":true,"href":"https:\/\/routinesfashione.com\/nl\/wp-json\/wp\/v2\/product_tag?post=2256"},{"taxonomy":"product_country","embeddable":true,"href":"https:\/\/routinesfashione.com\/nl\/wp-json\/wp\/v2\/product_country?post=2256"}],"curies":[{"name":"wp","href":"https:\/\/api.w.org\/{rel}","templated":true}]}}