{"id":226,"date":"2025-09-30T20:55:54","date_gmt":"2025-09-30T20:55:54","guid":{"rendered":"https:\/\/lightgray-crow-170497.hostingersite.com\/?post_type=product&#038;p=226"},"modified":"2025-09-30T20:55:54","modified_gmt":"2025-09-30T20:55:54","slug":"stiga-twinclip-955-vr-self-propelled-rear-roller-petrol-lawn-mower","status":"publish","type":"product","link":"https:\/\/routinesfashione.com\/nl\/produit\/stiga-twinclip-955-vr-self-propelled-rear-roller-petrol-lawn-mower\/","title":{"rendered":"Tondeuse \u00e0 gazon thermique autopropuls\u00e9e \u00e0 rouleau arri\u00e8re Stiga Twinclip 955 VR"},"content":{"rendered":"<h3 data-start=\"178\" data-end=\"213\"><strong data-start=\"185\" data-end=\"211\">Description du produit<\/strong><\/h3>\n<p data-start=\"214\" data-end=\"735\">La <strong data-start=\"217\" data-end=\"242\">Stiga Twinclip 955 VR<\/strong> est une tondeuse \u00e0 gazon thermique haut de gamme dot\u00e9e d\u2019un <strong data-start=\"303\" data-end=\"322\">rouleau arri\u00e8re<\/strong> pour cr\u00e9er un bel effet ray\u00e9 digne des pelouses anglaises. Puissante et robuste, elle est \u00e9quip\u00e9e d\u2019un moteur \u00e0 essence performant et d\u2019un syst\u00e8me de coupe Twinclip \u00e0 double lame pour une tonte plus efficace et un ramassage optimal. Son syst\u00e8me <strong data-start=\"568\" data-end=\"584\">autopropuls\u00e9<\/strong> facilite le travail, m\u00eame sur les terrains exigeants, tandis que son carter galvanis\u00e9 et son bac de grande capacit\u00e9 assurent long\u00e9vit\u00e9 et praticit\u00e9.<\/p>\n<hr data-start=\"737\" data-end=\"740\" \/>\n<h3 data-start=\"742\" data-end=\"782\"><strong data-start=\"749\" data-end=\"780\">Caract\u00e9ristiques techniques<\/strong><\/h3>\n<div class=\"_tableContainer_1rjym_1\">\n<div class=\"group _tableWrapper_1rjym_13 flex w-fit flex-col-reverse\" tabindex=\"-1\">\n<table class=\"w-fit min-w-(--thread-content-width)\" data-start=\"784\" data-end=\"1766\">\n<thead data-start=\"784\" data-end=\"820\">\n<tr data-start=\"784\" data-end=\"820\">\n<th data-start=\"784\" data-end=\"806\" data-col-size=\"sm\"><strong data-start=\"786\" data-end=\"805\">Caract\u00e9ristique<\/strong><\/th>\n<th data-start=\"806\" data-end=\"820\" data-col-size=\"md\"><strong data-start=\"808\" data-end=\"818\">D\u00e9tail<\/strong><\/th>\n<\/tr>\n<\/thead>\n<tbody data-start=\"858\" data-end=\"1766\">\n<tr data-start=\"858\" data-end=\"923\">\n<td data-start=\"858\" data-end=\"869\" data-col-size=\"sm\"><strong data-start=\"860\" data-end=\"868\">Type<\/strong><\/td>\n<td data-start=\"869\" data-end=\"923\" data-col-size=\"md\">Tondeuse thermique autopropuls\u00e9e \u00e0 rouleau arri\u00e8re<\/td>\n<\/tr>\n<tr data-start=\"924\" data-end=\"962\">\n<td data-start=\"924\" data-end=\"937\" data-col-size=\"sm\"><strong data-start=\"926\" data-end=\"936\">Mod\u00e8le<\/strong><\/td>\n<td data-start=\"937\" data-end=\"962\" data-col-size=\"md\">Stiga Twinclip 955 VR<\/td>\n<\/tr>\n<tr data-start=\"963\" data-end=\"1014\">\n<td data-start=\"963\" data-end=\"986\" data-col-size=\"sm\"><strong data-start=\"965\" data-end=\"985\">Source d\u2019\u00e9nergie<\/strong><\/td>\n<td data-start=\"986\" data-end=\"1014\" data-col-size=\"md\">Essence (moteur 4 temps)<\/td>\n<\/tr>\n<tr data-start=\"1015\" data-end=\"1080\">\n<td data-start=\"1015\" data-end=\"1036\" data-col-size=\"sm\"><strong data-start=\"1017\" data-end=\"1035\">Type de moteur<\/strong><\/td>\n<td data-start=\"1036\" data-end=\"1080\" data-col-size=\"md\">STIGA ST 200 OHV Autochoke ou \u00e9quivalent<\/td>\n<\/tr>\n<tr data-start=\"1081\" data-end=\"1116\">\n<td data-start=\"1081\" data-end=\"1097\" data-col-size=\"sm\"><strong data-start=\"1083\" data-end=\"1096\">Cylindr\u00e9e<\/strong><\/td>\n<td data-start=\"1097\" data-end=\"1116\" data-col-size=\"md\">Environ 196 cm\u00b3<\/td>\n<\/tr>\n<tr data-start=\"1117\" data-end=\"1149\">\n<td data-start=\"1117\" data-end=\"1140\" data-col-size=\"sm\"><strong data-start=\"1119\" data-end=\"1139\">Largeur de coupe<\/strong><\/td>\n<td data-start=\"1140\" data-end=\"1149\" data-col-size=\"md\">53 cm<\/td>\n<\/tr>\n<tr data-start=\"1150\" data-end=\"1234\">\n<td data-start=\"1150\" data-end=\"1181\" data-col-size=\"sm\"><strong data-start=\"1152\" data-end=\"1180\">R\u00e9glage hauteur de coupe<\/strong><\/td>\n<td data-start=\"1181\" data-end=\"1234\" data-col-size=\"md\">Centralis\u00e9, env. 25 \u2013 77 mm (plusieurs positions)<\/td>\n<\/tr>\n<tr data-start=\"1235\" data-end=\"1312\">\n<td data-start=\"1235\" data-end=\"1258\" data-col-size=\"sm\"><strong data-start=\"1237\" data-end=\"1257\">Syst\u00e8me de coupe<\/strong><\/td>\n<td data-start=\"1258\" data-end=\"1312\" data-col-size=\"md\">Lame Twinclip double aff\u00fbtage pour tonte plus fine<\/td>\n<\/tr>\n<tr data-start=\"1313\" data-end=\"1364\">\n<td data-start=\"1313\" data-end=\"1348\" data-col-size=\"sm\"><strong data-start=\"1315\" data-end=\"1347\">Capacit\u00e9 du bac de ramassage<\/strong><\/td>\n<td data-start=\"1348\" data-end=\"1364\" data-col-size=\"md\">80 L environ<\/td>\n<\/tr>\n<tr data-start=\"1365\" data-end=\"1441\">\n<td data-start=\"1365\" data-end=\"1392\" data-col-size=\"sm\"><strong data-start=\"1367\" data-end=\"1391\">Syst\u00e8me d\u2019avancement<\/strong><\/td>\n<td data-start=\"1392\" data-end=\"1441\" data-col-size=\"md\">Autopropuls\u00e9e (traction arri\u00e8re avec rouleau)<\/td>\n<\/tr>\n<tr data-start=\"1442\" data-end=\"1521\">\n<td data-start=\"1442\" data-end=\"1458\" data-col-size=\"sm\"><strong data-start=\"1444\" data-end=\"1457\">Fonctions<\/strong><\/td>\n<td data-start=\"1458\" data-end=\"1521\" data-col-size=\"md\">Ramassage, \u00e9jection arri\u00e8re, mulching (selon configuration)<\/td>\n<\/tr>\n<tr data-start=\"1522\" data-end=\"1574\">\n<td data-start=\"1522\" data-end=\"1547\" data-col-size=\"sm\"><strong data-start=\"1524\" data-end=\"1546\">Mat\u00e9riau du carter<\/strong><\/td>\n<td data-start=\"1547\" data-end=\"1574\" data-col-size=\"md\">Acier galvanis\u00e9 robuste<\/td>\n<\/tr>\n<tr data-start=\"1575\" data-end=\"1626\">\n<td data-start=\"1575\" data-end=\"1588\" data-col-size=\"sm\"><strong data-start=\"1577\" data-end=\"1587\">Guidon<\/strong><\/td>\n<td data-start=\"1588\" data-end=\"1626\" data-col-size=\"md\">Ergonomique, r\u00e9glable et repliable<\/td>\n<\/tr>\n<tr data-start=\"1627\" data-end=\"1675\">\n<td data-start=\"1627\" data-end=\"1639\" data-col-size=\"sm\"><strong data-start=\"1629\" data-end=\"1638\">Poids<\/strong><\/td>\n<td data-start=\"1639\" data-end=\"1675\" data-col-size=\"md\">50 \u2013 55 kg (selon configuration)<\/td>\n<\/tr>\n<\/tbody>\n<\/table>\n<\/div>\n<\/div>","protected":false},"excerpt":{"rendered":"<p>Description du produit La Stiga Twinclip 955 VR est une tondeuse \u00e0 gazon thermique haut de gamme dot\u00e9e d\u2019un rouleau<\/p>","protected":false},"featured_media":19493,"template":"","meta":[],"product_brand":[],"product_cat":[64],"product_tag":[65],"product_country":[1503],"class_list":{"0":"post-226","1":"product","2":"type-product","3":"status-publish","4":"has-post-thumbnail","6":"product_cat-movers","7":"product_tag-movers","8":"product_country-france","10":"first","11":"instock","12":"sale","13":"taxable","14":"shipping-taxable","15":"purchasable","16":"product-type-simple"},"_links":{"self":[{"href":"https:\/\/routinesfashione.com\/nl\/wp-json\/wp\/v2\/product\/226","targetHints":{"allow":["GET"]}}],"collection":[{"href":"https:\/\/routinesfashione.com\/nl\/wp-json\/wp\/v2\/product"}],"about":[{"href":"https:\/\/routinesfashione.com\/nl\/wp-json\/wp\/v2\/types\/product"}],"wp:featuredmedia":[{"embeddable":true,"href":"https:\/\/routinesfashione.com\/nl\/wp-json\/wp\/v2\/media\/19493"}],"wp:attachment":[{"href":"https:\/\/routinesfashione.com\/nl\/wp-json\/wp\/v2\/media?parent=226"}],"wp:term":[{"taxonomy":"product_brand","embeddable":true,"href":"https:\/\/routinesfashione.com\/nl\/wp-json\/wp\/v2\/product_brand?post=226"},{"taxonomy":"product_cat","embeddable":true,"href":"https:\/\/routinesfashione.com\/nl\/wp-json\/wp\/v2\/product_cat?post=226"},{"taxonomy":"product_tag","embeddable":true,"href":"https:\/\/routinesfashione.com\/nl\/wp-json\/wp\/v2\/product_tag?post=226"},{"taxonomy":"product_country","embeddable":true,"href":"https:\/\/routinesfashione.com\/nl\/wp-json\/wp\/v2\/product_country?post=226"}],"curies":[{"name":"wp","href":"https:\/\/api.w.org\/{rel}","templated":true}]}}