{"id":2325,"date":"2025-09-30T20:51:20","date_gmt":"2025-09-30T20:51:20","guid":{"rendered":"https:\/\/lightgray-crow-170497.hostingersite.com\/?post_type=product&#038;p=2325"},"modified":"2025-09-30T20:51:21","modified_gmt":"2025-09-30T20:51:21","slug":"generateur-a-essence-full-power-gg10000let-adapte-aux-installations-industrielles-itc-power","status":"publish","type":"product","link":"https:\/\/routinesfashione.com\/nl\/produit\/generateur-a-essence-full-power-gg10000let-adapte-aux-installations-industrielles-itc-power\/","title":{"rendered":"G\u00e9n\u00e9rateur \u00e0 essence Full Power GG10000LET adapt\u00e9 aux installations industrielles ITC Power"},"content":{"rendered":"<table id=\"productDetails_techSpec_section_1\" class=\"a-keyvalue prodDetTable\">\n<tbody>\n<tr>\n<th class=\"a-color-secondary a-size-base prodDetSectionEntry\">Manufacturer<\/th>\n<td class=\"a-size-base prodDetAttrValue\">\u200eITCPower<\/td>\n<\/tr>\n<tr>\n<th class=\"a-color-secondary a-size-base prodDetSectionEntry\">Product Dimensions<\/th>\n<td class=\"a-size-base prodDetAttrValue\">\u200e70 x 54 x 55 cm; 94 kg<\/td>\n<\/tr>\n<tr>\n<th class=\"a-color-secondary a-size-base prodDetSectionEntry\">Part Number<\/th>\n<td class=\"a-size-base prodDetAttrValue\">\u200eIT-GG10000LET<\/td>\n<\/tr>\n<tr>\n<th class=\"a-color-secondary a-size-base prodDetSectionEntry\">Colour<\/th>\n<td class=\"a-size-base prodDetAttrValue\">\u200eBlack<\/td>\n<\/tr>\n<tr>\n<th class=\"a-color-secondary a-size-base prodDetSectionEntry\">Material<\/th>\n<td class=\"a-size-base prodDetAttrValue\">\u200eAcier ou fonte pour le ch\u00e2ssis et le r\u00e9servoir de carburant, et peinture en poudre ou \u00e9poxy pour la coque ext\u00e9rieure<\/td>\n<\/tr>\n<tr>\n<th class=\"a-color-secondary a-size-base prodDetSectionEntry\">Power Source<\/th>\n<td class=\"a-size-base prodDetAttrValue\">\u200eEssence<\/td>\n<\/tr>\n<tr>\n<th class=\"a-color-secondary a-size-base prodDetSectionEntry\">Voltage<\/th>\n<td class=\"a-size-base prodDetAttrValue\">\u200e230 Volts<\/td>\n<\/tr>\n<tr>\n<th class=\"a-color-secondary a-size-base prodDetSectionEntry\">Wattage<\/th>\n<td class=\"a-size-base prodDetAttrValue\">\u200e7.5 KW<\/td>\n<\/tr>\n<tr>\n<th class=\"a-color-secondary a-size-base prodDetSectionEntry\">Item Package Quantity<\/th>\n<td class=\"a-size-base prodDetAttrValue\">\u200e1<\/td>\n<\/tr>\n<tr>\n<th class=\"a-color-secondary a-size-base prodDetSectionEntry\">Special Features<\/th>\n<td class=\"a-size-base prodDetAttrValue\">\u200eProtection contre la surcharge<\/td>\n<\/tr>\n<tr>\n<th class=\"a-color-secondary a-size-base prodDetSectionEntry\">Included Components<\/th>\n<td class=\"a-size-base prodDetAttrValue\">\u200egenerator<\/td>\n<\/tr>\n<tr>\n<th class=\"a-color-secondary a-size-base prodDetSectionEntry\">Batteries Included?<\/th>\n<td class=\"a-size-base prodDetAttrValue\">\u200eNo<\/td>\n<\/tr>\n<tr>\n<th class=\"a-color-secondary a-size-base prodDetSectionEntry\">Batteries Required?<\/th>\n<td class=\"a-size-base prodDetAttrValue\">\u200eYes<\/td>\n<\/tr>\n<tr>\n<th class=\"a-color-secondary a-size-base prodDetSectionEntry\">Battery cell composition<\/th>\n<td class=\"a-size-base prodDetAttrValue\">\u200eSealed Lead Acid<\/td>\n<\/tr>\n<tr>\n<th class=\"a-color-secondary a-size-base prodDetSectionEntry\">Weight<\/th>\n<td class=\"a-size-base prodDetAttrValue\">\u200e94 Kilograms<\/td>\n<\/tr>\n<tr>\n<th class=\"a-color-secondary a-size-base prodDetSectionEntry\">Spare part availability duration<\/th>\n<td class=\"a-size-base prodDetAttrValue\">\u200eSpare part information not available or provided<\/td>\n<\/tr>\n<\/tbody>\n<\/table>","protected":false},"excerpt":{"rendered":"<p>Manufacturer \u200eITCPower Product Dimensions \u200e70 x 54 x 55 cm; 94 kg Part Number \u200eIT-GG10000LET Colour \u200eBlack Material \u200eAcier ou<\/p>","protected":false},"featured_media":27924,"template":"","meta":[],"product_brand":[],"product_cat":[61],"product_tag":[1514],"product_country":[1503],"class_list":{"0":"post-2325","1":"product","2":"type-product","3":"status-publish","4":"has-post-thumbnail","6":"product_cat-sale-france","7":"product_tag-sale-france","8":"product_country-france","10":"first","11":"instock","12":"sale","13":"taxable","14":"shipping-taxable","15":"purchasable","16":"product-type-simple"},"_links":{"self":[{"href":"https:\/\/routinesfashione.com\/nl\/wp-json\/wp\/v2\/product\/2325","targetHints":{"allow":["GET"]}}],"collection":[{"href":"https:\/\/routinesfashione.com\/nl\/wp-json\/wp\/v2\/product"}],"about":[{"href":"https:\/\/routinesfashione.com\/nl\/wp-json\/wp\/v2\/types\/product"}],"wp:featuredmedia":[{"embeddable":true,"href":"https:\/\/routinesfashione.com\/nl\/wp-json\/wp\/v2\/media\/27924"}],"wp:attachment":[{"href":"https:\/\/routinesfashione.com\/nl\/wp-json\/wp\/v2\/media?parent=2325"}],"wp:term":[{"taxonomy":"product_brand","embeddable":true,"href":"https:\/\/routinesfashione.com\/nl\/wp-json\/wp\/v2\/product_brand?post=2325"},{"taxonomy":"product_cat","embeddable":true,"href":"https:\/\/routinesfashione.com\/nl\/wp-json\/wp\/v2\/product_cat?post=2325"},{"taxonomy":"product_tag","embeddable":true,"href":"https:\/\/routinesfashione.com\/nl\/wp-json\/wp\/v2\/product_tag?post=2325"},{"taxonomy":"product_country","embeddable":true,"href":"https:\/\/routinesfashione.com\/nl\/wp-json\/wp\/v2\/product_country?post=2325"}],"curies":[{"name":"wp","href":"https:\/\/api.w.org\/{rel}","templated":true}]}}