{"id":2339,"date":"2025-09-30T20:51:20","date_gmt":"2025-09-30T20:51:20","guid":{"rendered":"https:\/\/lightgray-crow-170497.hostingersite.com\/?post_type=product&#038;p=2339"},"modified":"2025-09-30T20:51:20","modified_gmt":"2025-09-30T20:51:20","slug":"ironside-groupe-electrogene-inverter-3500-i-s","status":"publish","type":"product","link":"https:\/\/routinesfashione.com\/nl\/produit\/ironside-groupe-electrogene-inverter-3500-i-s\/","title":{"rendered":"Onduleur Electrogene Groupe Ironside 3500 i s"},"content":{"rendered":"<p><strong>Ironside G\u00e9n\u00e9rateur Inverter<\/strong><\/p>\n<p>G\u00e9n\u00e9rateur inverter offrant jusqu&#8217;\u00e0 3,3 kW dans un format compact, silencieux et portable. Une alimentation \u00e9lectrique de haute qualit\u00e9, tr\u00e8s polyvalente, adapt\u00e9e \u00e0 un usage priv\u00e9 et professionnel.<\/p>\n<p>Dot\u00e9 d&#8217;une fonction d&#8217;\u00e9conomie de carburant et d&#8217;une r\u00e9gulation intelligente des gaz. Gr\u00e2ce \u00e0 la technologie inverter, ce g\u00e9n\u00e9rateur convient \u00e9galement aux appareils \u00e9lectroniques sensibles.<\/p>\n<p><strong>Caract\u00e9ristiques techniques :<\/strong><\/p>\n<ul>\n<li>Courant alternatif : 230V<\/li>\n<li>R\u00e9gulation de tension : Inverter<\/li>\n<li>Puissance maximale : 3,3 kW<\/li>\n<li>Puissance continue : 3,0 kW<\/li>\n<li>Capacit\u00e9 du r\u00e9servoir : 10 l<\/li>\n<li>Niveau sonore LWA : 91 dB<\/li>\n<li>Dimensions (L x l x H) : 601 x 458 x 522 mm<\/li>\n<li>Poids : 50 kg<\/li>\n<li>Fr\u00e9quence : 50 Hz<\/li>\n<li>Moteur : Pramac OHV<\/li>\n<li>Syst\u00e8me de d\u00e9marrage : D\u00e9marrage \u00e9lectrique<\/li>\n<li>Autonomie : 6,5 heures \u00e0 75 % de charge<\/li>\n<li>Prises : 2x Schuko 230V 16A, 2x USB 5V<\/li>\n<li>Huile recommand\u00e9e : 5W-40, 10W-40, 0,4 litre<br \/>\n<h2>Caracteristiques produit<\/h2>\n<table>\n<tbody>\n<tr>\n<td>Poids emballage (kg)<\/td>\n<td>50,50 kg<\/td>\n<\/tr>\n<tr>\n<td>Longueur emballage (m)<\/td>\n<td>0,61 m<\/td>\n<\/tr>\n<tr>\n<td>Largeur emballage (m)<\/td>\n<td>0,46 m<\/td>\n<\/tr>\n<tr>\n<td>Hauteur emballage (m)<\/td>\n<td>0,55 m<\/td>\n<\/tr>\n<tr>\n<td>dimensions (en cm)<\/td>\n<td>60,1&#215;45,8&#215;52,2<\/td>\n<\/tr>\n<tr>\n<td>capacit\u00e9 continue (kW)<\/td>\n<td>3000<\/td>\n<\/tr>\n<tr>\n<td>poids (en Kg)<\/td>\n<td>50<\/td>\n<\/tr>\n<tr>\n<td>puissance max (en W)<\/td>\n<td>3300<\/td>\n<\/tr>\n<tr>\n<td>prises de courant<\/td>\n<td>4<\/td>\n<\/tr>\n<tr>\n<td>contenu r\u00e9servoir (en L)<\/td>\n<td>10<\/td>\n<\/tr>\n<\/tbody>\n<\/table>\n<\/li>\n<\/ul>","protected":false},"excerpt":{"rendered":"<p>Ironside G\u00e9n\u00e9rateur Inverter G\u00e9n\u00e9rateur inverter offrant jusqu&#8217;\u00e0 3,3 kW dans un format compact, silencieux et portable. Une alimentation \u00e9lectrique de<\/p>","protected":false},"featured_media":14557,"template":"","meta":[],"product_brand":[],"product_cat":[61],"product_tag":[1514],"product_country":[1503],"class_list":{"0":"post-2339","1":"product","2":"type-product","3":"status-publish","4":"has-post-thumbnail","6":"product_cat-sale-france","7":"product_tag-sale-france","8":"product_country-france","10":"first","11":"instock","12":"sale","13":"taxable","14":"shipping-taxable","15":"purchasable","16":"product-type-simple"},"_links":{"self":[{"href":"https:\/\/routinesfashione.com\/nl\/wp-json\/wp\/v2\/product\/2339","targetHints":{"allow":["GET"]}}],"collection":[{"href":"https:\/\/routinesfashione.com\/nl\/wp-json\/wp\/v2\/product"}],"about":[{"href":"https:\/\/routinesfashione.com\/nl\/wp-json\/wp\/v2\/types\/product"}],"wp:featuredmedia":[{"embeddable":true,"href":"https:\/\/routinesfashione.com\/nl\/wp-json\/wp\/v2\/media\/14557"}],"wp:attachment":[{"href":"https:\/\/routinesfashione.com\/nl\/wp-json\/wp\/v2\/media?parent=2339"}],"wp:term":[{"taxonomy":"product_brand","embeddable":true,"href":"https:\/\/routinesfashione.com\/nl\/wp-json\/wp\/v2\/product_brand?post=2339"},{"taxonomy":"product_cat","embeddable":true,"href":"https:\/\/routinesfashione.com\/nl\/wp-json\/wp\/v2\/product_cat?post=2339"},{"taxonomy":"product_tag","embeddable":true,"href":"https:\/\/routinesfashione.com\/nl\/wp-json\/wp\/v2\/product_tag?post=2339"},{"taxonomy":"product_country","embeddable":true,"href":"https:\/\/routinesfashione.com\/nl\/wp-json\/wp\/v2\/product_country?post=2339"}],"curies":[{"name":"wp","href":"https:\/\/api.w.org\/{rel}","templated":true}]}}