{"id":2346,"date":"2025-09-30T20:51:20","date_gmt":"2025-09-30T20:51:20","guid":{"rendered":"https:\/\/lightgray-crow-170497.hostingersite.com\/?post_type=product&#038;p=2346"},"modified":"2025-09-30T20:51:20","modified_gmt":"2025-09-30T20:51:20","slug":"zipper-groupe-electrogene","status":"publish","type":"product","link":"https:\/\/routinesfashione.com\/nl\/produit\/zipper-groupe-electrogene\/","title":{"rendered":"Zipper ZI-STE2000IV G\u00e9n\u00e9rateur \u00e9lectrique Inverter"},"content":{"rendered":"<h3><strong>Caract\u00e9ristiques :<\/strong><\/h3>\n<ul>\n<li>Technologie INVERTER &#8211; pour les appareils sensibles (ordinateurs, etc.)<\/li>\n<li>convient parfaitement pour le jardin ainsi que pour les activit\u00e9s de loisirs et de camping<\/li>\n<li>poign\u00e9e de transport et pieds en caoutchouc inclus<\/li>\n<li>corps ferm\u00e9<\/li>\n<li>niveau sonore absolument faible<\/li>\n<li>transport confortable gr\u00e2ce au faible poids propre<\/li>\n<li>utilisation simple<\/li>\n<\/ul>\n<h3><strong>Donn\u00e9es du moteur :<\/strong><\/h3>\n<ul>\n<li>Puissance du moteur S1 en W : 2300<\/li>\n<li>Type de moteur : moteur 1 cylindre 4 temps OHV<\/li>\n<li>Capacit\u00e9 du r\u00e9servoir en l : 3.5<\/li>\n<li>Carburant : ROZ95<\/li>\n<li>D\u00e9marreur : CDI<\/li>\n<li>Vitesse de rotation en min-1 : 4500<\/li>\n<\/ul>\n<h3><strong>Groupe \u00e9lectrog\u00e8ne :<\/strong><\/h3>\n<ul>\n<li>puissance max. en W : 2200W S2 5 min<\/li>\n<li>Prise de courant : 230V 50Hz<\/li>\n<li>Courant continu : 12V 6A<\/li>\n<li>Puissance continue du g\u00e9n\u00e9rateur en W : 1800<\/li>\n<li>Puissance de marche en h : 4<\/li>\n<\/ul>\n<h3><strong>Niveau sonore et vibrations :<\/strong><\/h3>\n<ul>\n<li>Niveau de pression acoustique en dB(A) : 64<\/li>\n<li>Niveau de puissance sonore en dB(A) : 93<\/li>\n<\/ul>","protected":false},"excerpt":{"rendered":"<p>Caract\u00e9ristiques : Technologie INVERTER &#8211; pour les appareils sensibles (ordinateurs, etc.) convient parfaitement pour le jardin ainsi que pour les<\/p>","protected":false},"featured_media":27998,"template":"","meta":[],"product_brand":[],"product_cat":[61],"product_tag":[1514],"product_country":[1503],"class_list":{"0":"post-2346","1":"product","2":"type-product","3":"status-publish","4":"has-post-thumbnail","6":"product_cat-sale-france","7":"product_tag-sale-france","8":"product_country-france","10":"first","11":"instock","12":"sale","13":"taxable","14":"shipping-taxable","15":"purchasable","16":"product-type-simple"},"_links":{"self":[{"href":"https:\/\/routinesfashione.com\/nl\/wp-json\/wp\/v2\/product\/2346","targetHints":{"allow":["GET"]}}],"collection":[{"href":"https:\/\/routinesfashione.com\/nl\/wp-json\/wp\/v2\/product"}],"about":[{"href":"https:\/\/routinesfashione.com\/nl\/wp-json\/wp\/v2\/types\/product"}],"wp:featuredmedia":[{"embeddable":true,"href":"https:\/\/routinesfashione.com\/nl\/wp-json\/wp\/v2\/media\/27998"}],"wp:attachment":[{"href":"https:\/\/routinesfashione.com\/nl\/wp-json\/wp\/v2\/media?parent=2346"}],"wp:term":[{"taxonomy":"product_brand","embeddable":true,"href":"https:\/\/routinesfashione.com\/nl\/wp-json\/wp\/v2\/product_brand?post=2346"},{"taxonomy":"product_cat","embeddable":true,"href":"https:\/\/routinesfashione.com\/nl\/wp-json\/wp\/v2\/product_cat?post=2346"},{"taxonomy":"product_tag","embeddable":true,"href":"https:\/\/routinesfashione.com\/nl\/wp-json\/wp\/v2\/product_tag?post=2346"},{"taxonomy":"product_country","embeddable":true,"href":"https:\/\/routinesfashione.com\/nl\/wp-json\/wp\/v2\/product_country?post=2346"}],"curies":[{"name":"wp","href":"https:\/\/api.w.org\/{rel}","templated":true}]}}