{"id":2351,"date":"2025-09-30T20:51:20","date_gmt":"2025-09-30T20:51:20","guid":{"rendered":"https:\/\/lightgray-crow-170497.hostingersite.com\/?post_type=product&#038;p=2351"},"modified":"2025-09-30T20:51:20","modified_gmt":"2025-09-30T20:51:20","slug":"konner-sohnen-generateur-onduleur-avec-boite-anti-bruit","status":"publish","type":"product","link":"https:\/\/routinesfashione.com\/nl\/produit\/konner-sohnen-generateur-onduleur-avec-boite-anti-bruit\/","title":{"rendered":"Groupe \u00e9lectrog\u00e8ne-onduleur dans la bo\u00eete anti-bruit KS 2100i S"},"content":{"rendered":"<ul class=\"a-unordered-list a-vertical a-spacing-mini\">\n<li class=\"a-spacing-mini\"><span class=\"a-list-item\"><span dir=\"auto\">Le g\u00e9n\u00e9rateur de courant est \u00e9quip\u00e9 d&#8217;un module onduleur int\u00e9gr\u00e9 avec contr\u00f4le par microprocesseur qui contr\u00f4le les processus techniques du g\u00e9n\u00e9rateur et produit la tension sinuso\u00efdale de 230 V 50 Hz.<\/span><\/span><\/li>\n<li class=\"a-spacing-mini\"><span class=\"a-list-item\"><span dir=\"auto\">Le g\u00e9n\u00e9rateur de secours est \u00e9quip\u00e9 d&#8217;un bo\u00eetier insonoris\u00e9 qui assure un faible niveau sonore (62 dB Lpa \u00e0 7 m) et est \u00e9quip\u00e9 de pieds de support et d&#8217;une poign\u00e9e ergonomique pour plus de confort.<\/span><\/span><\/li>\n<li class=\"a-spacing-mini\"><span class=\"a-list-item\"><span dir=\"auto\">Le g\u00e9n\u00e9rateur \u00e9lectrique \u00e0 essence est \u00e9quip\u00e9 du mode ECO qui permet d&#8217;utiliser le g\u00e9n\u00e9rateur \u00e0 faibles charges \u00e0 une vitesse de rotation inf\u00e9rieure et r\u00e9duit la consommation de carburant jusqu&#8217;\u00e0 50 %, ainsi que de la fonction de commutation parall\u00e8le qui double la puissance en couplant deux g\u00e9n\u00e9rateurs identiques avec le bo\u00eetier de commutation parall\u00e8le KS PU1.<\/span><\/span><\/li>\n<li class=\"a-spacing-mini\"><span class=\"a-list-item\"><span dir=\"auto\">Le panneau de commande ergonomique est \u00e9quip\u00e9 d&#8217;un indicateur LED, d&#8217;une prise Schuko, de deux ports USB 5V\/1A, 5V\/2,1A, d&#8217;un commutateur de mode ECO, d&#8217;indicateurs d&#8217;\u00e9tat de fonctionnement, d&#8217;un port pour la commutation parall\u00e8le de deux g\u00e9n\u00e9rateurs identiques pour une double puissance, d&#8217;un bouton RESET pour r\u00e9initialiser le contr\u00f4le de l&#8217;alimentation et d&#8217;une prise de voiture 12V typique.<\/span><\/span><\/li>\n<li class=\"a-spacing-mini\"><span class=\"a-list-item\"><span dir=\"auto\">L&#8217;alternateur sans balais haut de gamme avec aimants permanents et enroulement 100 % cuivre peut supporter des charges \u00e9lev\u00e9es et ainsi garantir un fonctionnement durable et fiable du g\u00e9n\u00e9rateur.<\/span><\/span><\/li>\n<li class=\"a-spacing-mini\"><span class=\"a-list-item\"><span dir=\"auto\">Le groupe \u00e9lectrog\u00e8ne de secours \u00e0 essence dispose d&#8217;un affichage des indicateurs d&#8217;\u00e9tat de fonctionnement : manque d&#8217;huile, court-circuit et protection contre les surcharges.<\/span><\/span><\/li>\n<li class=\"a-spacing-mini\"><span class=\"a-list-item\"><span dir=\"auto\">Remarque\u00a0: Ce produit ne contient ni huile moteur ni essence. Il est imp\u00e9ratif de remplir le moteur essence quatre temps avec une huile moteur adapt\u00e9e avant le premier d\u00e9marrage. Nous recommandons une huile moteur 10W-30 ou 10W-40. V\u00e9rifiez le niveau d&#8217;huile avant chaque d\u00e9marrage. Utilisez uniquement de l&#8217;essence avec un indice d&#8217;octane de 91 \u00e0 95.<\/span><\/span><\/li>\n<\/ul>\n<table class=\"a-normal a-spacing-micro\" role=\"list\">\n<tbody>\n<tr class=\"a-spacing-small po-brand\" role=\"listitem\">\n<td class=\"a-span3\" role=\"presentation\"><span class=\"a-size-base a-text-bold\"><span dir=\"auto\">Nom de marque<\/span><\/span><\/td>\n<td class=\"a-span9\" role=\"presentation\"><span class=\"a-size-base po-break-word\"><span dir=\"auto\">K&amp;S K\u00f6nner&amp;S\u00f6hnen<\/span><\/span><\/td>\n<\/tr>\n<tr class=\"a-spacing-small po-wattage\" role=\"listitem\">\n<td class=\"a-span3\" role=\"presentation\"><span class=\"a-size-base a-text-bold\"><span dir=\"auto\">Puissance<\/span><\/span><\/td>\n<td class=\"a-span9\" role=\"presentation\"><span class=\"a-size-base po-break-word\"><span dir=\"auto\">2000 watts<\/span><\/span><\/td>\n<\/tr>\n<tr class=\"a-spacing-small po-fuel_type\" role=\"listitem\">\n<td class=\"a-span3\" role=\"presentation\"><span class=\"a-size-base a-text-bold\"><span dir=\"auto\">Type de carburant<\/span><\/span><\/td>\n<td class=\"a-span9\" role=\"presentation\"><span class=\"a-size-base po-break-word\"><span dir=\"auto\">Essence<\/span><\/span><\/td>\n<\/tr>\n<tr class=\"a-spacing-small po-power_source_type\" role=\"listitem\">\n<td class=\"a-span3\" role=\"presentation\"><span class=\"a-size-base a-text-bold\"><span dir=\"auto\">Source d&#8217;\u00e9nergie<\/span><\/span><\/td>\n<td class=\"a-span9\" role=\"presentation\"><span class=\"a-size-base po-break-word\"><span dir=\"auto\">C\u00e2ble \u00e9lectrique<\/span><\/span><\/td>\n<\/tr>\n<tr class=\"a-spacing-small po-recommended_uses_for_product\" role=\"listitem\">\n<td class=\"a-span3\" role=\"presentation\"><span class=\"a-size-base a-text-bold\"><span dir=\"auto\">Utilisations recommand\u00e9es pour le produit<\/span><\/span><\/td>\n<td class=\"a-span9\" role=\"presentation\"><span class=\"a-size-base po-break-word\"><span dir=\"auto\">Camping, urgence<\/span><\/span><\/td>\n<\/tr>\n<tr class=\"a-spacing-small po-item_weight\" role=\"listitem\">\n<td class=\"a-span3\" role=\"presentation\"><span class=\"a-size-base a-text-bold\"><span dir=\"auto\">Poids de l&#8217;article<\/span><\/span><\/td>\n<td class=\"a-span9\" role=\"presentation\"><span class=\"a-size-base po-break-word\"><span dir=\"auto\">18 kilogrammes<\/span><\/span><\/td>\n<\/tr>\n<tr class=\"a-spacing-small po-voltage\" role=\"listitem\">\n<td class=\"a-span3\" role=\"presentation\"><span class=\"a-size-base a-text-bold\"><span dir=\"auto\">Tension<\/span><\/span><\/td>\n<td class=\"a-span9\" role=\"presentation\"><span class=\"a-size-base po-break-word\"><span dir=\"auto\">230 volts<\/span><\/span><\/td>\n<\/tr>\n<tr class=\"a-spacing-small po-output_wattage\" role=\"listitem\">\n<td class=\"a-span3\" role=\"presentation\"><span class=\"a-size-base a-text-bold\"><span dir=\"auto\">Puissance de sortie<\/span><\/span><\/td>\n<td class=\"a-span9\" role=\"presentation\"><span class=\"a-size-base po-break-word\"><span dir=\"auto\">2000 watts<\/span><\/span><\/td>\n<\/tr>\n<tr class=\"a-spacing-small po-special_feature\" role=\"listitem\">\n<td class=\"a-span3\" role=\"presentation\"><span class=\"a-size-base a-text-bold\"><span dir=\"auto\">Caract\u00e9ristiques sp\u00e9ciales<\/span><\/span><\/td>\n<td class=\"a-span9\" role=\"presentation\"><span class=\"a-size-base po-break-word\"><span dir=\"auto\">Mode ECO, fonction de commutation parall\u00e8le, silencieux<\/span><\/span><\/td>\n<\/tr>\n<tr class=\"a-spacing-small po-included_components\" role=\"listitem\">\n<td class=\"a-span3\" role=\"presentation\"><span class=\"a-size-base a-text-bold\"><span dir=\"auto\">Composants inclus<\/span><\/span><\/td>\n<td class=\"a-span9\" role=\"presentation\"><span class=\"a-size-base\"><span class=\"a-truncate po-truncate-attribute\" data-a-word-break=\"normal\" data-a-truncate-name=\"po-attribute-truncate-9\" data-a-max-rows=\"3\" data-a-overflow-marker=\"&amp;hellip;\" data-a-recalculate=\"false\" data-a-updated=\"true\"><span class=\"a-truncate-full a-offscreen\"><span dir=\"auto\">G\u00e9n\u00e9rateur KS 2100i 1 paquet 1 x manuel d&#8217;utilisation 1 x cl\u00e9 \u00e0 bougie 1 x entonnoir de remplissage d&#8217;huile 1 x c\u00e2ble pour circuit parall\u00e8le 1 x prise Schuko 16 A 1 x tournevis PH2 6,0 mm1<\/span><\/span><span class=\"a-truncate-cut\" aria-hidden=\"true\"><span dir=\"auto\">G\u00e9n\u00e9rateur KS 2100i 1 paquet 1 x manuel d&#8217;utilisation 1 x cl\u00e9 \u00e0 bougie 1 x entonnoir de remplissage d&#8217;huile 1 x c\u00e2ble pour circuit<\/span><\/span><\/span><\/span><\/td>\n<\/tr>\n<\/tbody>\n<\/table>","protected":false},"excerpt":{"rendered":"<p>Le g\u00e9n\u00e9rateur de courant est \u00e9quip\u00e9 d&#8217;un module onduleur int\u00e9gr\u00e9 avec contr\u00f4le par microprocesseur qui contr\u00f4le les processus techniques du<\/p>","protected":false},"featured_media":28020,"template":"","meta":[],"product_brand":[],"product_cat":[61],"product_tag":[1514],"product_country":[1503],"class_list":{"0":"post-2351","1":"product","2":"type-product","3":"status-publish","4":"has-post-thumbnail","6":"product_cat-sale-france","7":"product_tag-sale-france","8":"product_country-france","10":"first","11":"instock","12":"sale","13":"taxable","14":"shipping-taxable","15":"purchasable","16":"product-type-simple"},"_links":{"self":[{"href":"https:\/\/routinesfashione.com\/nl\/wp-json\/wp\/v2\/product\/2351","targetHints":{"allow":["GET"]}}],"collection":[{"href":"https:\/\/routinesfashione.com\/nl\/wp-json\/wp\/v2\/product"}],"about":[{"href":"https:\/\/routinesfashione.com\/nl\/wp-json\/wp\/v2\/types\/product"}],"wp:featuredmedia":[{"embeddable":true,"href":"https:\/\/routinesfashione.com\/nl\/wp-json\/wp\/v2\/media\/28020"}],"wp:attachment":[{"href":"https:\/\/routinesfashione.com\/nl\/wp-json\/wp\/v2\/media?parent=2351"}],"wp:term":[{"taxonomy":"product_brand","embeddable":true,"href":"https:\/\/routinesfashione.com\/nl\/wp-json\/wp\/v2\/product_brand?post=2351"},{"taxonomy":"product_cat","embeddable":true,"href":"https:\/\/routinesfashione.com\/nl\/wp-json\/wp\/v2\/product_cat?post=2351"},{"taxonomy":"product_tag","embeddable":true,"href":"https:\/\/routinesfashione.com\/nl\/wp-json\/wp\/v2\/product_tag?post=2351"},{"taxonomy":"product_country","embeddable":true,"href":"https:\/\/routinesfashione.com\/nl\/wp-json\/wp\/v2\/product_country?post=2351"}],"curies":[{"name":"wp","href":"https:\/\/api.w.org\/{rel}","templated":true}]}}