{"id":2385,"date":"2025-09-30T20:51:20","date_gmt":"2025-09-30T20:51:20","guid":{"rendered":"https:\/\/lightgray-crow-170497.hostingersite.com\/?post_type=product&#038;p=2385"},"modified":"2025-09-30T20:51:20","modified_gmt":"2025-09-30T20:51:20","slug":"genergy-generateur-creta-sol-7500w-inverter-genergy","status":"publish","type":"product","link":"https:\/\/routinesfashione.com\/nl\/produit\/genergy-generateur-creta-sol-7500w-inverter-genergy\/","title":{"rendered":"Genergy G\u00e9n\u00e9rateur Creta SOL 7500w Inverter Genergy"},"content":{"rendered":"<p>Le\u00a0<strong>g\u00e9n\u00e9rateur \u00e9lectrique \u00e0 inverseur Genergy Creta Sol 7500W<\/strong>\u00a0dispose d&#8217;un d\u00e9marrage \u00e9lectrique \u00e0 cl\u00e9 et d&#8217;un d\u00e9marrage manuel par enroulement afin de pouvoir continuer \u00e0 utiliser la machine en cas de panne de batterie.<\/p>\n<p>Ce\u00a0<strong>g\u00e9n\u00e9rateur Genergy\u00a0<\/strong>est \u00e9quip\u00e9 du nouveau moteur\u00a0<strong>SGB-PRO EURO V<\/strong>, un moteur efficace et tr\u00e8s fiable qui garantit un d\u00e9marrage facile et en douceur dans toutes les conditions de travail.<\/p>\n<p>La machine est \u00e9quip\u00e9e d&#8217;un\u00a0<strong>chargeur de batterie int\u00e9gr\u00e9\u00a0<\/strong>aliment\u00e9 \u00e0 230V par son onduleur, ce qui garantit un \u00e9tat de charge optimal de la batterie du g\u00e9n\u00e9rateur \u00e0 tout moment.<\/p>\n<h3>Caract\u00e9ristiques<\/h3>\n<table class=\"tableresponsive table table-hover\">\n<tbody>\n<tr>\n<td>Syst\u00e8me de stabilisation<\/td>\n<td>Onduleur<\/td>\n<\/tr>\n<tr>\n<td>Tension &#8211; fr\u00e9quence<\/td>\n<td>230V &#8211; 50 Hz<\/td>\n<\/tr>\n<tr>\n<td>AC 230V Maximum<\/td>\n<td>7500W<\/td>\n<\/tr>\n<tr>\n<td>AC 230V Nominal<\/td>\n<td>7200W<\/td>\n<\/tr>\n<tr>\n<td>Type selon le nombre de phases<\/td>\n<td>Monophas\u00e9<\/td>\n<\/tr>\n<tr>\n<td>Facteur de puissance<\/td>\n<td>1<\/td>\n<\/tr>\n<tr>\n<td>Mod\u00e8le de moteur<\/td>\n<td>SGB460PRO<\/td>\n<\/tr>\n<tr>\n<td>Cylindr\u00e9e<\/td>\n<td>459cc<\/td>\n<\/tr>\n<tr>\n<td>Type de moteur<\/td>\n<td>Essence, 4 temps OHV, refroidi par air<\/td>\n<\/tr>\n<tr>\n<td>Niveau de pression acoustique moyen 7mts LpA<\/td>\n<td>68 dB &#8211; 74 dB<\/td>\n<\/tr>\n<tr>\n<td>Niveau de puissance acoustique garanti LwA<\/td>\n<td>97dB<\/td>\n<\/tr>\n<tr>\n<td>Type de d\u00e9marrage<\/td>\n<td>NA, \u00e9lectrique et contact manuel<\/td>\n<\/tr>\n<tr>\n<td>Capacit\u00e9 du r\u00e9servoir de carburant<\/td>\n<td>25L<\/td>\n<\/tr>\n<tr>\n<td>Consommation \u00e0 25 &#8211; 50 &#8211; 75% de charge<\/td>\n<td>1.6L\/H &#8211; 2.3L\/H &#8211; 3.4L\/H<\/td>\n<\/tr>\n<tr>\n<td>Autonomie 25 &#8211; 50 &#8211; 75% de charge<\/td>\n<td>15H &#8211; 10,8H &#8211; 7,5H<\/td>\n<\/tr>\n<tr>\n<td>Capacit\u00e9 et qualit\u00e9 de l&#8217;huile<\/td>\n<td>1.1L &#8211; SAE10W40<\/td>\n<\/tr>\n<tr>\n<td>Niveau d&#8217;isolation<\/td>\n<td>F<\/td>\n<\/tr>\n<tr>\n<td>Classe selon la qualit\u00e9 de l&#8217;isolation<\/td>\n<td>A<\/td>\n<\/tr>\n<tr>\n<td>Classe de performance<\/td>\n<td>G2<\/td>\n<\/tr>\n<tr>\n<td>Norme<\/td>\n<td>ISO 8528-13:2016<\/td>\n<\/tr>\n<tr>\n<td>Kit de transport<\/td>\n<td>Non<\/td>\n<\/tr>\n<tr>\n<td>Dimensions : 634 x 545 x 566<\/td>\n<td>634 x 545 x 566<\/td>\n<\/tr>\n<tr>\n<td>Poids<\/td>\n<td>70 kg<\/td>\n<\/tr>\n<\/tbody>\n<\/table>","protected":false},"excerpt":{"rendered":"<p>Le\u00a0g\u00e9n\u00e9rateur \u00e9lectrique \u00e0 inverseur Genergy Creta Sol 7500W\u00a0dispose d&#8217;un d\u00e9marrage \u00e9lectrique \u00e0 cl\u00e9 et d&#8217;un d\u00e9marrage manuel par enroulement afin<\/p>","protected":false},"featured_media":14590,"template":"","meta":[],"product_brand":[],"product_cat":[61],"product_tag":[1514],"product_country":[1503],"class_list":{"0":"post-2385","1":"product","2":"type-product","3":"status-publish","4":"has-post-thumbnail","6":"product_cat-sale-france","7":"product_tag-sale-france","8":"product_country-france","10":"first","11":"instock","12":"sale","13":"taxable","14":"shipping-taxable","15":"purchasable","16":"product-type-simple"},"_links":{"self":[{"href":"https:\/\/routinesfashione.com\/nl\/wp-json\/wp\/v2\/product\/2385","targetHints":{"allow":["GET"]}}],"collection":[{"href":"https:\/\/routinesfashione.com\/nl\/wp-json\/wp\/v2\/product"}],"about":[{"href":"https:\/\/routinesfashione.com\/nl\/wp-json\/wp\/v2\/types\/product"}],"wp:featuredmedia":[{"embeddable":true,"href":"https:\/\/routinesfashione.com\/nl\/wp-json\/wp\/v2\/media\/14590"}],"wp:attachment":[{"href":"https:\/\/routinesfashione.com\/nl\/wp-json\/wp\/v2\/media?parent=2385"}],"wp:term":[{"taxonomy":"product_brand","embeddable":true,"href":"https:\/\/routinesfashione.com\/nl\/wp-json\/wp\/v2\/product_brand?post=2385"},{"taxonomy":"product_cat","embeddable":true,"href":"https:\/\/routinesfashione.com\/nl\/wp-json\/wp\/v2\/product_cat?post=2385"},{"taxonomy":"product_tag","embeddable":true,"href":"https:\/\/routinesfashione.com\/nl\/wp-json\/wp\/v2\/product_tag?post=2385"},{"taxonomy":"product_country","embeddable":true,"href":"https:\/\/routinesfashione.com\/nl\/wp-json\/wp\/v2\/product_country?post=2385"}],"curies":[{"name":"wp","href":"https:\/\/api.w.org\/{rel}","templated":true}]}}