{"id":2415,"date":"2025-09-30T20:51:19","date_gmt":"2025-09-30T20:51:19","guid":{"rendered":"https:\/\/lightgray-crow-170497.hostingersite.com\/?post_type=product&#038;p=2415"},"modified":"2025-09-30T20:51:19","modified_gmt":"2025-09-30T20:51:19","slug":"revolt-groupe-electrogene-a-essence-connecte-3700-w-230-v-12-v-big-270-avec-trolley","status":"publish","type":"product","link":"https:\/\/routinesfashione.com\/nl\/produit\/revolt-groupe-electrogene-a-essence-connecte-3700-w-230-v-12-v-big-270-avec-trolley\/","title":{"rendered":"Revolt Groupe \u00e9l\u00e8ctrog\u00e8ne \u00e0 essence connect\u00e9 3700 W \/ 230 V \/ 12 V BIG-270 avec trolley"},"content":{"rendered":"<p>Que ce soit en camping, lors de f\u00eates de jardin ou en pour vos journ\u00e9es bricolage en ext\u00e9rieur, le g\u00e9n\u00e9rateur vous accompagne partout. Gr\u00e2ce \u00e0 son grand r\u00e9servoir de 13\u00a0L, il vous fournit du courant de mani\u00e8re fiable, sans tomber en panne.\u00a0<strong>La poign\u00e9e extensible et les deux roues rendent le transport particuli\u00e8rement confortable.<\/strong><\/p>\n<p>Cette source d&#8217;\u00e9nergie mobile vous offre jusqu&#8217;\u00e0\u00a0<strong>6\u00a0options de branchement<\/strong>\u00a0: branchez jusqu&#8217;\u00e0 deux appareils \u00e9lectriques sur les prises 230\u00a0V s\u00e9curis\u00e9es, chargez jusqu&#8217;\u00e0 deux appareils mobiles sur les ports USB, ou encore alimentez jusqu&#8217;\u00e0 deux appareils 12\u00a0V.<\/p>\n<p>L&#8217;utilisation est simple\u00a0: remplissez votre g\u00e9n\u00e9rateur avec de l&#8217;essence et de l&#8217;huile moteur. Vous pouvez d\u00e9marrer le g\u00e9n\u00e9rateur de mani\u00e8re classique avec un d\u00e9marreur \u00e0 tirette, ou facilement avec un d\u00e9marreur \u00e9lectrique. Enfin,\u00a0<strong>gr\u00e2ce \u00e0 l&#8217;application gratuite pour Android et iOS, vous gardez toujours un \u0153il sur toutes les valeurs importantes<\/strong>.<\/p>\n<p>\u00c9conomisez du carburant\u00a0: en mode ECO, vous r\u00e9duisez le r\u00e9gime du moteur, pour un fonctionnement plus \u00e9conome et silencieux.<\/p>\n<ul>\n<li><strong>G\u00e9n\u00e9rateur \u00e0 essence connect\u00e9 3700\u00a0W\u00a0\/ 230\u00a0V\u00a0\/ 12\u00a0V\u00a0\/ 13\u00a0L de la marque revolt<\/strong><\/li>\n<li>Alimentation mobile et ind\u00e9pendante pour appareils 230\u00a0V, USB et 12\u00a0V<\/li>\n<li>Pour le camping, le jardin et toute autre activit\u00e9 ext\u00e9rieure<\/li>\n<li><strong>Moteur 4\u00a0temps 4,5\u00a0kW<\/strong><\/li>\n<li><strong>D\u00e9marreur \u00e9lectrique en plus du d\u00e9marreur manuel<\/strong><\/li>\n<li><strong>2\u00a0prises prot\u00e9g\u00e9es 230\u00a0V, puissance continue 3700\u00a0W\u00a0\/ puissance de cr\u00eate 4200\u00a0W<\/strong><\/li>\n<li><strong>2\u00a0ports USB-A\u00a0: 5\u00a0V, max. 1\u00a0A\u00a0\/ 5\u00a0V, max. 2\u00a0A<\/strong><\/li>\n<li><strong>2\u00a0sorties DC allume-cigare\u00a0: 12\u00a0V DC, 8\u00a0A<\/strong><\/li>\n<li>Grand r\u00e9servoir d&#8217;essence\u00a0: 13\u00a0L<\/li>\n<li>R\u00e9seau Internet sans fil compatible\u00a0: IEEE 802.11b\/g\/n (2,4\u00a0GHz)<\/li>\n<li>Application gratuite Android\u00a0\/ iOS\u00a0: pour surveillance et maintien \u00e0 distance<\/li>\n<li>Mode ECO pour une vitesse et une consommation r\u00e9duites<\/li>\n<li>Roulettes pour un transport confortable<\/li>\n<li>Dimensions\u00a0: 65\u00a0x 55\u00a0x 47,5\u00a0cm, poids\u00a0: 48\u00a0kg<\/li>\n<li>G\u00e9n\u00e9rateur \u00e0 essence BIG-270, mode d&#8217;emploi en fran\u00e7ais<\/li>\n<li>Code GTIN\/EAN : 4022107402460<\/li>\n<\/ul>","protected":false},"excerpt":{"rendered":"<p>Que ce soit en camping, lors de f\u00eates de jardin ou en pour vos journ\u00e9es bricolage en ext\u00e9rieur, le g\u00e9n\u00e9rateur<\/p>","protected":false},"featured_media":27937,"template":"","meta":[],"product_brand":[],"product_cat":[61],"product_tag":[1514],"product_country":[1503],"class_list":{"0":"post-2415","1":"product","2":"type-product","3":"status-publish","4":"has-post-thumbnail","6":"product_cat-sale-france","7":"product_tag-sale-france","8":"product_country-france","10":"first","11":"instock","12":"sale","13":"taxable","14":"shipping-taxable","15":"purchasable","16":"product-type-simple"},"_links":{"self":[{"href":"https:\/\/routinesfashione.com\/nl\/wp-json\/wp\/v2\/product\/2415","targetHints":{"allow":["GET"]}}],"collection":[{"href":"https:\/\/routinesfashione.com\/nl\/wp-json\/wp\/v2\/product"}],"about":[{"href":"https:\/\/routinesfashione.com\/nl\/wp-json\/wp\/v2\/types\/product"}],"wp:featuredmedia":[{"embeddable":true,"href":"https:\/\/routinesfashione.com\/nl\/wp-json\/wp\/v2\/media\/27937"}],"wp:attachment":[{"href":"https:\/\/routinesfashione.com\/nl\/wp-json\/wp\/v2\/media?parent=2415"}],"wp:term":[{"taxonomy":"product_brand","embeddable":true,"href":"https:\/\/routinesfashione.com\/nl\/wp-json\/wp\/v2\/product_brand?post=2415"},{"taxonomy":"product_cat","embeddable":true,"href":"https:\/\/routinesfashione.com\/nl\/wp-json\/wp\/v2\/product_cat?post=2415"},{"taxonomy":"product_tag","embeddable":true,"href":"https:\/\/routinesfashione.com\/nl\/wp-json\/wp\/v2\/product_tag?post=2415"},{"taxonomy":"product_country","embeddable":true,"href":"https:\/\/routinesfashione.com\/nl\/wp-json\/wp\/v2\/product_country?post=2415"}],"curies":[{"name":"wp","href":"https:\/\/api.w.org\/{rel}","templated":true}]}}