{"id":2427,"date":"2025-09-30T20:51:19","date_gmt":"2025-09-30T20:51:19","guid":{"rendered":"https:\/\/lightgray-crow-170497.hostingersite.com\/?post_type=product&#038;p=2427"},"modified":"2025-09-30T20:51:19","modified_gmt":"2025-09-30T20:51:19","slug":"generateur-groupe-electrogene-diesel-6500w-12-230v","status":"publish","type":"product","link":"https:\/\/routinesfashione.com\/nl\/produit\/generateur-groupe-electrogene-diesel-6500w-12-230v\/","title":{"rendered":"G\u00e9n\u00e9rateur Groupe \u00e9l\u00e9ctrog\u00e8ne Diesel 6500W 12\/230V"},"content":{"rendered":"<p>Nos sp\u00e9cialistes ont concentr\u00e9 leurs efforts pour que tous les produits soient de\u00a0<strong>qualit\u00e9 sup\u00e9rieure<\/strong>\u00a0\u00e0 leurs concurrents, tout en \u00e9tant plus abordables et plus pratiques en termes de service et de fonctionnement.<\/p>\n<p>L\u2019assemblage de tous les produits se fait sous le contr\u00f4le constant de\u00a0<strong>sp\u00e9cialistes allemands dans les usines<\/strong>\u00a0produisant des g\u00e9n\u00e9rateurs\u00a0 pour les principales marques sur les march\u00e9s d\u2019Europe et d\u2019Am\u00e9rique du Nord. Tous les\u00a0<strong>produits sont test\u00e9s<\/strong>\u00a0\u00e0 diff\u00e9rentes \u00e9tapes de la production.<\/p>\n<p>Toutes nos machines r\u00e9pondent aux\u00a0<strong>normes europ\u00e9ennes<\/strong>\u00a0et mondiales de qualit\u00e9, d\u2019\u00e9conomie, de respect de l\u2019environnement (y compris le niveau d\u2019\u00e9missions nocives et le niveau sonore).<\/p>\n<p>La gamme de moteurs utilis\u00e9s dans les g\u00e9n\u00e9rateurs, les motoculteurs et les motopompes \u00abK\u00f6nner &amp; S\u00f6hnen\u00bb est le r\u00e9sultat d\u2019une s\u00e9lection parmi les\u00a0<strong>principaux fabricants mondiaux de moteurs<\/strong>, d\u2019une \u00e9tude approfondie, de tests \u00e0 long terme, de recherche et d\u2019\u00e9limination de tous les d\u00e9fauts possibles en \u00e9tape de la production. En cons\u00e9quence, nous avons d\u00e9velopp\u00e9 des moteurs individuels et nous avons achet\u00e9 une licence pour les fabriquer uniquement pour la marque \u00abK\u00f6nner &amp; S\u00f6hnen\u00bb sous son logo.\u00a0<strong>Chaque g\u00e9n\u00e9rateur, motoculteur et moteur de pompe a un num\u00e9ro de s\u00e9rie individuel<\/strong>, ce qui nous permet de\u00a0<strong>contr\u00f4ler la qualit\u00e9<\/strong>\u00a0de fabrication et du service. Chaque lot de marchandises est constamment test\u00e9.<\/p>\n<p>Gr\u00e2ce \u00e0 une \u00abR&amp;D\u00bb int\u00e9gr\u00e9e et fort de nos 10 ans d\u2019exp\u00e9riences dans la production et la vente d\u2019\u00e9quipements, nous am\u00e9liorons et introduisons constamment les\u00a0<strong>derni\u00e8res technologies<\/strong>\u00a0dans nos produits, offrant ainsi aux consommateurs des syst\u00e8mes et des appareils plus efficaces, plus \u00e9cologiques, plus \u00e9conomiques et plus avanc\u00e9s afin de r\u00e9pondre \u00e0 leurs exigences.<\/p>\n<p>Les\u00a0<strong>groupes \u00e9lectrog\u00e8nes<\/strong>\u00a0et les outils de jardinage de\u00a0<strong>K\u00f6nner &amp; S\u00f6hnen<\/strong>\u00a0ont \u00e9t\u00e9\u00a0<strong>cr\u00e9\u00e9s en Allemagne<\/strong>\u00a0pour incarner le concept de \u00ab\u00a0technique populaire\u00a0\u00bb comme synonyme de<strong>\u00a0qualit\u00e9<\/strong>\u00a0et de prix abordable.<\/p>","protected":false},"excerpt":{"rendered":"<p>Nos sp\u00e9cialistes ont concentr\u00e9 leurs efforts pour que tous les produits soient de\u00a0qualit\u00e9 sup\u00e9rieure\u00a0\u00e0 leurs concurrents, tout en \u00e9tant plus<\/p>","protected":false},"featured_media":27950,"template":"","meta":[],"product_brand":[],"product_cat":[61],"product_tag":[1514],"product_country":[1503],"class_list":{"0":"post-2427","1":"product","2":"type-product","3":"status-publish","4":"has-post-thumbnail","6":"product_cat-sale-france","7":"product_tag-sale-france","8":"product_country-france","10":"first","11":"instock","12":"sale","13":"taxable","14":"shipping-taxable","15":"purchasable","16":"product-type-simple"},"_links":{"self":[{"href":"https:\/\/routinesfashione.com\/nl\/wp-json\/wp\/v2\/product\/2427","targetHints":{"allow":["GET"]}}],"collection":[{"href":"https:\/\/routinesfashione.com\/nl\/wp-json\/wp\/v2\/product"}],"about":[{"href":"https:\/\/routinesfashione.com\/nl\/wp-json\/wp\/v2\/types\/product"}],"wp:featuredmedia":[{"embeddable":true,"href":"https:\/\/routinesfashione.com\/nl\/wp-json\/wp\/v2\/media\/27950"}],"wp:attachment":[{"href":"https:\/\/routinesfashione.com\/nl\/wp-json\/wp\/v2\/media?parent=2427"}],"wp:term":[{"taxonomy":"product_brand","embeddable":true,"href":"https:\/\/routinesfashione.com\/nl\/wp-json\/wp\/v2\/product_brand?post=2427"},{"taxonomy":"product_cat","embeddable":true,"href":"https:\/\/routinesfashione.com\/nl\/wp-json\/wp\/v2\/product_cat?post=2427"},{"taxonomy":"product_tag","embeddable":true,"href":"https:\/\/routinesfashione.com\/nl\/wp-json\/wp\/v2\/product_tag?post=2427"},{"taxonomy":"product_country","embeddable":true,"href":"https:\/\/routinesfashione.com\/nl\/wp-json\/wp\/v2\/product_country?post=2427"}],"curies":[{"name":"wp","href":"https:\/\/api.w.org\/{rel}","templated":true}]}}