{"id":2458,"date":"2025-09-30T20:51:19","date_gmt":"2025-09-30T20:51:19","guid":{"rendered":"https:\/\/lightgray-crow-170497.hostingersite.com\/?post_type=product&#038;p=2458"},"modified":"2025-09-30T20:51:19","modified_gmt":"2025-09-30T20:51:19","slug":"allpowers-r2500-station-electrique-portable-2500w-2016wh-r2500-panneau-solaire","status":"publish","type":"product","link":"https:\/\/routinesfashione.com\/nl\/produit\/allpowers-r2500-station-electrique-portable-2500w-2016wh-r2500-panneau-solaire\/","title":{"rendered":"ALLPOWERS R2500 Station \u00e9lectrique portable 2500W 2016Wh R2500 + Panneau Solaire"},"content":{"rendered":"<ul class=\"a-unordered-list a-vertical a-spacing-mini\">\n<li class=\"a-spacing-mini\"><span class=\"a-list-item\">Charge 13 appareils en m\u00eame temps : la station d&#8217;alimentation portable ALLPOWERS R2500 dispose de 4 sorties CA sinuso\u00efdales pures (230 V 2500 W, pointe 4000 W), 2 ports de charge rapide USB-C de 100 W et 4 ports de charge USB-A, 2 ports DC5525, 1 allume-cigare (12 V\/10 A). Avec une grande capacit\u00e9 de 2016 Wh et une sortie CA de 2500 W, il peut r\u00e9pondre \u00e0 diff\u00e9rents besoins d&#8217;alimentation dans les camping-cars, les v\u00e9hicules tout-terrain, les voyages longue distance et le camping.<\/span><\/li>\n<li class=\"a-spacing-mini\"><span class=\"a-list-item\">Charge super rapide : le R2500 a un r\u00e9gulateur de charge MPPT int\u00e9gr\u00e9 pour une entr\u00e9e solaire jusqu&#8217;\u00e0 1000 W. En m\u00eame temps, avec l&#8217;aide de la technologie de charge rapide d&#8217;ALLPOWERS aucun adaptateur d&#8217;alimentation encombrant n&#8217;est n\u00e9cessaire, un seul c\u00e2ble peut \u00eatre utilis\u00e9 pour charger compl\u00e8tement la station d&#8217;alimentation en 1,3 heure, et la puissance de charge maximale de 1500 W, ce qui est \u00e9galement plus \u00e9lev\u00e9 que d&#8217;autres stations d&#8217;alimentation similaires. Et prend en charge simultan\u00e9ment la charge solaire et AC pour obtenir un temps de charge plus court.<\/span><\/li>\n<li class=\"a-spacing-mini\"><span class=\"a-list-item\">Batterie LiFePO4 extr\u00eamement longue dur\u00e9e de vie : cette station d&#8217;alimentation ALLPOWERS R2500 dispose d&#8217;une batterie LiFePO4. La capacit\u00e9 maximale de la batterie est sup\u00e9rieure \u00e0 80 % apr\u00e8s 3500 cycles de charge et sup\u00e9rieure \u00e0 50 % apr\u00e8s 6500 cycles. Par cons\u00e9quent, la dur\u00e9e de vie du R2500 d\u00e9passe 10 ans. La station d&#8217;alimentation R2500 dispose d&#8217;une protection BMS avanc\u00e9e qui surveille la tension, le courant et la temp\u00e9rature pour assurer la s\u00e9curit\u00e9 du R2500 en toutes circonstances.<\/span><\/li>\n<li class=\"a-spacing-mini\"><span class=\"a-list-item\">Haute efficacit\u00e9 : le kit de panneaux solaires portables ALLPOWERS 100 W est fabriqu\u00e9 aux \u00c9tats-Unis, jusqu&#8217;\u00e0 22 % d&#8217;efficacit\u00e9, 1\/3 plus l\u00e9ger que la m\u00eame puissance du silicium solaire. La puissance totale a augment\u00e9 de 1\/3 par rapport \u00e0 la m\u00eame taille de kit de panneaux solaires portables.<\/span><\/li>\n<li class=\"a-spacing-mini\"><span class=\"a-list-item\">Pliable et portable : taille pli\u00e9e seulement 20 x 25,6 x 1,2 pouces, 7,9 lb, le panneau solaire portable 100 W est id\u00e9al pour voyager hors des sentiers battus sans acc\u00e8s \u00e0 l&#8217;\u00e9lectricit\u00e9 et ne prendra pas beaucoup de place dans votre sac. Le chargeur solaire pliable ALLPOWERS est dot\u00e9 d&#8217;un port solaire (25 A max), fournissant une alimentation infinie pour un ordinateur portable, une centrale \u00e9lectrique en camping, en plein air, dans le jardin, en camping-car et en caravane sous le soleil.<\/span><\/li>\n<li class=\"a-spacing-mini\"><span class=\"a-list-item\">Imperm\u00e9able et durable : le panneau solaire pliable de 100 W est construit avec du nylon durable et imperm\u00e9able et un support r\u00e9glable pour recevoir la lumi\u00e8re du soleil la plus efficace. La technologie de protection contre les courts-circuits et les surtensions assure votre s\u00e9curit\u00e9 et celle de vos appareils.<\/span><\/li>\n<\/ul>","protected":false},"excerpt":{"rendered":"<p>Charge 13 appareils en m\u00eame temps : la station d&#8217;alimentation portable ALLPOWERS R2500 dispose de 4 sorties CA sinuso\u00efdales pures<\/p>","protected":false},"featured_media":27894,"template":"","meta":[],"product_brand":[],"product_cat":[61],"product_tag":[1514],"product_country":[1503],"class_list":{"0":"post-2458","1":"product","2":"type-product","3":"status-publish","4":"has-post-thumbnail","6":"product_cat-sale-france","7":"product_tag-sale-france","8":"product_country-france","10":"first","11":"instock","12":"sale","13":"taxable","14":"shipping-taxable","15":"purchasable","16":"product-type-simple"},"_links":{"self":[{"href":"https:\/\/routinesfashione.com\/nl\/wp-json\/wp\/v2\/product\/2458","targetHints":{"allow":["GET"]}}],"collection":[{"href":"https:\/\/routinesfashione.com\/nl\/wp-json\/wp\/v2\/product"}],"about":[{"href":"https:\/\/routinesfashione.com\/nl\/wp-json\/wp\/v2\/types\/product"}],"wp:featuredmedia":[{"embeddable":true,"href":"https:\/\/routinesfashione.com\/nl\/wp-json\/wp\/v2\/media\/27894"}],"wp:attachment":[{"href":"https:\/\/routinesfashione.com\/nl\/wp-json\/wp\/v2\/media?parent=2458"}],"wp:term":[{"taxonomy":"product_brand","embeddable":true,"href":"https:\/\/routinesfashione.com\/nl\/wp-json\/wp\/v2\/product_brand?post=2458"},{"taxonomy":"product_cat","embeddable":true,"href":"https:\/\/routinesfashione.com\/nl\/wp-json\/wp\/v2\/product_cat?post=2458"},{"taxonomy":"product_tag","embeddable":true,"href":"https:\/\/routinesfashione.com\/nl\/wp-json\/wp\/v2\/product_tag?post=2458"},{"taxonomy":"product_country","embeddable":true,"href":"https:\/\/routinesfashione.com\/nl\/wp-json\/wp\/v2\/product_country?post=2458"}],"curies":[{"name":"wp","href":"https:\/\/api.w.org\/{rel}","templated":true}]}}