{"id":2493,"date":"2025-09-30T20:51:18","date_gmt":"2025-09-30T20:51:18","guid":{"rendered":"https:\/\/lightgray-crow-170497.hostingersite.com\/?post_type=product&#038;p=2493"},"modified":"2025-09-30T20:51:18","modified_gmt":"2025-09-30T20:51:18","slug":"honda-generateur-de-courant-eu-10i-1000-w","status":"publish","type":"product","link":"https:\/\/routinesfashione.com\/nl\/produit\/honda-generateur-de-courant-eu-10i-1000-w\/","title":{"rendered":"Honda g\u00e9n\u00e9rateur de courant EU 10i 1000 W"},"content":{"rendered":"<p>Le Groupe \u00e9lectrog\u00e8ne HONDA EU 10 I de la s\u00e9rie Inverter. Ce Groupe HONDA EU10 \u00e0 un poids de 13 KG, une puissance de 1000 W et est dot\u00e9 d&#8217;un moteur 4 temps.<\/p>\n<div class=\"titre-sections titre-sections-left\">\n<h2>caract\u00e9ristiques techniques<\/h2>\n<\/div>\n<ul>\n<li>Groupe \u00e9lectrog\u00e8ne Honda EU 10 I<\/li>\n<li>Moteur Honda 4 temps GXH50<\/li>\n<li>Fonctionne \u00e0 l&#8217;essence sans plomb<\/li>\n<li>Puissance : 1000 w<\/li>\n<li>1 prises (16A-250V)<\/li>\n<li>Poids : 13 kg<\/li>\n<li>Groupe \u00e9lectrog\u00e8ne insonoris\u00e9<\/li>\n<li>\n<div class=\"titre-sections titre-sections-left\">\n<h2>Les &#8222;Plus&#8220; du produit<\/h2>\n<\/div>\n<ul>\n<li>Autonomie de 3h30<\/li>\n<li>R\u00e9gulation : Inverter<\/li>\n<li>Syst\u00e8me anti-vibration et alerte manque d&#8217;huile int\u00e9gr\u00e9<\/li>\n<li>Couplage en option<\/li>\n<\/ul>\n<\/li>\n<\/ul>","protected":false},"excerpt":{"rendered":"<p>Le Groupe \u00e9lectrog\u00e8ne HONDA EU 10 I de la s\u00e9rie Inverter. Ce Groupe HONDA EU10 \u00e0 un poids de 13<\/p>","protected":false},"featured_media":27819,"template":"","meta":[],"product_brand":[],"product_cat":[61],"product_tag":[1514],"product_country":[1503],"class_list":{"0":"post-2493","1":"product","2":"type-product","3":"status-publish","4":"has-post-thumbnail","6":"product_cat-sale-france","7":"product_tag-sale-france","8":"product_country-france","10":"first","11":"instock","12":"sale","13":"taxable","14":"shipping-taxable","15":"purchasable","16":"product-type-simple"},"_links":{"self":[{"href":"https:\/\/routinesfashione.com\/nl\/wp-json\/wp\/v2\/product\/2493","targetHints":{"allow":["GET"]}}],"collection":[{"href":"https:\/\/routinesfashione.com\/nl\/wp-json\/wp\/v2\/product"}],"about":[{"href":"https:\/\/routinesfashione.com\/nl\/wp-json\/wp\/v2\/types\/product"}],"wp:featuredmedia":[{"embeddable":true,"href":"https:\/\/routinesfashione.com\/nl\/wp-json\/wp\/v2\/media\/27819"}],"wp:attachment":[{"href":"https:\/\/routinesfashione.com\/nl\/wp-json\/wp\/v2\/media?parent=2493"}],"wp:term":[{"taxonomy":"product_brand","embeddable":true,"href":"https:\/\/routinesfashione.com\/nl\/wp-json\/wp\/v2\/product_brand?post=2493"},{"taxonomy":"product_cat","embeddable":true,"href":"https:\/\/routinesfashione.com\/nl\/wp-json\/wp\/v2\/product_cat?post=2493"},{"taxonomy":"product_tag","embeddable":true,"href":"https:\/\/routinesfashione.com\/nl\/wp-json\/wp\/v2\/product_tag?post=2493"},{"taxonomy":"product_country","embeddable":true,"href":"https:\/\/routinesfashione.com\/nl\/wp-json\/wp\/v2\/product_country?post=2493"}],"curies":[{"name":"wp","href":"https:\/\/api.w.org\/{rel}","templated":true}]}}