{"id":2505,"date":"2025-09-30T20:51:18","date_gmt":"2025-09-30T20:51:18","guid":{"rendered":"https:\/\/lightgray-crow-170497.hostingersite.com\/?post_type=product&#038;p=2505"},"modified":"2025-09-30T20:51:18","modified_gmt":"2025-09-30T20:51:18","slug":"bluetti-elite-200-v2-station-electrique-portable-batterie-lfp-de-20736wh-avec-2-prises-ca-2600w","status":"publish","type":"product","link":"https:\/\/routinesfashione.com\/nl\/produit\/bluetti-elite-200-v2-station-electrique-portable-batterie-lfp-de-20736wh-avec-2-prises-ca-2600w\/","title":{"rendered":"BLUETTI Elite 200 V2 Station \u00c9lectrique Portable Batterie Lfp de 2073,6wh avec 2 Prises Ca 2600w"},"content":{"rendered":"<div class=\"o-product-detail-informations__description\">\n<p>\u25cfDynamisez Vos Voyages &#8211; Avec une capacit\u00e9 de 2073,6Wh et une sortie CA de 2600W (5200W cr\u00eate), l&#8217;Elite 200 V2 alimente jusqu&#8217;\u00e0 7 appareils en m\u00eame temps. Ultra compacte, elle est id\u00e9ale pour le camping, les voyages et la sauvegarde \u00e0 domicile.<br \/>\n\u25cf17 Ans de Dur\u00e9e de Vie &#8211; Dot\u00e9 de batteries LFP de qualit\u00e9 automatique avec plus de 6000 cycles, l&#8217;Elite 200 V2 a une dur\u00e9e de vie 12 fois plus longue. La protection multicouche assure un fonctionnement s\u00fbr m\u00eame \u00e0 des temp\u00e9ratures extr\u00eames.<br \/>\n\u25cfCharge \u00e9clair &#8211; \u00c9quip\u00e9 de la technologie \ud835\udde7\ud835\ude02\ud835\uddff\ud835\uddef\ud835\uddfc\ud835\uddd5\ud835\uddfc\ud835\uddfc\ud835\ude00\ud835\ude01 et de modules MPPT int\u00e9gr\u00e9s, cet appareil charge jusqu&#8217;\u00e0 80 % en seulement 45 minutes avec une double charge CA et CC, maximisant ainsi l&#8217;efficacit\u00e9 o\u00f9 que vous soyez.<br \/>\n\u25cfTout-en-un &#8211; B\u00e9n\u00e9ficiez d&#8217;une faible consommation d&#8217;\u00e9nergie pour des performances accrues. L&#8217;application mise \u00e0 jour offre un contr\u00f4le intuitif et des informations en temps r\u00e9el sur la consommation d&#8217;\u00e9nergie pour garantir un fonctionnement sans heurts.<br \/>\n\u25cfChargez en Silence, Profitez du Calme &#8211; Profitez d&#8217;une charge ultra-silencieuse avec l\u2019Elite 200 V2, \u00e9mettant seulement 16 dB \u2013 aussi discret qu\u2019un murmure ou le bruissement des feuilles. Id\u00e9al pour les nuits paisibles en camping ou les moments de calme \u00e0 la maison, il assure performance et tranquillit\u00e9 sans compromis.<br \/>\n\u25cfCe Que Vous Recevrez &#8211; BLUETTI Elite 200 V2 station d&#8217;alimentation portable, c\u00e2ble de charge CA, c\u00e2ble de charge solaire, vis de mise \u00e0 la terre, manuel d&#8217;utilisation.<\/p>\n<p>&nbsp;<\/p>\n<p>Compact, fiable et puissant, l&#8217;Elite 200 V2 est parfaitement con\u00e7u pour r\u00e9pondre \u00e0 vos besoins en \u00e9nergie dans une vari\u00e9t\u00e9 de sc\u00e9narios. Que vous exploriez les grands espaces, que vous viviez hors r\u00e9seau ou que vous vous pr\u00e9pariez \u00e0 des pannes de courant inattendues \u00e0 la maison, l&#8217;Elite 200 V2 g\u00e8re tout.<\/p>\n<p>&nbsp;<\/p>\n<p>\u3010Mode Power Lifting\u3011<br \/>\nL&#8217;Elite 200 V2 prend en charge sans effort des charges r\u00e9sistives pures allant jusqu&#8217;\u00e0 3\u00a0900 W. Parfait pour alimenter les appareils essentiels du quotidien comme les bouilloires, les couvertures \u00e9lectriques et les s\u00e8che-cheveux, apportant confort et commodit\u00e9 \u00e0 votre vie quotidienne.<\/p>\n<p>&nbsp;<\/p>\n<p>\u3010Taille compacte, puissance puissante\u3011<br \/>\nLa conception peu encombrante le rend incroyablement facile \u00e0 transporter et \u00e0 ranger, m\u00eame dans des espaces restreints comme les camping-cars, les voitures ou les petits coins de votre maison. Malgr\u00e9 son faible encombrement, il offre une puissance de frappe puissante, une solution parfaite pour maximiser la portabilit\u00e9 sans sacrifier les performances.<\/p>\n<p>&nbsp;<\/p>\n<p>\u3010Chargez \u00e0 pleine vitesse, puissance doubl\u00e9e\u3011<br \/>\nO\u00f9 que vous soyez, b\u00e9n\u00e9ficiez d&#8217;une charge ultra-rapide qui permet \u00e0 vos appareils de fonctionner sans d\u00e9lai. La technologie TurboBoost vous permet d&#8217;atteindre 80 % de charge en seulement 1 heure. En explorant la nature, vous pouvez acc\u00e9der \u00e0 l&#8217;\u00e9nergie solaire et obtenir une charge compl\u00e8te en environ 2,4 heures. M\u00eame en conduisant sur la route, vous pouvez le charger efficacement gr\u00e2ce \u00e0 notre derni\u00e8re innovation &#8211; BLUETTI Charger 1, qui est 6X plus rapide que les chargeurs de voiture classiques.<\/p>\n<p>&nbsp;<\/p>\n<p>&nbsp;<\/p>\n<p>\u3010La s\u00e9curit\u00e9 avant tout, une alimentation en toute confiance\u3011<br \/>\nCon\u00e7u dans un souci de s\u00e9curit\u00e9, l&#8217;Elite 200 V2 est dot\u00e9 de cellules de batterie LiFePO\u2084 de qualit\u00e9 automobile, de mat\u00e9riaux ABS haut de gamme et d&#8217;un syst\u00e8me de protection intelligent, vous offrant une tranquillit\u00e9 d&#8217;esprit \u00e0 chaque charge.<\/p>\n<p>&nbsp;<\/p>\n<p>\u3010Fiabilit\u00e9 et s\u00e9curit\u00e9 avanc\u00e9es\u3011<br \/>\nAvec quatre couches de protection, il fonctionne de mani\u00e8re fiable \u00e0 des temp\u00e9ratures \u00e9lev\u00e9es tout en prot\u00e9geant contre les surintensit\u00e9s, les surtensions et la combustion, garantissant une dur\u00e9e de vie et une s\u00e9curit\u00e9 plus longues.<\/p>\n<p>&nbsp;<\/p>\n<p>\u3010Whisper-Quiet at 16 dB\u3011<br \/>\nUnder low power loads, the intelligent algorithm automatically adjusts fan speeds to maintain an ideal balance between noise and cooling.<\/p>\n<p>&nbsp;<\/p>\n<p>\u3010Puissance intelligente, vie intelligente\u3011<br \/>\nFaites passer votre puissance au niveau sup\u00e9rieur avec de nombreuses fonctionnalit\u00e9s innovantes, notamment AI-BMS, un contr\u00f4le d&#8217;application convivial, un syst\u00e8me de refroidissement efficace et bien plus encore.<\/p>\n<p>&nbsp;<\/p>\n<\/div>\n<table class=\"o-product-features\" role=\"presentation\" data-cerberus=\"TABLE_AttributesProduct\">\n<caption class=\"kl-hidden-accessibility\">\u00a0<\/caption>\n<\/table>\n<p class=\"a-text-warranty\">Tous les produits vendus par Bricoman et par les vendeurs b\u00e9n\u00e9ficient de la garantie l\u00e9gale de conformit\u00e9 de 2 ans \u00e0 compter de leur d\u00e9livrance.<br \/>\nRetrouvez les conditions et modalit\u00e9s de mise en \u0153uvre des garanties (l\u00e9gales et commerciales) dans les fiches produits, les conditions g\u00e9n\u00e9rales de vente, en magasin ou sur la page de chaque vendeur pour les articles signal\u00e9s &#8222;Vendu par<\/p>","protected":false},"excerpt":{"rendered":"<p>\u25cfDynamisez Vos Voyages &#8211; Avec une capacit\u00e9 de 2073,6Wh et une sortie CA de 2600W (5200W cr\u00eate), l&#8217;Elite 200 V2<\/p>","protected":false},"featured_media":14687,"template":"","meta":[],"product_brand":[],"product_cat":[61],"product_tag":[1514],"product_country":[1503],"class_list":{"0":"post-2505","1":"product","2":"type-product","3":"status-publish","4":"has-post-thumbnail","6":"product_cat-sale-france","7":"product_tag-sale-france","8":"product_country-france","10":"first","11":"instock","12":"sale","13":"taxable","14":"shipping-taxable","15":"purchasable","16":"product-type-simple"},"_links":{"self":[{"href":"https:\/\/routinesfashione.com\/nl\/wp-json\/wp\/v2\/product\/2505","targetHints":{"allow":["GET"]}}],"collection":[{"href":"https:\/\/routinesfashione.com\/nl\/wp-json\/wp\/v2\/product"}],"about":[{"href":"https:\/\/routinesfashione.com\/nl\/wp-json\/wp\/v2\/types\/product"}],"wp:featuredmedia":[{"embeddable":true,"href":"https:\/\/routinesfashione.com\/nl\/wp-json\/wp\/v2\/media\/14687"}],"wp:attachment":[{"href":"https:\/\/routinesfashione.com\/nl\/wp-json\/wp\/v2\/media?parent=2505"}],"wp:term":[{"taxonomy":"product_brand","embeddable":true,"href":"https:\/\/routinesfashione.com\/nl\/wp-json\/wp\/v2\/product_brand?post=2505"},{"taxonomy":"product_cat","embeddable":true,"href":"https:\/\/routinesfashione.com\/nl\/wp-json\/wp\/v2\/product_cat?post=2505"},{"taxonomy":"product_tag","embeddable":true,"href":"https:\/\/routinesfashione.com\/nl\/wp-json\/wp\/v2\/product_tag?post=2505"},{"taxonomy":"product_country","embeddable":true,"href":"https:\/\/routinesfashione.com\/nl\/wp-json\/wp\/v2\/product_country?post=2505"}],"curies":[{"name":"wp","href":"https:\/\/api.w.org\/{rel}","templated":true}]}}