{"id":2526,"date":"2025-09-30T20:51:18","date_gmt":"2025-09-30T20:51:18","guid":{"rendered":"https:\/\/lightgray-crow-170497.hostingersite.com\/?post_type=product&#038;p=2526"},"modified":"2025-09-30T20:51:18","modified_gmt":"2025-09-30T20:51:18","slug":"generateur-onduleur-champion-dualfuel-3500e-73001i-df-eu","status":"publish","type":"product","link":"https:\/\/routinesfashione.com\/nl\/produit\/generateur-onduleur-champion-dualfuel-3500e-73001i-df-eu\/","title":{"rendered":"G\u00e9n\u00e9rateur onduleur Champion DualFuel 3500E 73001i-df-EU"},"content":{"rendered":"<p>G\u00e9n\u00e9rateur onduleur Champion DualFuel 3500E, 73001i-df-EU, 5060423981107<\/p>\n<ul>\n<li>fournit une tension sinuso\u00efdale pure<\/li>\n<li>Fonctionnement \u00e0 l&#8217;essence ou au gaz propane possible<\/li>\n<li>Mode Eco, qui permet un fonctionnement particuli\u00e8rement \u00e9conomique<\/li>\n<li>Protection contre les surcharges et courant de cr\u00eate jusqu&#8217;\u00e0 15,8 A<\/li>\n<li>e-Start sur simple pression d&#8217;un bouton et technologie de d\u00e9marrage \u00e0 froid<\/li>\n<li>fonction parall\u00e8le<\/li>\n<\/ul>\n<p>Champion Power Equipment a d\u00e9j\u00e0 vendu plus de 2 millions de g\u00e9n\u00e9rateurs en Am\u00e9rique du Nord et propose enfin sa gamme de produits sur le march\u00e9 allemand. Cela s&#8217;applique \u00e9galement au g\u00e9n\u00e9rateur d&#8217;onduleurs Champion Dual Fuel DualFuel 3500E (73001i-DF-EU) avec de nouvelles fonctionnalit\u00e9s innovantes. La technologie int\u00e9gr\u00e9e est continuellement test\u00e9e de mani\u00e8re approfondie et gr\u00e2ce \u00e0 la r\u00e9vision et \u00e0 l&#8217;am\u00e9lioration constantes des produits depuis plus de 17 ans, Champion peut d\u00e9sormais s&#8217;appuyer sur une technologie \u00e9prouv\u00e9e et un savoir-faire \u00e9tendu.<\/p>\n<p>Le g\u00e9n\u00e9rateur mobile DualFuel 3500E est aliment\u00e9 par un moteur OHV 4 temps de 192 cc sp\u00e9cialement con\u00e7u par Champion qui d\u00e9livre une puissance de pointe de 3 500 watts \u00e0 l&#8217;essence et de 3 150 watts \u00e0 l&#8217;essence. Le remplissage d&#8217;une bouteille de gaz propane standard (19 kg) permet au g\u00e9n\u00e9rateur de fonctionner pendant 16 heures. Le r\u00e9servoir de carburant contient 6 litres de carburant, permettant une autonomie allant jusqu&#8217;\u00e0 8 heures.<\/p>\n<p>Technologie d&#8217;onduleur de pointe<br \/>\nLe g\u00e9n\u00e9rateur utilise la technologie d&#8217;onduleur \u00e0 onde sinuso\u00efdale pour fournir une tension d&#8217;onde sinuso\u00efdale pure, permettant le fonctionnement de tous les appareils \u00e9lectroniques sensibles tels que les ordinateurs, les ordinateurs portables, les smartphones, etc. L&#8217;onduleur est l&#8217;un des rares, sinon le seul, \u00e0 \u00eatre prot\u00e9g\u00e9 contre les courts-circuits gr\u00e2ce \u00e0 des m\u00e9canismes de s\u00e9curit\u00e9 uniques.<\/p>\n<p>Protection contre les surcharges<br \/>\nLe g\u00e9n\u00e9rateur d&#8217;onduleur Champion DualFuel 3500E (73001i-DF-EU) dispose d&#8217;un m\u00e9canisme de protection innovant qui fournit une sortie de cr\u00eate allant jusqu&#8217;\u00e0 15,8 A en quelques millisecondes et permet ainsi \u00e9galement le fonctionnement d&#8217;appareils n\u00e9cessitant un courant de d\u00e9marrage \u00e9lev\u00e9 tels que les syst\u00e8mes de climatisation, d&#8217;autres \u00e9quipements de camping et bien plus encore.<\/p>\n<p>D\u00e9marrage facile gr\u00e2ce au d\u00e9marreur \u00e9lectrique<br \/>\nAvec le d\u00e9marreur \u00e9lectrique, le Champion 73001i-DF-EU peut \u00eatre d\u00e9marr\u00e9 n&#8217;importe o\u00f9 facilement et confortablement en appuyant sur un bouton.<\/p>\n<p>Roues et support de transport pliable pour une utilisation mobile<br \/>\nGr\u00e2ce aux roues particuli\u00e8rement grandes et au support de transport, le 73001i-DF-EU peut \u00eatre transport\u00e9 facilement et sans effort.<\/p>\n<p>les particularit\u00e9s<br \/>\nProt\u00e9g\u00e9 contre les courts-circuits Le g\u00e9n\u00e9rateur est prot\u00e9g\u00e9 contre les courts-circuits gr\u00e2ce \u00e0 la technologie la plus r\u00e9cente.<\/p>\n<p>\u00e9conome<br \/>\nUn syst\u00e8me sophistiqu\u00e9 garantit que le g\u00e9n\u00e9rateur avec son r\u00e9servoir de carburant de 6 litres peut \u00eatre maintenu en fonctionnement pendant 8 heures ou 16 heures avec un remplissage de bouteille de gaz propane de 19 kg.<\/p>","protected":false},"excerpt":{"rendered":"<p>G\u00e9n\u00e9rateur onduleur Champion DualFuel 3500E, 73001i-df-EU, 5060423981107 fournit une tension sinuso\u00efdale pure Fonctionnement \u00e0 l&#8217;essence ou au gaz propane possible<\/p>","protected":false},"featured_media":14696,"template":"","meta":[],"product_brand":[],"product_cat":[61],"product_tag":[1514],"product_country":[1503],"class_list":{"0":"post-2526","1":"product","2":"type-product","3":"status-publish","4":"has-post-thumbnail","6":"product_cat-sale-france","7":"product_tag-sale-france","8":"product_country-france","10":"first","11":"instock","12":"sale","13":"taxable","14":"shipping-taxable","15":"purchasable","16":"product-type-simple"},"_links":{"self":[{"href":"https:\/\/routinesfashione.com\/nl\/wp-json\/wp\/v2\/product\/2526","targetHints":{"allow":["GET"]}}],"collection":[{"href":"https:\/\/routinesfashione.com\/nl\/wp-json\/wp\/v2\/product"}],"about":[{"href":"https:\/\/routinesfashione.com\/nl\/wp-json\/wp\/v2\/types\/product"}],"wp:featuredmedia":[{"embeddable":true,"href":"https:\/\/routinesfashione.com\/nl\/wp-json\/wp\/v2\/media\/14696"}],"wp:attachment":[{"href":"https:\/\/routinesfashione.com\/nl\/wp-json\/wp\/v2\/media?parent=2526"}],"wp:term":[{"taxonomy":"product_brand","embeddable":true,"href":"https:\/\/routinesfashione.com\/nl\/wp-json\/wp\/v2\/product_brand?post=2526"},{"taxonomy":"product_cat","embeddable":true,"href":"https:\/\/routinesfashione.com\/nl\/wp-json\/wp\/v2\/product_cat?post=2526"},{"taxonomy":"product_tag","embeddable":true,"href":"https:\/\/routinesfashione.com\/nl\/wp-json\/wp\/v2\/product_tag?post=2526"},{"taxonomy":"product_country","embeddable":true,"href":"https:\/\/routinesfashione.com\/nl\/wp-json\/wp\/v2\/product_country?post=2526"}],"curies":[{"name":"wp","href":"https:\/\/api.w.org\/{rel}","templated":true}]}}