{"id":2530,"date":"2025-09-30T20:51:18","date_gmt":"2025-09-30T20:51:18","guid":{"rendered":"https:\/\/lightgray-crow-170497.hostingersite.com\/?post_type=product&#038;p=2530"},"modified":"2025-09-30T20:51:18","modified_gmt":"2025-09-30T20:51:18","slug":"generateur-inverseur-3100w-gpl-essence-avec-mode-eco-et-ports-usb","status":"publish","type":"product","link":"https:\/\/routinesfashione.com\/nl\/produit\/generateur-inverseur-3100w-gpl-essence-avec-mode-eco-et-ports-usb\/","title":{"rendered":"G\u00e9n\u00e9rateur inverseur 3100W GPL\/Essence avec Mode Eco et ports USB"},"content":{"rendered":"<p>Pour r\u00e9pondre \u00e0 vos besoins en alimentation \u00e9lectrique fiable et performante, notre\u00a0<strong>Groupe \u00c9lectrog\u00e8ne 3100W<\/strong>\u00a0est une solution polyvalente con\u00e7ue pour assurer un fonctionnement stable et s\u00e9curis\u00e9 dans une vari\u00e9t\u00e9 de situations. Dot\u00e9 d\u2019un module onduleur int\u00e9gr\u00e9, d\u2019un\u00a0<strong>moteur fiable<\/strong>\u00a0et de fonctionnalit\u00e9s avanc\u00e9es, notre g\u00e9n\u00e9rateur vous offre une source d\u2019\u00e9nergie fiable, que ce soit pour un usage domestique ou professionnel.<\/p>\n<h2><strong>Caract\u00e9ristiques :<\/strong><\/h2>\n<ol class=\"wp-block-list\">\n<li><strong>Fiabilit\u00e9 de l\u2019alimentation \u00e9lectrique :<\/strong>\u00a0Notre g\u00e9n\u00e9rateur est \u00e9quip\u00e9 d\u2019un module onduleur int\u00e9gr\u00e9 avec commande par microprocesseur, assurant une tension sinuso\u00efdale de\u00a0<strong>230V 50Hz<\/strong>\u00a0qui convient m\u00eame aux appareils \u00e9lectriques les plus sensibles, garantissant ainsi un fonctionnement fiable et s\u00fbr.<\/li>\n<li><strong>Faible niveau sonore :<\/strong>\u00a0La conception compacte du groupe \u00e9lectrog\u00e8ne et son bo\u00eetier insonoris\u00e9 avec pieds de support garantissent un faible niveau sonore de seulement\u00a0<strong>63 dB Lpa \u00e0 7 m\u00e8tres<\/strong>, ce qui le rend pratique et facile \u00e0 utiliser dans diff\u00e9rents environnements.<\/li>\n<li><strong>\u00c9conomie de carburant :<\/strong>\u00a0Notre g\u00e9n\u00e9rateur est \u00e9quip\u00e9 du mode ECO, qui permet une utilisation \u00e0 faible charge avec une vitesse moteur r\u00e9duite, ce qui r\u00e9duit la consommation de carburant jusqu\u2019\u00e0\u00a0<strong>50 %<\/strong>, offrant ainsi une efficacit\u00e9 \u00e9nerg\u00e9tique accrue.<\/li>\n<li><strong>Panneau de commande ergonomique :<\/strong>\u00a0Le g\u00e9n\u00e9rateur est dot\u00e9 d\u2019un panneau de commande ergonomique \u00e9quip\u00e9 d\u2019indicateurs LED, d\u2019une prise\u00a0<strong>16A<\/strong>, de deux ports USB\u00a0<strong>5V\/1A<\/strong>\u00a0et\u00a0<strong>5V\/2,1A<\/strong>, d\u2019un interrupteur de mode ECO et d\u2019un connecteur pour la connexion en parall\u00e8le de deux g\u00e9n\u00e9rateurs identiques pour une double puissance.<\/li>\n<li><strong>S\u00e9curit\u00e9 int\u00e9gr\u00e9e :<\/strong>\u00a0Notre g\u00e9n\u00e9rateur est \u00e9quip\u00e9 d\u2019un g\u00e9n\u00e9rateur d\u2019essence sans balais de haute qualit\u00e9 avec aimants permanents et enroulements 100 % cuivre, offrant une protection contre les manques d\u2019huile, les courts-circuits et les surcharges, assurant ainsi un fonctionnement durable et fiable.<\/li>\n<\/ol>\n<h2><strong><span dir=\"auto\">Conclusion :<\/span><\/strong><\/h2>\n<p>Avec sa fiabilit\u00e9, sa performance et ses fonctionnalit\u00e9s avanc\u00e9es, notre\u00a0<strong>Groupe \u00c9lectrog\u00e8ne 3100W<\/strong>\u00a0est l\u2019outil id\u00e9al pour assurer une alimentation \u00e9lectrique stable et s\u00e9curis\u00e9e dans une vari\u00e9t\u00e9 de situations. Que ce soit pour un usage domestique ou professionnel, notre g\u00e9n\u00e9rateur r\u00e9pond \u00e0 vos\u00a0<strong>besoins en \u00e9nergie<\/strong>\u00a0avec efficacit\u00e9 et fiabilit\u00e9, vous procurant ainsi une source d\u2019alimentation \u00e9lectrique sur laquelle vous pouvez compter.<\/p>","protected":false},"excerpt":{"rendered":"<p>Pour r\u00e9pondre \u00e0 vos besoins en alimentation \u00e9lectrique fiable et performante, notre\u00a0Groupe \u00c9lectrog\u00e8ne 3100W\u00a0est une solution polyvalente con\u00e7ue pour assurer<\/p>","protected":false},"featured_media":27887,"template":"","meta":[],"product_brand":[],"product_cat":[61],"product_tag":[1514],"product_country":[1503],"class_list":{"0":"post-2530","1":"product","2":"type-product","3":"status-publish","4":"has-post-thumbnail","6":"product_cat-sale-france","7":"product_tag-sale-france","8":"product_country-france","10":"first","11":"instock","12":"sale","13":"taxable","14":"shipping-taxable","15":"purchasable","16":"product-type-simple"},"_links":{"self":[{"href":"https:\/\/routinesfashione.com\/nl\/wp-json\/wp\/v2\/product\/2530","targetHints":{"allow":["GET"]}}],"collection":[{"href":"https:\/\/routinesfashione.com\/nl\/wp-json\/wp\/v2\/product"}],"about":[{"href":"https:\/\/routinesfashione.com\/nl\/wp-json\/wp\/v2\/types\/product"}],"wp:featuredmedia":[{"embeddable":true,"href":"https:\/\/routinesfashione.com\/nl\/wp-json\/wp\/v2\/media\/27887"}],"wp:attachment":[{"href":"https:\/\/routinesfashione.com\/nl\/wp-json\/wp\/v2\/media?parent=2530"}],"wp:term":[{"taxonomy":"product_brand","embeddable":true,"href":"https:\/\/routinesfashione.com\/nl\/wp-json\/wp\/v2\/product_brand?post=2530"},{"taxonomy":"product_cat","embeddable":true,"href":"https:\/\/routinesfashione.com\/nl\/wp-json\/wp\/v2\/product_cat?post=2530"},{"taxonomy":"product_tag","embeddable":true,"href":"https:\/\/routinesfashione.com\/nl\/wp-json\/wp\/v2\/product_tag?post=2530"},{"taxonomy":"product_country","embeddable":true,"href":"https:\/\/routinesfashione.com\/nl\/wp-json\/wp\/v2\/product_country?post=2530"}],"curies":[{"name":"wp","href":"https:\/\/api.w.org\/{rel}","templated":true}]}}