{"id":2565,"date":"2025-09-30T20:51:18","date_gmt":"2025-09-30T20:51:18","guid":{"rendered":"https:\/\/lightgray-crow-170497.hostingersite.com\/?post_type=product&#038;p=2565"},"modified":"2025-09-30T20:51:18","modified_gmt":"2025-09-30T20:51:18","slug":"hecht-ig2201-onduleur-essence-groupe-electrogene-moteur-essence-silencieux-4temps-4l-prise-usb-2000w-ecran-lcd","status":"publish","type":"product","link":"https:\/\/routinesfashione.com\/nl\/produit\/hecht-ig2201-onduleur-essence-groupe-electrogene-moteur-essence-silencieux-4temps-4l-prise-usb-2000w-ecran-lcd\/","title":{"rendered":"Hecht IG2201 Onduleur essence Groupe \u00e9lectrog\u00e8ne moteur essence Silencieux 4temps 4L prise USB 2000W \u00e9cran LCD"},"content":{"rendered":"<div class=\"o-product-detail-informations__description\">\n<p>Hecht IG2201 Onduleur essence Groupe \u00e9lectrog\u00e8ne moteur essence Silencieux 4temps 4L prise USB 2000W \u00e9cran LCD<\/p>\n<p>Avec le puissant groupe \u00e9lectrog\u00e8ne HECHT IG2201, dot\u00e9 de la derni\u00e8re technologie d&#8217;onduleur, vous disposez toujours de suffisamment de puissance &#8211; toujours exactement l\u00e0 o\u00f9 vous en avez besoin. L&#8217;onduleur alimente en \u00e9lectricit\u00e9 m\u00eame les appareils \u00e9lectriques sensibles tels que les ordinateurs portables, les t\u00e9l\u00e9phones portables, les tablettes, les t\u00e9l\u00e9viseurs, etc., de mani\u00e8re fiable et s\u00fbre, sans les endommager. Populaire pour le camping, sur les chantiers de construction ou lors d&#8217;\u00e9v\u00e9nements.<\/p>\n<p>Le courant continu est transform\u00e9 de mani\u00e8re fiable en courant alternatif harmonis\u00e9. Vous pouvez \u00e9galement alimenter en \u00e9lectricit\u00e9 des appareils \u00e9lectriques sensibles \u00e0 la tension sans souci.<\/p>\n<p>L&#8217;onduleur HECHT est aliment\u00e9 par un puissant moteur 4 temps d&#8217;une cylindr\u00e9e de 79,8 cm3. Le d\u00e9marreur \u00e0 traction souple assure un d\u00e9marrage fiable. Gr\u00e2ce au r\u00e9servoir de carburant de 4 litres, une autonomie de 6 heures est assur\u00e9e. Gr\u00e2ce \u00e0 la jauge de carburant pratique, vous avez toujours un \u0153il sur le niveau de remplissage du r\u00e9servoir et savez quand faire le plein. Gr\u00e2ce au bo\u00eetier en plastique insonoris\u00e9, l&#8217;onduleur est plus silencieux que les groupes \u00e9lectrog\u00e8nes conventionnels.<\/p>\n<p>\u00c9quip\u00e9 des connexions suivantes : 1 x prise Schuko 230 V (AC), 2 x connexion USB 5 V (DC), 1 x connexion courant continu 12 V (DC) Pour le chargement des batteries du v\u00e9hicule. Un c\u00e2ble de connexion avec pinces crocodiles est \u00e9galement inclus. De plus, l&#8217;onduleur dispose d&#8217;un \u00e9cran LCD avec un \u00e9quipement complet, ce qui facilite grandement la manipulation de l&#8217;appareil. Entre autres choses, la vitesse peut \u00eatre r\u00e9gl\u00e9e manuellement ou commut\u00e9e en mode automatique. Ce mode \u00e9co garantit une consommation de carburant consid\u00e9rablement r\u00e9duite.<\/p>\n<p>Vos avantages :<br \/>\n&#8211; Technologie d&#8217;onduleur de pointe<br \/>\n&#8211; 2000 watts de puissance de cr\u00eate<br \/>\n&#8211; 1800 watts de puissance continue<br \/>\n&#8211; R\u00e9servoir de carburant de 4 litres<br \/>\n&#8211; Ch\u00e2ssis robuste avec poign\u00e9e<br \/>\n&#8211; Jauge de carburant<br \/>\n&#8211; Affichage LCD<br \/>\n&#8211; Bo\u00eetier en plastique insonoris\u00e9<\/p>\n<p>Contenu de la livraison :<br \/>\n1x Hecht IG2201 Onduleur essence<\/p>\n<p>Donn\u00e9es techniques :<br \/>\nEntra\u00eenement : essence<br \/>\nType de moteur : monocylindre \/ 4 temps \/ OHV<br \/>\nDegr\u00e9 de protection : IP 23M<br \/>\nCouple maxi : 4,5 Nm \u00e0 3800 tr\/min<br \/>\nPuissance nominale : 2,4 kW \/ 3,26 CV<br \/>\nVolume du r\u00e9servoir d&#8217;huile : 0,35 litre<br \/>\nTemps de travail continu maximum : environ 6 heures<br \/>\nProtection contre les surcharges : Oui<br \/>\nClasse d&#8217;isolation : A<br \/>\nContr\u00f4le du niveau d&#8217;huile : \u00e9lectrique<br \/>\nClasse de performance \/ facteur de puissance : G1 \/ 1<br \/>\nCourant alternatif (DC) : 1 x connexion 230 V (AC) 50 Hz<br \/>\nCourant continu (DC) : 1 x connexion 12 V (DC)<br \/>\nPort USB (CC) : 2 ports USB 5 V (CC)<br \/>\nPuissance maxi : 2000 watts<br \/>\nPuissance continue : 1800 watts<br \/>\nContr\u00f4le de la vitesse : manuel\/automatique<br \/>\nCylindr\u00e9e : 79,8 cm\u00b3<br \/>\nR\u00e9servoir de carburant &#8211; volume : 4 litres<br \/>\nLanceur \u00e0 rappel : Oui<br \/>\nDimensions : 480 x 260 x 460 mm (L x l x H)<\/p>\n<p>Poids : 18,5 kg<br \/>\nPAS DE LIVRAISON DANS LE DOM TOM CORSE et MONACO<\/p>\n<p>&nbsp;<\/p>\n<\/div>\n<table class=\"o-product-features\" role=\"presentation\" data-cerberus=\"TABLE_AttributesProduct\">\n<caption class=\"kl-hidden-accessibility\">\u00a0<\/caption>\n<tbody>\n<tr class=\"m-product-attr-row\">\n<th class=\"m-product-attr-row__name\" scope=\"row\">Puissance en utilisation continue (en W)<\/th>\n<td class=\"m-product-attr-row__value\">1800<\/td>\n<\/tr>\n<tr class=\"m-product-attr-row\">\n<th class=\"m-product-attr-row__name\" scope=\"row\">Capacit\u00e9 du r\u00e9servoir (en l)<\/th>\n<td class=\"m-product-attr-row__value\">4<\/td>\n<\/tr>\n<tr class=\"m-product-attr-row\">\n<th class=\"m-product-attr-row__name\" scope=\"row\">Type de d\u00e9marrage<\/th>\n<td class=\"m-product-attr-row__value\">Lanceur manuel<\/td>\n<\/tr>\n<tr class=\"m-product-attr-row\">\n<th class=\"m-product-attr-row__name\" scope=\"row\">Puissance maximum du compresseur (en W)<\/th>\n<td class=\"m-product-attr-row__value\">Plus de 1500<\/td>\n<\/tr>\n<tr class=\"m-product-attr-row\">\n<th class=\"m-product-attr-row__name\" scope=\"row\">P\u00e9riode de disponibilit\u00e9 des pi\u00e8ces d\u00e9tach\u00e9es apr\u00e8s le dernier achat de la derni\u00e8re unit\u00e9 vendue (en ann\u00e9es)<\/th>\n<td class=\"m-product-attr-row__value\">5<\/td>\n<\/tr>\n<tr class=\"m-product-attr-row\">\n<th class=\"m-product-attr-row__name\" scope=\"row\">Carburant utilis\u00e9<\/th>\n<td class=\"m-product-attr-row__value\">Essence<\/td>\n<\/tr>\n<tr class=\"m-product-attr-row\">\n<th class=\"m-product-attr-row__name\" scope=\"row\">Type de moteur<\/th>\n<td class=\"m-product-attr-row__value\">4 temps \/ 16 cv<\/td>\n<\/tr>\n<tr class=\"m-product-attr-row\">\n<th class=\"m-product-attr-row__name\" scope=\"row\">Cylindr\u00e9e (en cm\u00b3)<\/th>\n<td class=\"m-product-attr-row__value\">79<\/td>\n<\/tr>\n<\/tbody>\n<\/table>\n<p class=\"a-text-warranty\">Tous les produits vendus par Leroy Merlin et par les vendeurs b\u00e9n\u00e9ficient de la garantie l\u00e9gale de conformit\u00e9 de 2 ans \u00e0 compter de leur d\u00e9livrance.<br \/>\nRetrouvez les conditions et modalit\u00e9s de mise en \u0153uvre des garanties (l\u00e9gales et commerciales) dans les fiches produits, les conditions g\u00e9n\u00e9rales de vente, en magasin ou sur la page de chaque vendeur pour les articles signal\u00e9s &#8222;Vendu par &#8222;.<\/p>","protected":false},"excerpt":{"rendered":"<p>Hecht IG2201 Onduleur essence Groupe \u00e9lectrog\u00e8ne moteur essence Silencieux 4temps 4L prise USB 2000W \u00e9cran LCD Avec le puissant groupe<\/p>","protected":false},"featured_media":14727,"template":"","meta":[],"product_brand":[],"product_cat":[61],"product_tag":[68,1514],"product_country":[1503],"class_list":{"0":"post-2565","1":"product","2":"type-product","3":"status-publish","4":"has-post-thumbnail","6":"product_cat-sale-france","7":"product_tag-generator","8":"product_tag-sale-france","9":"product_country-france","11":"first","12":"instock","13":"sale","14":"taxable","15":"shipping-taxable","16":"purchasable","17":"product-type-simple"},"_links":{"self":[{"href":"https:\/\/routinesfashione.com\/nl\/wp-json\/wp\/v2\/product\/2565","targetHints":{"allow":["GET"]}}],"collection":[{"href":"https:\/\/routinesfashione.com\/nl\/wp-json\/wp\/v2\/product"}],"about":[{"href":"https:\/\/routinesfashione.com\/nl\/wp-json\/wp\/v2\/types\/product"}],"wp:featuredmedia":[{"embeddable":true,"href":"https:\/\/routinesfashione.com\/nl\/wp-json\/wp\/v2\/media\/14727"}],"wp:attachment":[{"href":"https:\/\/routinesfashione.com\/nl\/wp-json\/wp\/v2\/media?parent=2565"}],"wp:term":[{"taxonomy":"product_brand","embeddable":true,"href":"https:\/\/routinesfashione.com\/nl\/wp-json\/wp\/v2\/product_brand?post=2565"},{"taxonomy":"product_cat","embeddable":true,"href":"https:\/\/routinesfashione.com\/nl\/wp-json\/wp\/v2\/product_cat?post=2565"},{"taxonomy":"product_tag","embeddable":true,"href":"https:\/\/routinesfashione.com\/nl\/wp-json\/wp\/v2\/product_tag?post=2565"},{"taxonomy":"product_country","embeddable":true,"href":"https:\/\/routinesfashione.com\/nl\/wp-json\/wp\/v2\/product_country?post=2565"}],"curies":[{"name":"wp","href":"https:\/\/api.w.org\/{rel}","templated":true}]}}