{"id":2595,"date":"2025-09-30T20:51:17","date_gmt":"2025-09-30T20:51:17","guid":{"rendered":"https:\/\/lightgray-crow-170497.hostingersite.com\/?post_type=product&#038;p=2595"},"modified":"2025-09-30T20:51:17","modified_gmt":"2025-09-30T20:51:17","slug":"generateur-eurom-independ-1200-441710","status":"publish","type":"product","link":"https:\/\/routinesfashione.com\/nl\/produit\/generateur-eurom-independ-1200-441710\/","title":{"rendered":"G\u00e9n\u00e9rateur Eurom Independ-1200 441710"},"content":{"rendered":"<section class=\"pb-6 px-4 lg:px-0\" data-product-section=\"description\">\n<div class=\"w-full font-opensans-regular mt-4 lg:mt-6 leading-6 lg:leading-7\">\n<div class=\"w-full\">\n<p>L&#8217;Independ Eurom 1200 est un groupe \u00e9lectrog\u00e8ne compact d&#8217;une puissance de 1100 watts.<\/p>\n<p>Vous n\u2019avez pas d\u2019\u00e9lectricit\u00e9 ou vous ne voulez pas d\u00e9pendre de l\u2019\u00e9lectricit\u00e9 sur le camping ? Alors optez pour le groupe \u00e9lectrog\u00e8ne Independ Eurom. Ce g\u00e9n\u00e9rateur \u00e0 essence est id\u00e9al pour cr\u00e9er votre propre \u00e9lectricit\u00e9.<\/p>\n<p>Le groupe \u00e9lectrog\u00e8ne Independ Eurom 1200 est tr\u00e8s facile \u00e0 utiliser et parfait pour recharger les t\u00e9l\u00e9phones, ordinateurs portables, iPads, batteries et les outils \u00e9lectriques l\u00e9gers.<\/p>\n<p>Ce groupe \u00e9lectrog\u00e8ne fonctionne \u00e0 l\u2019essence et a un niveau sonore maximum de 68 d\u00e9cibels \u00e0 environ 7 m\u00e8tres. Le g\u00e9n\u00e9rateur est \u00e9galement \u00e9quip\u00e9 d\u2019une alarme d\u2019huile, qui \u00e9met un signal lorsqu\u2019il y a trop peu d\u2019huile dans le g\u00e9n\u00e9rateur.<\/p>\n<\/div>\n<\/div>\n<\/section>\n<section class=\"pb-6 px-4 lg:px-0\" data-product-section=\"additional\">\n<div class=\"mb-2 lg:mt-4 lg:mb-6 hidden lg:block\">\n<h3 class=\"leading-8 font-opensans-bold lg:text-black\">Sp\u00e9cifications du produit<\/h3>\n<\/div>\n<div class=\"w-full font-opensans-regular mt-4 lg:mt-6 leading-6 lg:leading-7\">\n<div class=\"w-full\">\n<div id=\"product-attribute-specs-table\" class=\"data additional-attributes leading-7\">\n<div class=\"attr-group\">\n<div class=\"attr-group-header py-[10px] border-b border-blue-lighter cursor-pointer flex justify-between leading-6 lg:leading-7\"><span class=\"font-opensans-bold\">Caract\u00e9ristiques g\u00e9n\u00e9rales<\/span><\/div>\n<div class=\"attr-group-content\">\n<div class=\"attribute-row p-[10px] flex items-start gap-5 leading-6 lg:leading-7 even\">\n<div class=\"data-header w-1\/2 md:w-[230px] flex items-start gap-1.5\">Code produit<\/div>\n<div id=\"sku\" class=\"data-body w-1\/2\">539291<\/div>\n<\/div>\n<div class=\"attribute-row p-[10px] flex items-start gap-5 leading-6 lg:leading-7\">\n<div class=\"data-header w-1\/2 md:w-[230px] flex items-start gap-1.5\">EAN<\/div>\n<div id=\"barcode\" class=\"data-body w-1\/2\">8713415441710<\/div>\n<\/div>\n<div class=\"attribute-row p-[10px] flex items-start gap-5 leading-6 lg:leading-7 even\">\n<div class=\"data-header w-1\/2 md:w-[230px] flex items-start gap-1.5\">R\u00e9f\u00e9rence fabriquant<\/div>\n<div id=\"mpn\" class=\"data-body w-1\/2\">441710<\/div>\n<\/div>\n<div class=\"attribute-row p-[10px] flex items-start gap-5 leading-6 lg:leading-7\">\n<div class=\"data-header w-1\/2 md:w-[230px] flex items-start gap-1.5\">Marque<\/div>\n<div id=\"brand\" class=\"data-body w-1\/2\">Eurom<\/div>\n<\/div>\n<\/div>\n<\/div>\n<div class=\"attr-group\">\n<div class=\"attr-group-header py-[10px] border-b border-blue-lighter cursor-pointer flex justify-between leading-6 lg:leading-7\"><span class=\"font-opensans-bold\">Caract\u00e9ristiques \u00e9nerg\u00e9tiques<\/span><\/div>\n<div class=\"attr-group-content\">\n<div class=\"attribute-row p-[10px] flex items-start gap-5 leading-6 lg:leading-7 even\">\n<div class=\"data-header w-1\/2 md:w-[230px] flex items-start gap-1.5\">Puissance<\/div>\n<div id=\"voltage\" class=\"data-body w-1\/2\">1000 W<\/div>\n<\/div>\n<div class=\"attribute-row p-[10px] flex items-start gap-5 leading-6 lg:leading-7\">\n<div class=\"data-header w-1\/2 md:w-[230px] flex items-start gap-1.5\">Puissance max.<\/div>\n<div id=\"power_max\" class=\"data-body w-1\/2\">1100 W<\/div>\n<\/div>\n<\/div>\n<\/div>\n<div class=\"attr-group\">\n<div class=\"attr-group-header py-[10px] border-b border-blue-lighter cursor-pointer flex justify-between leading-6 lg:leading-7\"><span class=\"font-opensans-bold\">Caract\u00e9ristiques physiques<\/span><\/div>\n<div class=\"attr-group-content\">\n<div class=\"attribute-row p-[10px] flex items-start gap-5 leading-6 lg:leading-7 even\">\n<div class=\"data-header w-1\/2 md:w-[230px] flex items-start gap-1.5\">Hauteur<\/div>\n<div id=\"height\" class=\"data-body w-1\/2\">39 cm<\/div>\n<\/div>\n<div class=\"attribute-row p-[10px] flex items-start gap-5 leading-6 lg:leading-7\">\n<div class=\"data-header w-1\/2 md:w-[230px] flex items-start gap-1.5\">Longueur<\/div>\n<div id=\"length\" class=\"data-body w-1\/2\">56 cm<\/div>\n<\/div>\n<div class=\"attribute-row p-[10px] flex items-start gap-5 leading-6 lg:leading-7 even\">\n<div class=\"data-header w-1\/2 md:w-[230px] flex items-start gap-1.5\">Largeur<\/div>\n<div id=\"width\" class=\"data-body w-1\/2\">37 cm<\/div>\n<\/div>\n<div class=\"attribute-row p-[10px] flex items-start gap-5 leading-6 lg:leading-7\">\n<div class=\"data-header w-1\/2 md:w-[230px] flex items-start gap-1.5\">Couleur<\/div>\n<div id=\"color_specification\" class=\"data-body w-1\/2\">Noir<\/div>\n<\/div>\n<div class=\"attribute-row p-[10px] flex items-start gap-5 leading-6 lg:leading-7 even\">\n<div class=\"data-header w-1\/2 md:w-[230px] flex items-start gap-1.5\">Poids total<\/div>\n<div id=\"weight_total\" class=\"data-body w-1\/2\">12 kilos<\/div>\n<\/div>\n<\/div>\n<\/div>\n<div class=\"attr-group\">\n<div class=\"attr-group-header py-[10px] border-b border-blue-lighter cursor-pointer flex justify-between leading-6 lg:leading-7\"><span class=\"font-opensans-bold\">Caract\u00e9ristiques techniques<\/span><\/div>\n<div class=\"attr-group-content\">\n<div class=\"attribute-row p-[10px] flex items-start gap-5 leading-6 lg:leading-7 even\">\n<div class=\"data-header w-1\/2 md:w-[230px] flex items-start gap-1.5\">Fonctionne sur<\/div>\n<div id=\"effective\" class=\"data-body w-1\/2\">Essence<\/div>\n<\/div>\n<div class=\"attribute-row p-[10px] flex items-start gap-5 leading-6 lg:leading-7\">\n<div class=\"data-header w-1\/2 md:w-[230px] flex items-start gap-1.5\">Niveau sonore<\/div>\n<div id=\"noise_level\" class=\"data-body w-1\/2\">68 dB<\/div>\n<\/div>\n<div class=\"attribute-row p-[10px] flex items-start gap-5 leading-6 lg:leading-7 even\">\n<div class=\"data-header w-1\/2 md:w-[230px] flex items-start gap-1.5\">Marque de qualit\u00e9<\/div>\n<div id=\"quality_mark\" class=\"data-body w-1\/2\">CE<\/div>\n<\/div>\n<div class=\"attribute-row p-[10px] flex items-start gap-5 leading-6 lg:leading-7\">\n<div class=\"data-header w-1\/2 md:w-[230px] flex items-start gap-1.5\">Types de raccordements<\/div>\n<div id=\"connections_type\" class=\"data-body w-1\/2\">1x mise \u00e0 la terre, 1x 12 volts<\/div>\n<\/div>\n<div class=\"attribute-row p-[10px] flex items-start gap-5 leading-6 lg:leading-7 even\">\n<div class=\"data-header w-1\/2 md:w-[230px] flex items-start gap-1.5\">Capacit\u00e9 du r\u00e9servoir<\/div>\n<div id=\"capacity_tank\" class=\"data-body w-1\/2\">3 l<\/div>\n<\/div>\n<div class=\"attribute-row p-[10px] flex items-start gap-5 leading-6 lg:leading-7\">\n<div class=\"data-header w-1\/2 md:w-[230px] flex items-start gap-1.5\">Dur\u00e9e de vie<\/div>\n<div id=\"run_time\" class=\"data-body w-1\/2\">4.1 heures<\/div>\n<\/div>\n<\/div>\n<\/div>\n<div class=\"attr-group\">\n<div class=\"attr-group-header py-[10px] border-b border-blue-lighter cursor-pointer flex justify-between leading-6 lg:leading-7\"><span class=\"font-opensans-bold\">Caract\u00e9ristiques de l&#8217;utilisation<\/span><\/div>\n<div class=\"attr-group-content\">\n<div class=\"attribute-row p-[10px] flex items-start gap-5 leading-6 lg:leading-7 even\">\n<div class=\"data-header w-1\/2 md:w-[230px] flex items-start gap-1.5\">Dispositif de s\u00e9curit\u00e9<\/div>\n<div id=\"safety_features_electrical\" class=\"data-body w-1\/2\">Voyant de niveau d&#8217;huile<\/div>\n<\/div>\n<\/div>\n<\/div>\n<\/div>\n<\/div>\n<\/div>\n<\/section>","protected":false},"excerpt":{"rendered":"<p>L&#8217;Independ Eurom 1200 est un groupe \u00e9lectrog\u00e8ne compact d&#8217;une puissance de 1100 watts. Vous n\u2019avez pas d\u2019\u00e9lectricit\u00e9 ou vous ne<\/p>","protected":false},"featured_media":14747,"template":"","meta":[],"product_brand":[],"product_cat":[61],"product_tag":[1514],"product_country":[1503],"class_list":{"0":"post-2595","1":"product","2":"type-product","3":"status-publish","4":"has-post-thumbnail","6":"product_cat-sale-france","7":"product_tag-sale-france","8":"product_country-france","10":"first","11":"instock","12":"sale","13":"taxable","14":"shipping-taxable","15":"purchasable","16":"product-type-simple"},"_links":{"self":[{"href":"https:\/\/routinesfashione.com\/nl\/wp-json\/wp\/v2\/product\/2595","targetHints":{"allow":["GET"]}}],"collection":[{"href":"https:\/\/routinesfashione.com\/nl\/wp-json\/wp\/v2\/product"}],"about":[{"href":"https:\/\/routinesfashione.com\/nl\/wp-json\/wp\/v2\/types\/product"}],"wp:featuredmedia":[{"embeddable":true,"href":"https:\/\/routinesfashione.com\/nl\/wp-json\/wp\/v2\/media\/14747"}],"wp:attachment":[{"href":"https:\/\/routinesfashione.com\/nl\/wp-json\/wp\/v2\/media?parent=2595"}],"wp:term":[{"taxonomy":"product_brand","embeddable":true,"href":"https:\/\/routinesfashione.com\/nl\/wp-json\/wp\/v2\/product_brand?post=2595"},{"taxonomy":"product_cat","embeddable":true,"href":"https:\/\/routinesfashione.com\/nl\/wp-json\/wp\/v2\/product_cat?post=2595"},{"taxonomy":"product_tag","embeddable":true,"href":"https:\/\/routinesfashione.com\/nl\/wp-json\/wp\/v2\/product_tag?post=2595"},{"taxonomy":"product_country","embeddable":true,"href":"https:\/\/routinesfashione.com\/nl\/wp-json\/wp\/v2\/product_country?post=2595"}],"curies":[{"name":"wp","href":"https:\/\/api.w.org\/{rel}","templated":true}]}}