{"id":2800,"date":"2025-09-30T20:51:15","date_gmt":"2025-09-30T20:51:15","guid":{"rendered":"https:\/\/lightgray-crow-170497.hostingersite.com\/?post_type=product&#038;p=2800"},"modified":"2025-09-30T20:51:15","modified_gmt":"2025-09-30T20:51:15","slug":"brabura-module-grill","status":"publish","type":"product","link":"https:\/\/routinesfashione.com\/nl\/produit\/brabura-module-grill\/","title":{"rendered":"Brabura Module Grill"},"content":{"rendered":"<div class=\"o-product-detail-informations__description\">\n<p>Afin de construire votre cuisine d\u2019\u00e9t\u00e9 commencer par considerer ce meuble de 106 cm en acier galvanis\u00e9 ANTI-ROUILLE peint en epoxy noir mat. Il est \u00e9quip\u00e9 de rangement et d\u2019un Grill Fusion 400RM en inox 304 alimentation gaz butane ou propane , 4 feux horizontaux de 3,81 Kw et un feux vertical de 3,81 Kw, puissance totale 19,05 Kw. Surface de cuisson 77 x 46 cm. Allumage piezo \u00e9lectrique. Boutons et int\u00e9rieur du grill \u00e9clair\u00e9s par Leds. Rangement de la bouteille de gaz, butane ou propane, sous le grill. Poign\u00e9es inox 304. Plan de travail en c\u00e9ramique ultra-fin coloris Pierre de Lune. Dimensions 106 x 81 x 122 cm. Le meuble est \u00e9quip\u00e9 de plots ajustables pour une position parfaitement plane sur votre sol. Envoyez-nous un message et nous vous conseillerons pour la construction de votre cuisine d\u2019\u00e9t\u00e9.<\/p>\n<\/div>\n<table class=\"o-product-features\" role=\"presentation\" data-cerberus=\"TABLE_AttributesProduct\">\n<caption class=\"kl-hidden-accessibility\">\u00a0<\/caption>\n<tbody>\n<tr class=\"m-product-attr-row\">\n<th class=\"m-product-attr-row__name\" scope=\"row\">Nombre de convives<\/th>\n<td class=\"m-product-attr-row__value\">Plus de 10<\/td>\n<\/tr>\n<tr class=\"m-product-attr-row\">\n<th class=\"m-product-attr-row__name\" scope=\"row\">Mat\u00e9riau de la structure<\/th>\n<td class=\"m-product-attr-row__value\">Acier<\/td>\n<\/tr>\n<tr class=\"m-product-attr-row\">\n<th class=\"m-product-attr-row__name\" scope=\"row\">P\u00e9riode de disponibilit\u00e9 des pi\u00e8ces d\u00e9tach\u00e9es apr\u00e8s le dernier achat de la derni\u00e8re unit\u00e9 vendue (en ann\u00e9es)<\/th>\n<td class=\"m-product-attr-row__value\">10<\/td>\n<\/tr>\n<tr class=\"m-product-attr-row\">\n<th class=\"m-product-attr-row__name\" scope=\"row\">Garantie commerciale fabricant (en ann\u00e9es)<\/th>\n<td class=\"m-product-attr-row__value\">100<\/td>\n<\/tr>\n<\/tbody>\n<\/table>\n<p class=\"a-text-warranty\">Tous les produits vendus par Leroy Merlin et par les vendeurs b\u00e9n\u00e9ficient de la garantie l\u00e9gale de conformit\u00e9 de 2 ans \u00e0 compter de leur d\u00e9livrance.<br \/>\nRetrouvez les conditions et modalit\u00e9s de mise en \u0153uvre des garanties (l\u00e9gales et commerciales) dans les fiches produits, les conditions g\u00e9n\u00e9rales de vente, en magasin ou sur la page de chaque vendeur pour les articles signal\u00e9s &#8222;Vendu par &#8222;.<\/p>","protected":false},"excerpt":{"rendered":"<p>Afin de construire votre cuisine d\u2019\u00e9t\u00e9 commencer par considerer ce meuble de 106 cm en acier galvanis\u00e9 ANTI-ROUILLE peint en<\/p>","protected":false},"featured_media":14904,"template":"","meta":[],"product_brand":[],"product_cat":[61],"product_tag":[],"product_country":[1503],"class_list":{"0":"post-2800","1":"product","2":"type-product","3":"status-publish","4":"has-post-thumbnail","6":"product_cat-sale-france","7":"product_country-france","9":"first","10":"instock","11":"sale","12":"taxable","13":"shipping-taxable","14":"purchasable","15":"product-type-simple"},"_links":{"self":[{"href":"https:\/\/routinesfashione.com\/nl\/wp-json\/wp\/v2\/product\/2800","targetHints":{"allow":["GET"]}}],"collection":[{"href":"https:\/\/routinesfashione.com\/nl\/wp-json\/wp\/v2\/product"}],"about":[{"href":"https:\/\/routinesfashione.com\/nl\/wp-json\/wp\/v2\/types\/product"}],"wp:featuredmedia":[{"embeddable":true,"href":"https:\/\/routinesfashione.com\/nl\/wp-json\/wp\/v2\/media\/14904"}],"wp:attachment":[{"href":"https:\/\/routinesfashione.com\/nl\/wp-json\/wp\/v2\/media?parent=2800"}],"wp:term":[{"taxonomy":"product_brand","embeddable":true,"href":"https:\/\/routinesfashione.com\/nl\/wp-json\/wp\/v2\/product_brand?post=2800"},{"taxonomy":"product_cat","embeddable":true,"href":"https:\/\/routinesfashione.com\/nl\/wp-json\/wp\/v2\/product_cat?post=2800"},{"taxonomy":"product_tag","embeddable":true,"href":"https:\/\/routinesfashione.com\/nl\/wp-json\/wp\/v2\/product_tag?post=2800"},{"taxonomy":"product_country","embeddable":true,"href":"https:\/\/routinesfashione.com\/nl\/wp-json\/wp\/v2\/product_country?post=2800"}],"curies":[{"name":"wp","href":"https:\/\/api.w.org\/{rel}","templated":true}]}}