{"id":2888,"date":"2025-09-30T20:51:14","date_gmt":"2025-09-30T20:51:14","guid":{"rendered":"https:\/\/lightgray-crow-170497.hostingersite.com\/?post_type=product&#038;p=2888"},"modified":"2025-09-30T20:51:14","modified_gmt":"2025-09-30T20:51:14","slug":"barbecue-kamado-joe-big-joe-ii","status":"publish","type":"product","link":"https:\/\/routinesfashione.com\/nl\/produit\/barbecue-kamado-joe-big-joe-ii\/","title":{"rendered":"Barbecue Kamado Joe Big Joe II"},"content":{"rendered":"<p>Inspir\u00e9 du concept d\u2019origine et partageant le design et la fonctionnalit\u00e9 sans compromis du Classic II mais avec encore plus de surface de cuisson, le Big Joe est le Kamado le plus polyvalent !<\/p>\n<p>Pouvant accueillir jusqu\u2019\u00e0 trois racks complets de c\u00f4tes \u00e0 griller, le Big Joe est parfaitement adapt\u00e9 pour les familles nombreuses ou groupes d\u2019amis.<\/p>\n<div class=\"col-1\">\n<p>Con\u00e7u avec de la c\u00e9ramique \u00e0 paroi \u00e9paisse et r\u00e9sistante \u00e0 la chaleur, il garde la viande humide en la scellant dans la fum\u00e9e et la saveur.<\/p>\n<p>Le Big Joe est tout simplement le fruit d\u2019un travail d&#8217;experts !<\/p>\n<p>Caract\u00e9ristiques :<\/p>\n<ul>\n<li>Un barbecue en c\u00e9ramique avec son chariot en fer et ses 4 roues bloquantes.<\/li>\n<li>Un thermom\u00e8tre int\u00e9gr\u00e9.<\/li>\n<li>Poign\u00e9e et tablettes en plastique, constitu\u00e9es de p\u00e9trole \u00e0 tr\u00e8s haute densit\u00e9 pour une plus longue dur\u00e9e de vie.<\/li>\n<li>Syst\u00e8me de cuisson flexible sur plusieurs niveaux Divid &amp; Conquer.<\/li>\n<li>Nouveau Chapeau pour contr\u00f4ler la sortie d\u2019air.<\/li>\n<li>Syst\u00e8me de balancier qui vous permettra de garder votre d\u00f4me sup\u00e9rieur immobile et ouvert (quel que soit le degr\u00e9 d\u2019inclinaison).<\/li>\n<li>AMP firebox : Foyer organis\u00e9 en 5 \u00e9cailles autonomes pour une meilleure r\u00e9sistance et une plus longue dur\u00e9e de vie.<\/li>\n<li>Jointure en fibre de verre pour une plus grande dur\u00e9e de vie.<\/li>\n<li>Un tiroir pour collecte de cendres.<\/li>\n<li>Poign\u00e9e d\u2019aide pour manipuler les grilles.<\/li>\n<li>Un tisonnier.<\/li>\n<\/ul>\n<\/div>","protected":false},"excerpt":{"rendered":"<p>Inspir\u00e9 du concept d\u2019origine et partageant le design et la fonctionnalit\u00e9 sans compromis du Classic II mais avec encore plus<\/p>","protected":false},"featured_media":14973,"template":"","meta":[],"product_brand":[],"product_cat":[61],"product_tag":[],"product_country":[1503],"class_list":{"0":"post-2888","1":"product","2":"type-product","3":"status-publish","4":"has-post-thumbnail","6":"product_cat-sale-france","7":"product_country-france","9":"first","10":"instock","11":"sale","12":"taxable","13":"shipping-taxable","14":"purchasable","15":"product-type-simple"},"_links":{"self":[{"href":"https:\/\/routinesfashione.com\/nl\/wp-json\/wp\/v2\/product\/2888","targetHints":{"allow":["GET"]}}],"collection":[{"href":"https:\/\/routinesfashione.com\/nl\/wp-json\/wp\/v2\/product"}],"about":[{"href":"https:\/\/routinesfashione.com\/nl\/wp-json\/wp\/v2\/types\/product"}],"wp:featuredmedia":[{"embeddable":true,"href":"https:\/\/routinesfashione.com\/nl\/wp-json\/wp\/v2\/media\/14973"}],"wp:attachment":[{"href":"https:\/\/routinesfashione.com\/nl\/wp-json\/wp\/v2\/media?parent=2888"}],"wp:term":[{"taxonomy":"product_brand","embeddable":true,"href":"https:\/\/routinesfashione.com\/nl\/wp-json\/wp\/v2\/product_brand?post=2888"},{"taxonomy":"product_cat","embeddable":true,"href":"https:\/\/routinesfashione.com\/nl\/wp-json\/wp\/v2\/product_cat?post=2888"},{"taxonomy":"product_tag","embeddable":true,"href":"https:\/\/routinesfashione.com\/nl\/wp-json\/wp\/v2\/product_tag?post=2888"},{"taxonomy":"product_country","embeddable":true,"href":"https:\/\/routinesfashione.com\/nl\/wp-json\/wp\/v2\/product_country?post=2888"}],"curies":[{"name":"wp","href":"https:\/\/api.w.org\/{rel}","templated":true}]}}