{"id":297,"date":"2025-09-30T20:55:51","date_gmt":"2025-09-30T20:55:51","guid":{"rendered":"https:\/\/lightgray-crow-170497.hostingersite.com\/?post_type=product&#038;p=297"},"modified":"2025-09-30T20:55:52","modified_gmt":"2025-09-30T20:55:52","slug":"stiga-combi-955e-v","status":"publish","type":"product","link":"https:\/\/routinesfashione.com\/nl\/produit\/stiga-combi-955e-v\/","title":{"rendered":"Stiga Combi 955e V"},"content":{"rendered":"<h3 data-start=\"120\" data-end=\"148\">Description du produit<\/h3>\n<p data-start=\"149\" data-end=\"897\">La <strong data-start=\"152\" data-end=\"174\">Stiga Combi 955e V<\/strong> est une tondeuse sans fil autopropuls\u00e9e con\u00e7ue pour les pelouses de taille moyenne \u00e0 grande, jusqu\u2019\u00e0 environ <strong data-start=\"284\" data-end=\"295\">1000 m\u00b2<\/strong>. Elle combine puissance, confort et simplicit\u00e9 d\u2019usage. Le moteur brushless (sans balais) associ\u00e9 \u00e0 un syst\u00e8me d\u2019alimentation 48 V offre une tonte efficace avec peu d\u2019entretien. La largeur de coupe de 53 cm permet de couvrir rapidement le terrain, tandis que le bac collecteur de 70 L assure moins de vidanges fr\u00e9quentes. Vous avez le choix entre quatre modes de coupe : ramassage, mulching, \u00e9jection arri\u00e8re ou lat\u00e9rale. La hauteur de coupe se r\u00e8gle de mani\u00e8re centrale sur cinq positions (environ 25 \u00e0 80 mm). Le guidon est ergonomique, r\u00e9glable, pliable, ce qui facilite la man\u0153uvre et le stockage.<\/p>\n<hr data-start=\"899\" data-end=\"902\" \/>\n<h3 data-start=\"904\" data-end=\"935\">Sp\u00e9cifications techniques<\/h3>\n<div class=\"_tableContainer_1rjym_1\">\n<div class=\"group _tableWrapper_1rjym_13 flex w-fit flex-col-reverse\" tabindex=\"-1\">\n<table class=\"w-fit min-w-(--thread-content-width)\" data-start=\"937\" data-end=\"1704\">\n<thead data-start=\"937\" data-end=\"965\">\n<tr data-start=\"937\" data-end=\"965\">\n<th data-start=\"937\" data-end=\"955\" data-col-size=\"sm\">Caract\u00e9ristique<\/th>\n<th data-start=\"955\" data-end=\"965\" data-col-size=\"md\">D\u00e9tail<\/th>\n<\/tr>\n<\/thead>\n<tbody data-start=\"976\" data-end=\"1704\">\n<tr data-start=\"976\" data-end=\"994\">\n<td data-start=\"976\" data-end=\"985\" data-col-size=\"sm\">Marque<\/td>\n<td data-start=\"985\" data-end=\"994\" data-col-size=\"md\">Stiga<\/td>\n<\/tr>\n<tr data-start=\"995\" data-end=\"1020\">\n<td data-start=\"995\" data-end=\"1004\" data-col-size=\"sm\">Mod\u00e8le<\/td>\n<td data-start=\"1004\" data-end=\"1020\" data-col-size=\"md\">Combi 955e V<\/td>\n<\/tr>\n<tr data-start=\"1021\" data-end=\"1063\">\n<td data-start=\"1021\" data-end=\"1028\" data-col-size=\"sm\">Type<\/td>\n<td data-start=\"1028\" data-end=\"1063\" data-col-size=\"md\">Tondeuse sans fil autopropuls\u00e9e<\/td>\n<\/tr>\n<tr data-start=\"1064\" data-end=\"1126\">\n<td data-start=\"1064\" data-end=\"1079\" data-col-size=\"sm\">Alimentation<\/td>\n<td data-start=\"1079\" data-end=\"1126\" data-col-size=\"md\">Batterie 48 V (hors batterie selon version)<\/td>\n<\/tr>\n<tr data-start=\"1127\" data-end=\"1166\">\n<td data-start=\"1127\" data-end=\"1136\" data-col-size=\"sm\">Moteur<\/td>\n<td data-start=\"1136\" data-end=\"1166\" data-col-size=\"md\">Brushless haute efficacit\u00e9<\/td>\n<\/tr>\n<tr data-start=\"1167\" data-end=\"1195\">\n<td data-start=\"1167\" data-end=\"1186\" data-col-size=\"sm\">Largeur de coupe<\/td>\n<td data-start=\"1186\" data-end=\"1195\" data-col-size=\"md\">53 cm<\/td>\n<\/tr>\n<tr data-start=\"1196\" data-end=\"1228\">\n<td data-start=\"1196\" data-end=\"1215\" data-col-size=\"sm\">Bac de ramassage<\/td>\n<td data-start=\"1215\" data-end=\"1228\" data-col-size=\"md\">70 litres<\/td>\n<\/tr>\n<tr data-start=\"1229\" data-end=\"1309\">\n<td data-start=\"1229\" data-end=\"1246\" data-col-size=\"sm\">Modes de coupe<\/td>\n<td data-col-size=\"md\" data-start=\"1246\" data-end=\"1309\">Ramassage \/ Mulching \/ \u00c9jection arri\u00e8re \/ \u00c9jection lat\u00e9rale<\/td>\n<\/tr>\n<tr data-start=\"1310\" data-end=\"1363\">\n<td data-start=\"1310\" data-end=\"1329\" data-col-size=\"sm\">Hauteur de coupe<\/td>\n<td data-start=\"1329\" data-end=\"1363\" data-col-size=\"md\">5 positions, de ~ 25 \u00e0 ~ 80 mm<\/td>\n<\/tr>\n<tr data-start=\"1364\" data-end=\"1416\">\n<td data-start=\"1364\" data-end=\"1375\" data-col-size=\"sm\">Traction<\/td>\n<td data-start=\"1375\" data-end=\"1416\" data-col-size=\"md\">Roues arri\u00e8re motrices, autopropuls\u00e9e<\/td>\n<\/tr>\n<tr data-start=\"1417\" data-end=\"1442\">\n<td data-start=\"1417\" data-end=\"1425\" data-col-size=\"sm\">Poids<\/td>\n<td data-start=\"1425\" data-end=\"1442\" data-col-size=\"md\">environ 37 kg<\/td>\n<\/tr>\n<tr data-start=\"1443\" data-end=\"1514\">\n<td data-start=\"1443\" data-end=\"1465\" data-col-size=\"sm\">Surface recommand\u00e9e<\/td>\n<td data-col-size=\"md\" data-start=\"1465\" data-end=\"1514\">jusqu\u2019\u00e0 ~ 1000 m\u00b2 selon condition et batterie<\/td>\n<\/tr>\n<tr data-start=\"1515\" data-end=\"1581\">\n<td data-start=\"1515\" data-end=\"1534\" data-col-size=\"sm\">Vitesse variable<\/td>\n<td data-start=\"1534\" data-end=\"1581\" data-col-size=\"md\">Oui, r\u00e9gulateur de vitesse depuis le guidon<\/td>\n<\/tr>\n<tr data-start=\"1582\" data-end=\"1704\">\n<td data-start=\"1582\" data-end=\"1610\" data-col-size=\"sm\">Dimensions approximatives<\/td>\n<td data-col-size=\"md\" data-start=\"1610\" data-end=\"1704\">Longueur, largeur, hauteur : proportionn\u00e9es pour usage r\u00e9sidentiel avec rangement facilit\u00e9<\/td>\n<\/tr>\n<\/tbody>\n<\/table>\n<\/div>\n<\/div>","protected":false},"excerpt":{"rendered":"<p>Description du produit La Stiga Combi 955e V est une tondeuse sans fil autopropuls\u00e9e con\u00e7ue pour les pelouses de taille<\/p>","protected":false},"featured_media":19546,"template":"","meta":[],"product_brand":[],"product_cat":[64],"product_tag":[65],"product_country":[1503],"class_list":{"0":"post-297","1":"product","2":"type-product","3":"status-publish","4":"has-post-thumbnail","6":"product_cat-movers","7":"product_tag-movers","8":"product_country-france","10":"first","11":"instock","12":"sale","13":"taxable","14":"shipping-taxable","15":"purchasable","16":"product-type-simple"},"_links":{"self":[{"href":"https:\/\/routinesfashione.com\/nl\/wp-json\/wp\/v2\/product\/297","targetHints":{"allow":["GET"]}}],"collection":[{"href":"https:\/\/routinesfashione.com\/nl\/wp-json\/wp\/v2\/product"}],"about":[{"href":"https:\/\/routinesfashione.com\/nl\/wp-json\/wp\/v2\/types\/product"}],"wp:featuredmedia":[{"embeddable":true,"href":"https:\/\/routinesfashione.com\/nl\/wp-json\/wp\/v2\/media\/19546"}],"wp:attachment":[{"href":"https:\/\/routinesfashione.com\/nl\/wp-json\/wp\/v2\/media?parent=297"}],"wp:term":[{"taxonomy":"product_brand","embeddable":true,"href":"https:\/\/routinesfashione.com\/nl\/wp-json\/wp\/v2\/product_brand?post=297"},{"taxonomy":"product_cat","embeddable":true,"href":"https:\/\/routinesfashione.com\/nl\/wp-json\/wp\/v2\/product_cat?post=297"},{"taxonomy":"product_tag","embeddable":true,"href":"https:\/\/routinesfashione.com\/nl\/wp-json\/wp\/v2\/product_tag?post=297"},{"taxonomy":"product_country","embeddable":true,"href":"https:\/\/routinesfashione.com\/nl\/wp-json\/wp\/v2\/product_country?post=297"}],"curies":[{"name":"wp","href":"https:\/\/api.w.org\/{rel}","templated":true}]}}