{"id":3026,"date":"2025-09-30T20:51:13","date_gmt":"2025-09-30T20:51:13","guid":{"rendered":"https:\/\/lightgray-crow-170497.hostingersite.com\/?post_type=product&#038;p=3026"},"modified":"2025-09-30T20:51:13","modified_gmt":"2025-09-30T20:51:13","slug":"brasero-barbecue-bi-energy-gun-metal","status":"publish","type":"product","link":"https:\/\/routinesfashione.com\/nl\/produit\/brasero-barbecue-bi-energy-gun-metal\/","title":{"rendered":"Brasero Barbecue Bi-\u00c9nergie Gun Metal"},"content":{"rendered":"<h2>Description du produit<\/h2>\n<div lang=\"fr_FR\">\n<div class=\"aplus-v2 desktop celwidget\" data-csa-c-id=\"ig9xzc-ts7hqg-my3oxk-w9ln52\" data-cel-widget=\"aplus\">\n<div class=\"celwidget aplus-module 3p-module-b aplus-standard\" data-csa-c-id=\"cqb8yg-5pymcc-79knra-u1narf\" data-cel-widget=\"aplus-3p-module-b\">\n<div class=\"aplus-module-wrapper aplus-3p-fixed-width\">Brasero Barbecue Bi-\u00c9nergie Gun Metal<\/div>\n<div>\n<h2>Informations sur le produit<\/h2>\n<div class=\"a-row\">\n<div class=\"a-column a-span12 a-span-last\">\n<div class=\"a-row a-spacing-top-base\">\n<div class=\"a-column a-span6\">\n<div class=\"a-row a-spacing-base\">\n<div class=\"a-row a-expander-container a-expander-extend-container\">\n<div class=\"a-row\">\n<div class=\"a-column a-span6\">\n<h1 class=\"a-size-medium a-spacing-small\">Descriptif technique<\/h1>\n<\/div>\n<\/div>\n<div class=\"a-expander-content a-expander-extend-content\" data-expanded=\"true\">\n<div class=\"a-row a-expander-container a-expander-inline-container\">\n<div class=\"a-expander-content a-expander-section-content a-section-expander-inner\" data-expanded=\"true\">\n<table id=\"productDetails_techSpec_section_1\" class=\"a-keyvalue prodDetTable\">\n<tbody>\n<tr>\n<th class=\"a-color-secondary a-size-base prodDetSectionEntry\">Fabricant<\/th>\n<td class=\"a-size-base prodDetAttrValue\">\u200eBrasero<\/td>\n<\/tr>\n<tr>\n<th class=\"a-color-secondary a-size-base prodDetSectionEntry\"><\/th>\n<td class=\"a-size-base prodDetAttrValue\"><\/td>\n<\/tr>\n<tr>\n<th class=\"a-color-secondary a-size-base prodDetSectionEntry\">Couleur<\/th>\n<td class=\"a-size-base prodDetAttrValue\">\u200eGris M\u00e9tallis\u00e9<\/td>\n<\/tr>\n<tr>\n<th class=\"a-color-secondary a-size-base prodDetSectionEntry\">Finition<\/th>\n<td class=\"a-size-base prodDetAttrValue\">\u200ePeinte<\/td>\n<\/tr>\n<tr>\n<th class=\"a-color-secondary a-size-base prodDetSectionEntry\">Mati\u00e8re<\/th>\n<td class=\"a-size-base prodDetAttrValue\">\u200eFonte, M\u00e9tal<\/td>\n<\/tr>\n<tr>\n<th class=\"a-color-secondary a-size-base prodDetSectionEntry\">Tension<\/th>\n<td class=\"a-size-base prodDetAttrValue\">\u200e220 Volts<\/td>\n<\/tr>\n<tr>\n<th class=\"a-color-secondary a-size-base prodDetSectionEntry\">Watt<\/th>\n<td class=\"a-size-base prodDetAttrValue\">\u200e12.95 KW<\/td>\n<\/tr>\n<tr>\n<th class=\"a-color-secondary a-size-base prodDetSectionEntry\">M\u00e9thode d&#8217;installation<\/th>\n<td class=\"a-size-base prodDetAttrValue\">\u200eInt\u00e9gr\u00e9e<\/td>\n<\/tr>\n<tr>\n<th class=\"a-color-secondary a-size-base prodDetSectionEntry\">Mat\u00e9riau(x) de la poign\u00e9e\/du levier<\/th>\n<td class=\"a-size-base prodDetAttrValue\">\u200efonte<\/td>\n<\/tr>\n<tr>\n<th class=\"a-color-secondary a-size-base prodDetSectionEntry\">Fonctions sp\u00e9ciales<\/th>\n<td class=\"a-size-base prodDetAttrValue\">\u200eBi-\u00e9nergie, Hauteur r\u00e9glable<\/td>\n<\/tr>\n<tr>\n<th class=\"a-color-secondary a-size-base prodDetSectionEntry\">Poids<\/th>\n<td class=\"a-size-base prodDetAttrValue\">\u200e61 Kilogrammes<\/td>\n<\/tr>\n<tr>\n<th class=\"a-color-secondary a-size-base prodDetSectionEntry\">Garantie constructeur<\/th>\n<td class=\"a-size-base prodDetAttrValue\">\u200e2 ans.<\/td>\n<\/tr>\n<tr>\n<th class=\"a-color-secondary a-size-base prodDetSectionEntry\">Disponibilit\u00e9 des pi\u00e8ces d\u00e9tach\u00e9es<\/th>\n<td class=\"a-size-base prodDetAttrValue\">\u200eInformation indisponible sur les pi\u00e8ces d\u00e9tach\u00e9es<\/td>\n<\/tr>\n<\/tbody>\n<\/table>\n<h1 class=\"a-size-base-plus a-text-bold\">\u00c0 propos de cet article<\/h1>\n<ul class=\"a-unordered-list a-vertical a-spacing-mini\">\n<li class=\"a-spacing-mini\"><span class=\"a-list-item\">Une v\u00e9ritable cuisine d&#8217;ext\u00e9rieur : le barbecue Bi-energy XL est polyvalent ! Vous appr\u00e9cierez sa flexibilit\u00e9, entre plancha et barbecue. Il sera parfait pour vos moments de convivialit\u00e9. Id\u00e9al pour servir 14 convives autour de la table. Le barbecue Bi-Energy deviendra votre nouvelle cuisine d&#8217;ext\u00e9rieur !<\/span><\/li>\n<li class=\"a-spacing-mini\"><span class=\"a-list-item\">Surprenante efficacit\u00e9 : le barbecue Bi-energy combine rapidit\u00e9 d&#8217;allumage avec 3 br\u00fbleurs puissants de 10,8 kW et un br\u00fbleur lat\u00e9ral de 2,15 kW. Sa vaste surface de cuisson inclut une partie barbecue au charbon et une plancha au gaz, id\u00e9ale pour des repas conviviaux et des recettes vari\u00e9es. La manivelle ajuste la hauteur du bac \u00e0 charbon pour un contr\u00f4le pr\u00e9cis de la cuisson selon vos pr\u00e9f\u00e9rences.<\/span><\/li>\n<li class=\"a-spacing-mini\"><span class=\"a-list-item\">Un Barbecue 3 en 1 avec Plancha &amp; Barbecue : unique en son genre, il fonctionne au gaz ou au charbon. Profitez d&#8217;une grille de cuisson en fonte de 49 x 42 cm et d&#8217;une plancha de 60 x 42 cm pour varier les cuissons selon vos envies. Gardez le go\u00fbt fum\u00e9 du charbon et utilisez le br\u00fbleur lat\u00e9ral pour mijoter vos accompagnements. Id\u00e9al pour une cuisine d&#8217;\u00e9t\u00e9 polyvalente !<\/span><\/li>\n<li class=\"a-spacing-mini\"><span class=\"a-list-item\">Pratique et bien \u00e9quip\u00e9, le Barbecue Bi-Energy vous offre 2 tablettes pratiques, un panier de rangement pour condiments, et 6 crochets pour suspendre vos ustensiles. Son bac de stockage en acier peint permet de ranger le charbon. Le capot de la partie barbecue charbon int\u00e8gre un thermom\u00e8tre et un d\u00e9capsuleur. Les 4 roues assurent stabilit\u00e9 et mobilit\u00e9. Le r\u00e9cup\u00e9rateur de graisses est facile \u00e0 nettoyer.<\/span><\/li>\n<li class=\"a-spacing-mini\"><span class=\"a-list-item\">Brasero une marque Favex: marque fran\u00e7aise avec plus de 40 ans d&#8217;exp\u00e9rience, les barbecues &amp; planchas Brasero vous offrent la meilleure qualit\u00e9 en mati\u00e8re d&#8217;appareils de cuisson pour ext\u00e9rieur.<\/span><\/li>\n<\/ul>\n<\/div>\n<\/div>\n<\/div>\n<\/div>\n<\/div>\n<\/div>\n<\/div>\n<\/div>\n<\/div>\n<\/div>\n<\/div>\n<\/div>\n<\/div>","protected":false},"excerpt":{"rendered":"<p>Description du produit Brasero Barbecue Bi-\u00c9nergie Gun Metal Informations sur le produit Descriptif technique Fabricant \u200eBrasero Couleur \u200eGris M\u00e9tallis\u00e9 Finition<\/p>","protected":false},"featured_media":15072,"template":"","meta":[],"product_brand":[],"product_cat":[61],"product_tag":[1514],"product_country":[1503],"class_list":{"0":"post-3026","1":"product","2":"type-product","3":"status-publish","4":"has-post-thumbnail","6":"product_cat-sale-france","7":"product_tag-sale-france","8":"product_country-france","10":"first","11":"instock","12":"sale","13":"taxable","14":"shipping-taxable","15":"purchasable","16":"product-type-simple"},"_links":{"self":[{"href":"https:\/\/routinesfashione.com\/nl\/wp-json\/wp\/v2\/product\/3026","targetHints":{"allow":["GET"]}}],"collection":[{"href":"https:\/\/routinesfashione.com\/nl\/wp-json\/wp\/v2\/product"}],"about":[{"href":"https:\/\/routinesfashione.com\/nl\/wp-json\/wp\/v2\/types\/product"}],"wp:featuredmedia":[{"embeddable":true,"href":"https:\/\/routinesfashione.com\/nl\/wp-json\/wp\/v2\/media\/15072"}],"wp:attachment":[{"href":"https:\/\/routinesfashione.com\/nl\/wp-json\/wp\/v2\/media?parent=3026"}],"wp:term":[{"taxonomy":"product_brand","embeddable":true,"href":"https:\/\/routinesfashione.com\/nl\/wp-json\/wp\/v2\/product_brand?post=3026"},{"taxonomy":"product_cat","embeddable":true,"href":"https:\/\/routinesfashione.com\/nl\/wp-json\/wp\/v2\/product_cat?post=3026"},{"taxonomy":"product_tag","embeddable":true,"href":"https:\/\/routinesfashione.com\/nl\/wp-json\/wp\/v2\/product_tag?post=3026"},{"taxonomy":"product_country","embeddable":true,"href":"https:\/\/routinesfashione.com\/nl\/wp-json\/wp\/v2\/product_country?post=3026"}],"curies":[{"name":"wp","href":"https:\/\/api.w.org\/{rel}","templated":true}]}}