{"id":3037,"date":"2025-09-30T20:51:12","date_gmt":"2025-09-30T20:51:12","guid":{"rendered":"https:\/\/lightgray-crow-170497.hostingersite.com\/?post_type=product&#038;p=3037"},"modified":"2025-09-30T20:51:13","modified_gmt":"2025-09-30T20:51:13","slug":"pit-boss-memphis-ultimate-gas-und-holzkohle-kombi-grill-mit-smoker-art-nr-10707-3-vorauskassa","status":"publish","type":"product","link":"https:\/\/routinesfashione.com\/nl\/produit\/pit-boss-memphis-ultimate-gas-und-holzkohle-kombi-grill-mit-smoker-art-nr-10707-3-vorauskassa\/","title":{"rendered":"Pit Boss Memphis Ultimate Barbecue combin\u00e9 \u00e0 gaz et charbon de bois avec fumoir Article n\u00b0 10707 3 % de pr\u00e9paiement"},"content":{"rendered":"<h2 class=\"default\">Description du produit<\/h2>\n<div id=\"productDescription\" class=\"a-section a-spacing-small\">\n<p>Surface totale de cuisson : Surface de cuisson : 14 cm\u00b2 Fumoir \u00e9lectrique : 8 cm\u00b2 3 br\u00fbleurs en acier inoxydable &#8211; 36 000 BTU LP &#8211; Grille \u00e0 charbon avec grille de charbon r\u00e9glable et amortisseurs d&#8217;air &#8211; Fumoir \u00e9lectrique analogique inf\u00e9rieur avec acc\u00e8s frontal &#8211; Surface de cuisson en fonte rev\u00eatue de porcelaine &#8211; Grille de chauffage recouverte de porcelaine &#8211; A\u00e9rateurs r\u00e9glables permettant \u00e0 la fum\u00e9e de remplir le LP ou la chambre \u00e0 charbon pour \u00e9vacuer la fum\u00e9e &#8211; \u00c9l\u00e9ment de fumoir \u00e9lectrique de 1500 W &#8211; 4 roulettes &#8211; Peut \u00eatre utilis\u00e9 comme un barbecue \u00e0 gaz liquide, un barbecue \u00e0 charbon, une chemin\u00e9e fumoir ou un br\u00fbleur infrarouge 4-en-1 fumoir pour barbecue.<\/p>\n<h2>Informations sur le produit<\/h2>\n<div class=\"a-row\">\n<div class=\"a-column a-span12 a-span-last\">\n<div class=\"a-row a-spacing-top-base\">\n<div class=\"a-column a-span6\">\n<div class=\"a-row a-spacing-base\">\n<div class=\"a-row a-expander-container a-expander-extend-container\">\n<div class=\"a-row\">\n<div class=\"a-column a-span6\">\n<h1 class=\"a-size-medium a-spacing-small\">Descriptif technique<\/h1>\n<\/div>\n<\/div>\n<div class=\"a-expander-content a-expander-extend-content\" data-expanded=\"true\">\n<div class=\"a-row a-expander-container a-expander-inline-container\">\n<div class=\"a-expander-content a-expander-section-content a-section-expander-inner\" data-expanded=\"true\">\n<table id=\"productDetails_techSpec_section_1\" class=\"a-keyvalue prodDetTable\">\n<tbody>\n<tr>\n<th class=\"a-color-secondary a-size-base prodDetSectionEntry\">Dimensions du produit (L x l x h)<\/th>\n<td class=\"a-size-base prodDetAttrValue\">\u200e123,19 x 58,42 x 76,2 cm; 63,96 kilogrammes<\/td>\n<\/tr>\n<tr>\n<th class=\"a-color-secondary a-size-base prodDetSectionEntry\">R\u00e9f\u00e9rence<\/th>\n<td class=\"a-size-base prodDetAttrValue\">\u200e10617-B07FPV76FG<\/td>\n<\/tr>\n<tr>\n<th class=\"a-color-secondary a-size-base prodDetSectionEntry\">Type de mat\u00e9riau<\/th>\n<td class=\"a-size-base prodDetAttrValue\">\u200eAcier inoxydable<\/td>\n<\/tr>\n<tr>\n<th class=\"a-color-secondary a-size-base prodDetSectionEntry\">Source d&#8217;alimentation<\/th>\n<td class=\"a-size-base prodDetAttrValue\">\u200eGaz de p\u00e9trole liqu\u00e9fi\u00e9<\/td>\n<\/tr>\n<tr>\n<th class=\"a-color-secondary a-size-base prodDetSectionEntry\">Disponibilit\u00e9 des pi\u00e8ces d\u00e9tach\u00e9es<\/th>\n<td class=\"a-size-base prodDetAttrValue\">\u200eInformation indisponible sur les pi\u00e8ces d\u00e9tach\u00e9es<\/td>\n<\/tr>\n<\/tbody>\n<\/table>\n<h1 class=\"a-size-base-plus a-text-bold\">\u00c0 propos de cet article<\/h1>\n<ul class=\"a-unordered-list a-vertical a-spacing-mini\">\n<li class=\"a-spacing-mini\"><span class=\"a-list-item\">Ce barbecue fumoir Pit Boss est un excellent \u00e9l\u00e9ment pour un foyer. Ce barbecue et fumoir Memphis est capable de cuire vos aliments de diff\u00e9rentes mani\u00e8res, selon vos envies.<\/span><\/li>\n<li class=\"a-spacing-mini\"><span class=\"a-list-item\">N\u00e9cessite quelques \u00e9tapes de montage<\/span><\/li>\n<\/ul>\n<\/div>\n<\/div>\n<\/div>\n<\/div>\n<\/div>\n<\/div>\n<\/div>\n<\/div>\n<\/div>\n<\/div>","protected":false},"excerpt":{"rendered":"<p>Description du produit Surface totale de cuisson : Surface de cuisson : 14 cm\u00b2 Fumoir \u00e9lectrique : 8 cm\u00b2 3<\/p>","protected":false},"featured_media":15086,"template":"","meta":[],"product_brand":[],"product_cat":[61],"product_tag":[1514],"product_country":[1503],"class_list":{"0":"post-3037","1":"product","2":"type-product","3":"status-publish","4":"has-post-thumbnail","6":"product_cat-sale-france","7":"product_tag-sale-france","8":"product_country-france","10":"first","11":"instock","12":"sale","13":"taxable","14":"shipping-taxable","15":"purchasable","16":"product-type-simple"},"_links":{"self":[{"href":"https:\/\/routinesfashione.com\/nl\/wp-json\/wp\/v2\/product\/3037","targetHints":{"allow":["GET"]}}],"collection":[{"href":"https:\/\/routinesfashione.com\/nl\/wp-json\/wp\/v2\/product"}],"about":[{"href":"https:\/\/routinesfashione.com\/nl\/wp-json\/wp\/v2\/types\/product"}],"wp:featuredmedia":[{"embeddable":true,"href":"https:\/\/routinesfashione.com\/nl\/wp-json\/wp\/v2\/media\/15086"}],"wp:attachment":[{"href":"https:\/\/routinesfashione.com\/nl\/wp-json\/wp\/v2\/media?parent=3037"}],"wp:term":[{"taxonomy":"product_brand","embeddable":true,"href":"https:\/\/routinesfashione.com\/nl\/wp-json\/wp\/v2\/product_brand?post=3037"},{"taxonomy":"product_cat","embeddable":true,"href":"https:\/\/routinesfashione.com\/nl\/wp-json\/wp\/v2\/product_cat?post=3037"},{"taxonomy":"product_tag","embeddable":true,"href":"https:\/\/routinesfashione.com\/nl\/wp-json\/wp\/v2\/product_tag?post=3037"},{"taxonomy":"product_country","embeddable":true,"href":"https:\/\/routinesfashione.com\/nl\/wp-json\/wp\/v2\/product_country?post=3037"}],"curies":[{"name":"wp","href":"https:\/\/api.w.org\/{rel}","templated":true}]}}