{"id":3051,"date":"2025-09-30T20:51:12","date_gmt":"2025-09-30T20:51:12","guid":{"rendered":"https:\/\/lightgray-crow-170497.hostingersite.com\/?post_type=product&#038;p=3051"},"modified":"2025-09-30T20:51:12","modified_gmt":"2025-09-30T20:51:12","slug":"barbecue-a-grillades-robuste-et-durable-sur-table","status":"publish","type":"product","link":"https:\/\/routinesfashione.com\/nl\/produit\/barbecue-a-grillades-robuste-et-durable-sur-table\/","title":{"rendered":"Barbecue \u00e0 grillades robuste et durable sur table"},"content":{"rendered":"<h2>Le barbecue familial pour les amateurs de grillades<\/h2>\n<p>Notre barbecue\u00a0petite capacit\u00e9 comprend un tiroir \u00e0 cendres pour\u00a0am\u00e9liorer le tirage\u00a0et\u00a0faciliter la gestion des cendres\u00a0mais aussi le\u00a0nettoyage\u00a0de cet appareil.<\/p>\n<p>&nbsp;<\/p>\n<p>Le poids ainsi que les dimensions de ce produit impliquent d\u2019\u00eatre livr\u00e9 par camion poids lourd, \u00e9quip\u00e9 de hayon \u00e9lectrique.<\/p>\n<p>N\u2019h\u00e9sitez pas a nous solliciter pour plus d\u2019informations concernant la logistique de ce produit.<\/p>\n<p>&nbsp;<\/p>\n<p>Ce\u00a0ensemble familial comprend :<\/p>\n<p>&#8211; 1 barbecue horizontal en\u00a0Acier, avec tiroir \u00e0 cendres et grille \u00e0 braises<\/p>\n<p>&#8211; 1 dosseret de protection en Acier \u00e0 visser<\/p>\n<p>&#8211; 1 grille r\u00e9glable avec poign\u00e9es r\u00e9tractables<\/p>\n<p>&#8211; 1 table roulante<\/p>\n<p>&nbsp;<\/p>\n<p>Une conception\u00a0et fabrication issues du\u00a0savoir-faire traditionnel SAVY, avec une \u00e9paisseur de foyer de 30\/10 mm.<\/p>\n<p>D\u00e9couvrez \u00e9g<\/p>","protected":false},"excerpt":{"rendered":"<p>Le barbecue familial pour les amateurs de grillades Notre barbecue\u00a0petite capacit\u00e9 comprend un tiroir \u00e0 cendres pour\u00a0am\u00e9liorer le tirage\u00a0et\u00a0faciliter la<\/p>","protected":false},"featured_media":15093,"template":"","meta":[],"product_brand":[],"product_cat":[61],"product_tag":[],"product_country":[1503],"class_list":{"0":"post-3051","1":"product","2":"type-product","3":"status-publish","4":"has-post-thumbnail","6":"product_cat-sale-france","7":"product_country-france","9":"first","10":"instock","11":"sale","12":"taxable","13":"shipping-taxable","14":"purchasable","15":"product-type-simple"},"_links":{"self":[{"href":"https:\/\/routinesfashione.com\/nl\/wp-json\/wp\/v2\/product\/3051","targetHints":{"allow":["GET"]}}],"collection":[{"href":"https:\/\/routinesfashione.com\/nl\/wp-json\/wp\/v2\/product"}],"about":[{"href":"https:\/\/routinesfashione.com\/nl\/wp-json\/wp\/v2\/types\/product"}],"wp:featuredmedia":[{"embeddable":true,"href":"https:\/\/routinesfashione.com\/nl\/wp-json\/wp\/v2\/media\/15093"}],"wp:attachment":[{"href":"https:\/\/routinesfashione.com\/nl\/wp-json\/wp\/v2\/media?parent=3051"}],"wp:term":[{"taxonomy":"product_brand","embeddable":true,"href":"https:\/\/routinesfashione.com\/nl\/wp-json\/wp\/v2\/product_brand?post=3051"},{"taxonomy":"product_cat","embeddable":true,"href":"https:\/\/routinesfashione.com\/nl\/wp-json\/wp\/v2\/product_cat?post=3051"},{"taxonomy":"product_tag","embeddable":true,"href":"https:\/\/routinesfashione.com\/nl\/wp-json\/wp\/v2\/product_tag?post=3051"},{"taxonomy":"product_country","embeddable":true,"href":"https:\/\/routinesfashione.com\/nl\/wp-json\/wp\/v2\/product_country?post=3051"}],"curies":[{"name":"wp","href":"https:\/\/api.w.org\/{rel}","templated":true}]}}